{"id":1050,"date":"2024-06-24T13:09:26","date_gmt":"2024-06-24T18:09:26","guid":{"rendered":"https:\/\/corporaciongonza.com\/?post_type=product&#038;p=1050"},"modified":"2025-02-24T09:10:35","modified_gmt":"2025-02-24T14:10:35","slug":"toner-hp-cf258x-58x-l-j-p-m404-negro-original","status":"publish","type":"product","link":"https:\/\/corporaciongonza.com\/index.php\/product\/toner-hp-cf258x-58x-l-j-p-m404-negro-original\/","title":{"rendered":"TONER HP CF258X (58X) L.J.P M404 NEGRO &#8211; ORIGINAL"},"content":{"rendered":"<h1 class=\"mb-3\">TONER HP CF258X (58X) L.J.P M404 NEGRO<\/h1>\n<p>Los cartuchos de t\u00f3ner HP originales con JetIntelligence ofrecen p\u00e1ginas de calidad profesional, opciones de alto rendimiento, m\u00e1ximo rendimiento de impresi\u00f3n y la innovadora tecnolog\u00eda antifraude de HP. Ayude a reducir los costos con el t\u00f3ner negro HP EcoSmart de bajo consumo.<\/p>\n<p>9 de cada 10 t\u00e9cnicos de impresora encuestados recomiendan los Cartuchos de T\u00f3ner Originales de HP.<\/p>\n<p>&nbsp;<\/p>\n<h2>Cartuchos y Cabezales de Impresi\u00f3n:<\/h2>\n<p><strong>-Rendimiento<\/strong>: 10000 PAGINAS<\/p>\n<p><strong>-Rendimiento<\/strong> <strong>de la<\/strong> <strong>p\u00e1gina<\/strong> (blanco y negro) :~10.000 p\u00e1ginas<\/p>\n<p><strong>-Color(es) de consumibles de impresi\u00f3n:<\/strong> Negro<\/p>\n<h3><\/h3>\n<h3>Nombres de productos:<\/h3>\n<p>-Subgrupo de producto :Cartuchos de t\u00f3ner de alta capacidad<\/p>\n<p>&nbsp;<\/p>\n<h3>Geograf\u00eda:<\/h3>\n<p>-Pa\u00eds de origen: Fabricado en Jap\u00f3n<\/p>\n<h3>Dimensiones:<\/h3>\n<p>-Dimensiones m\u00ednimas (anch. x prof. x alt.): 373x122x227 mm<\/p>\n<p>-Dimensiones del embalaje (An x F x Al) :373x122x227 mm<\/p>\n<p>&nbsp;<\/p>\n<h2>Garant\u00eda:<\/h2>\n<h3>Garant\u00eda:<\/h3>\n<p>-Garant\u00eda de protecci\u00f3n HP Premium. Este producto HP est\u00e1 garantizado de estar libre de defectos de fabricaci\u00f3n y mano de obra.<\/p>\n<h3>Garant\u00eda:<\/h3>\n<p>-Garant\u00eda de protecci\u00f3n HP Premium. Este producto HP est\u00e1 garantizado de estar libre de defectos de fabricaci\u00f3n y mano de obra. Esta garant\u00eda no se aplica a cartuchos de impresi\u00f3n que (a) hayan sido renovados, reacondicionados o modificados de alguna forma, (b) presenten problemas que resulten del uso incorrecto, almacenamiento inadecuado o que se hayan utilizado fuera de las especificaciones medioambientales publicadas para el producto de impresora, o (c) presenten un desgaste distinto al normal. Para obtener el servicio de garant\u00eda, devuelva el producto al lugar donde lo adquiri\u00f3 (con una descripci\u00f3n por escrito del problema y muestras de impresi\u00f3n) o p\u00f3ngase en contacto con el servicio de atenci\u00f3n al cliente de HP. Seg\u00fan su criterio exclusivo, HP devolver\u00e1 el importe de la compra o reemplazar\u00e1 los productos que resulten ser defectuosos. EN LA MEDIDA EN QUE LO PERMITA LA LEGISLACI\u00d3N LOCAL, LA GARANT\u00cdA QUE ANTECEDE ES EXCLUSIVA Y PREVALECE SOBRE CUALQUIER OTRA GARANT\u00cdA O CONDICI\u00d3N, ESCRITA U ORAL, EXPRESA O IMPL\u00cdCITA, Y HP RECHAZA DE FORMA ESPEC\u00cdFICA CUALQUIER GARANT\u00cdA IMPL\u00cdCITA O CONDICI\u00d3N DE COMERCIALIZACI\u00d3N, CALIDAD SATISFACTORIA Y ADECUACI\u00d3N PARA UN FIN EN PARTICULAR. EN LA MEDIDA EN QUE LO PERMITAN LAS LEYES LOCALES, NI HP NI SUS PROVEEDORES SER\u00c1N RESPONSABLES DE DA\u00d1OS Y PERJUICIOS DIRECTOS, INDIRECTOS, FORTUITOS, CONSECUENTES (INCLUYENDO P\u00c9RDIDAS ECON\u00d3MICAS O DE DATOS) O DE OTRO TIPO, INDEPENDIENTEMENTE DE QUE SE BASEN EN UN CONTRATO, EN RESPONSABILIDADES EXTRACONTRACTUALES O EN OTROS MOTIVOS. LOS T\u00c9RMINOS DE GARANT\u00cdA CONTENIDOS EN ESTA DECLARACI\u00d3N, EXCEPTO EN LA MEDIDA EN QUE LO PERMITA LA LEGISLACI\u00d3N, NO EXCLUYEN, RESTRINGEN O MODIFICAN LOS DERECHOS ESTATUTARIOS OBLIGATORIOS APLICABLES A LA VENTA DE ESTE PRODUCTO A USTED.<\/p>\n<p>&nbsp;<\/p>\n<h2>Ambiental:<\/h2>\n<p><strong>Margen de temperaturas operativas<\/strong> :10 a 32.5 \u00b0C<\/p>\n<p><strong>Humedad durante almacenamiento<\/strong> :De 10 a 90% HR<\/p>\n<p><strong>Intervalo de humedad en funcionamiento<\/strong>: De 20 a 80% HR<\/p>\n<p><strong>Temperatura de almacenamiento: l\u00edmites:<\/strong> -20 a 40 \u00b0C<\/p>\n<p>&nbsp;<\/p>\n<p>&nbsp;<\/p>\n<h2>Pesos:<\/h2>\n<p><strong>Peso Aproximadamente<\/strong>, 0,97 kg<\/p>\n<p><strong>Peso del embalaje\u00a0 Aproximadamente<\/strong>, 1,35 kg<\/p>\n<p><strong>Peso del embalaje<\/strong>\u00a0 ~2.97 lb<\/p>\n<p>&nbsp;<\/p>\n<p>&nbsp;<\/p>\n<p>&nbsp;<\/p>\n<p>&nbsp;<\/p>\n<p>&nbsp;<\/p>\n<p>&nbsp;<\/p>\n<p>&nbsp;<\/p>\n<p>&nbsp;<\/p>\n<p>&nbsp;<\/p>\n<p>&nbsp;<\/p>\n<p>&nbsp;<\/p>\n","protected":false},"excerpt":{"rendered":"<blockquote>\n<h2 class=\"mb-3\">Detalles del producto<\/h2>\n<\/blockquote>\n<div class=\"product-single-w3l\">\n<ul>\n<li class=\"mb-1\"><strong>C\u00f3digo:<\/strong> 0506-014961<\/li>\n<li class=\"mb-1\"><strong>C\u00f3digo Interno:<\/strong> TOHPCF258X<\/li>\n<li class=\"mb-1\"><strong>PartNumber:<\/strong> CF258X<\/li>\n<li class=\"mb-1\"><strong>Marca:<\/strong> HEWLETT PACKARD<\/li>\n<li class=\"mb-1\"><b>L\u00ednea:<\/b> SUMINISTROS<\/li>\n<li class=\"mb-1\"><b>Sublinea:<\/b> SUMINISTROS DE IMP. LASER<\/li>\n<li class=\"mb-1\"><b>Grupo:<\/b> TONERS PARA IMPRESORA<\/li>\n<li class=\"mb-1\"><strong>Color:<\/strong> Negro<\/li>\n<li class=\"mb-1\"><strong>Compatibilidad:<\/strong> HP LaserJet Pro M404 Printer series, HP LaserJet Pro M428 Printer series<\/li>\n<li class=\"mb-1\"><strong>Rendimiento:<\/strong> 10,000 paginas<\/li>\n<\/ul>\n<\/div>\n","protected":false},"featured_media":1051,"comment_status":"open","ping_status":"closed","template":"","meta":{"advanced_seo_description":"","jetpack_seo_html_title":"","jetpack_seo_noindex":false,"_joinchat":[]},"pwb-brand":[69],"product_cat":[15,131],"product_tag":[171,173,172,170],"jetpack_sharing_enabled":true,"brands":[{"id":69,"name":"HP","slug":"hp"}],"_links":{"self":[{"href":"https:\/\/corporaciongonza.com\/index.php\/wp-json\/wp\/v2\/product\/1050"}],"collection":[{"href":"https:\/\/corporaciongonza.com\/index.php\/wp-json\/wp\/v2\/product"}],"about":[{"href":"https:\/\/corporaciongonza.com\/index.php\/wp-json\/wp\/v2\/types\/product"}],"replies":[{"embeddable":true,"href":"https:\/\/corporaciongonza.com\/index.php\/wp-json\/wp\/v2\/comments?post=1050"}],"wp:featuredmedia":[{"embeddable":true,"href":"https:\/\/corporaciongonza.com\/index.php\/wp-json\/wp\/v2\/media\/1051"}],"wp:attachment":[{"href":"https:\/\/corporaciongonza.com\/index.php\/wp-json\/wp\/v2\/media?parent=1050"}],"wp:term":[{"taxonomy":"pwb-brand","embeddable":true,"href":"https:\/\/corporaciongonza.com\/index.php\/wp-json\/wp\/v2\/pwb-brand?post=1050"},{"taxonomy":"product_cat","embeddable":true,"href":"https:\/\/corporaciongonza.com\/index.php\/wp-json\/wp\/v2\/product_cat?post=1050"},{"taxonomy":"product_tag","embeddable":true,"href":"https:\/\/corporaciongonza.com\/index.php\/wp-json\/wp\/v2\/product_tag?post=1050"}],"curies":[{"name":"wp","href":"https:\/\/api.w.org\/{rel}","templated":true}]}}