{"id":1057,"date":"2024-06-26T11:56:16","date_gmt":"2024-06-26T16:56:16","guid":{"rendered":"https:\/\/corporaciongonza.com\/?post_type=product&#038;p=1057"},"modified":"2025-11-18T21:48:58","modified_gmt":"2025-11-19T02:48:58","slug":"toner-hp-cf226x-26x-l-j-p-m402-negro-9-0k-pag-original","status":"publish","type":"product","link":"https:\/\/corporaciongonza.com\/index.php\/product\/toner-hp-cf226x-26x-l-j-p-m402-negro-9-0k-pag-original\/","title":{"rendered":"TONER HP CF226X (26X) L.J.P M402 NEGRO 9.0K PAG &#8211; ORIGINAL"},"content":{"rendered":"<h1 class=\"mb-3\">TONER HP CF226X (26X) L.J.P M402 NEGRO 9.0K PAG<\/h1>\n<p>&nbsp;<\/p>\n<p>Cuente con los cartuchos de t\u00f3ner original HP de alta capacidad con JetIntelligence para imprimir m\u00e1s p\u00e1ginas que nunca a altas velocidades, adem\u00e1s de la tecnolog\u00eda antifraude que ayuda a asegurar la calidad uniforme de HP que espera, algo que la competencia no puede igualar.<\/p>\n<div class=\"textos-dif\">\n<p><strong>Resultados que sorprenden<\/strong>Conf\u00ede en el rendimiento uniforme de HP, tanto si imprime en blanco y negro como en color. Los cartuchos de t\u00f3ner originales HP est\u00e1n dise\u00f1ados para funcionar desde la primera vez, siempre.<\/p>\n<\/div>\n<p>&nbsp;<\/p>\n<h3>Cartuchos y Cabezales de Impresi\u00f3n<\/h3>\n<p><strong>Rendimiento<\/strong> : 9000<\/p>\n<p><strong>Rendimiento de la p\u00e1gina (blanco y negro) : A<\/strong>proximadamente 9000 p\u00e1ginas<\/p>\n<p><strong>Color(es) de consumibles de impresi\u00f3n : <\/strong>Negro<\/p>\n<p>&nbsp;<\/p>\n<h3>Embalaje<\/h3>\n<p>-N\u00famero de apilado para caja de cart\u00f3n :20<\/p>\n<h3>Nombres de productos<\/h3>\n<p>-Subgrupo de producto : Cartuchos de t\u00f3ner de alta capacidad<\/p>\n<h3>Geograf\u00eda<\/h3>\n<p>-Pa\u00eds de origen : Fabricado en Estados Unidos y Jap\u00f3n<\/p>\n<p>&nbsp;<\/p>\n<h3>Dimensiones<\/h3>\n<p>-Dimensiones m\u00ednimas (anch. x prof. x alt.) :362 x 102 x 227 mm<\/p>\n<p>-Dimensiones del embalaje (An x F x Al) :362 x 102 x 227 mm<\/p>\n<p>-Dimensiones m\u00ednimas (anch. x prof. x alt.) :14,25 x 4,02 x 8,94 pulg.<\/p>\n<p>-Dimensiones del embalaje (An x F x Al) :14,25 x 4,02 x 8,94 pulg.<\/p>\n<p>&nbsp;<\/p>\n<p>&nbsp;<\/p>\n<h2>Garant\u00eda:<\/h2>\n<p>Garant\u00eda de protecci\u00f3n HP Premium. Este producto HP est\u00e1 garantizado de estar libre de defectos de fabricaci\u00f3n y mano de obra. Esta garant\u00eda no se aplica a cartuchos de impresi\u00f3n que (a) hayan sido renovados, reacondicionados o modificados de alguna forma, (b) presenten problemas que resulten del uso incorrecto, almacenamiento inadecuado o que se hayan utilizado fuera de las especificaciones medioambientales publicadas para el producto de impresora, o (c) presenten un desgaste distinto al normal. Para obtener el servicio de garant\u00eda, devuelva el producto al lugar donde lo adquiri\u00f3 (con una descripci\u00f3n por escrito del problema y muestras de impresi\u00f3n) o p\u00f3ngase en contacto con el servicio de atenci\u00f3n al cliente de HP. Seg\u00fan su criterio exclusivo, HP devolver\u00e1 el importe de la compra o reemplazar\u00e1 los productos que resulten ser defectuosos. EN LA MEDIDA EN QUE LO PERMITA LA LEGISLACI\u00d3N LOCAL, LA GARANT\u00cdA QUE ANTECEDE ES EXCLUSIVA Y PREVALECE SOBRE CUALQUIER OTRA GARANT\u00cdA O CONDICI\u00d3N, ESCRITA U ORAL, EXPRESA O IMPL\u00cdCITA, Y HP RECHAZA DE FORMA ESPEC\u00cdFICA CUALQUIER GARANT\u00cdA IMPL\u00cdCITA O CONDICI\u00d3N DE COMERCIALIZACI\u00d3N, CALIDAD SATISFACTORIA Y ADECUACI\u00d3N PARA UN FIN EN PARTICULAR. EN LA MEDIDA EN QUE LO PERMITAN LAS LEYES LOCALES, NI HP NI SUS PROVEEDORES SER\u00c1N RESPONSABLES DE DA\u00d1OS Y PERJUICIOS DIRECTOS, INDIRECTOS, FORTUITOS, CONSECUENTES (INCLUYENDO P\u00c9RDIDAS ECON\u00d3MICAS O DE DATOS) O DE OTRO TIPO, INDEPENDIENTEMENTE DE QUE SE BASEN EN UN CONTRATO, EN RESPONSABILIDADES EXTRACONTRACTUALES O EN OTROS MOTIVOS. LOS T\u00c9RMINOS DE GARANT\u00cdA CONTENIDOS EN ESTA DECLARACI\u00d3N, EXCEPTO EN LA MEDIDA EN QUE LO PERMITA LA LEGISLACI\u00d3N, NO EXCLUYEN, RESTRINGEN O MODIFICAN LOS DERECHOS ESTATUTARIOS OBLIGATORIOS APLICABLES A LA VENTA DE ESTE PRODUCTO A USTED.<\/p>\n<p>&nbsp;<\/p>\n<p>&nbsp;<\/p>\n<h2>Ambiental:<\/h2>\n<p><strong>-Margen de temperaturas operativas<\/strong> :10 a 32.5 \u00b0C<\/p>\n<p><strong>-Humedad durante almacenamiento :<\/strong>De 10 a 90% HR<\/p>\n<p><strong>-Intervalo de humedad en funcionamiento:<\/strong>De 20 a 80% HR<\/p>\n<p><strong>-Temperatura de almacenamiento: l\u00edmites:-<\/strong>20 a 40 \u00b0C<\/p>\n<p>&nbsp;<\/p>\n<p>&nbsp;<\/p>\n<h3>Contenido de la caja<\/h3>\n<p>-Cartuchos de t\u00f3ner; Gu\u00eda de reciclaje<\/p>\n<h3>Compatibilidad<\/h3>\n<p>-Compatibilidad con hardware: Impresora HP LaserJet Pro serie M402, impresora MFP HP LaserJet Pro M426<\/p>\n<h3>Pesos<\/h3>\n<p>-Peso Aproximadamente, 0,93 kg<\/p>\n<p>-Peso del embalaje Aproximadamente, 1,23 kg<\/p>\n<p>-Peso del embalaje 2,71 lb<\/p>\n<p>&nbsp;<\/p>\n<h3>Especificaciones de la Impresora<\/h3>\n<p>-Tecnolog\u00eda de impresi\u00f3n :L\u00e1ser<\/p>\n<p>&nbsp;<\/p>\n<p>&nbsp;<\/p>\n","protected":false},"excerpt":{"rendered":"<h2 class=\"mb-3\">Detalles del producto<\/h2>\n<div class=\"product-single-w3l\">\n<ul>\n<li class=\"mb-1\"><strong>C\u00f3digo<\/strong>: 0506-013059<\/li>\n<li class=\"mb-1\"><strong>C\u00f3digo<\/strong> Interno: TOHPCF226X<\/li>\n<li class=\"mb-1\"><strong>PartNumber:<\/strong> CF226X<\/li>\n<li class=\"mb-1\"><strong>Marca:<\/strong> HEWLETT PACKARD<\/li>\n<li class=\"mb-1\"><b>L\u00ednea:<\/b> SUMINISTROS<\/li>\n<li class=\"mb-1\"><b>Sublinea:<\/b> SUMINISTROS DE IMP. LASER<\/li>\n<li class=\"mb-1\"><b>Grupo:<\/b> TONERS PARA IMPRESORA<\/li>\n<li class=\"mb-1\"><strong>Color:<\/strong> Negro<\/li>\n<li class=\"mb-1\"><strong>Compatibilidad:<\/strong> HP LaserJet Pro M402 series, HP LaserJet Pro MFP M426 series.<\/li>\n<li class=\"mb-1\"><strong>Rendimiento:<\/strong> 9000 p\u00e1ginas.<\/li>\n<\/ul>\n<\/div>\n","protected":false},"featured_media":2823,"comment_status":"open","ping_status":"closed","template":"","meta":{"advanced_seo_description":"","jetpack_seo_html_title":"","jetpack_seo_noindex":false,"_joinchat":[]},"pwb-brand":[69],"product_cat":[15,131],"product_tag":[],"jetpack_sharing_enabled":true,"brands":[{"id":69,"name":"HP","slug":"hp"}],"_links":{"self":[{"href":"https:\/\/corporaciongonza.com\/index.php\/wp-json\/wp\/v2\/product\/1057"}],"collection":[{"href":"https:\/\/corporaciongonza.com\/index.php\/wp-json\/wp\/v2\/product"}],"about":[{"href":"https:\/\/corporaciongonza.com\/index.php\/wp-json\/wp\/v2\/types\/product"}],"replies":[{"embeddable":true,"href":"https:\/\/corporaciongonza.com\/index.php\/wp-json\/wp\/v2\/comments?post=1057"}],"wp:featuredmedia":[{"embeddable":true,"href":"https:\/\/corporaciongonza.com\/index.php\/wp-json\/wp\/v2\/media\/2823"}],"wp:attachment":[{"href":"https:\/\/corporaciongonza.com\/index.php\/wp-json\/wp\/v2\/media?parent=1057"}],"wp:term":[{"taxonomy":"pwb-brand","embeddable":true,"href":"https:\/\/corporaciongonza.com\/index.php\/wp-json\/wp\/v2\/pwb-brand?post=1057"},{"taxonomy":"product_cat","embeddable":true,"href":"https:\/\/corporaciongonza.com\/index.php\/wp-json\/wp\/v2\/product_cat?post=1057"},{"taxonomy":"product_tag","embeddable":true,"href":"https:\/\/corporaciongonza.com\/index.php\/wp-json\/wp\/v2\/product_tag?post=1057"}],"curies":[{"name":"wp","href":"https:\/\/api.w.org\/{rel}","templated":true}]}}