{"id":1060,"date":"2024-06-26T12:31:33","date_gmt":"2024-06-26T17:31:33","guid":{"rendered":"https:\/\/corporaciongonza.com\/?post_type=product&#038;p=1060"},"modified":"2024-09-13T10:24:36","modified_gmt":"2024-09-13T15:24:36","slug":"toner-hp-cf226a-26a-l-j-p-m402-negro-3-1k-pag-original","status":"publish","type":"product","link":"https:\/\/corporaciongonza.com\/index.php\/product\/toner-hp-cf226a-26a-l-j-p-m402-negro-3-1k-pag-original\/","title":{"rendered":"TONER HP CF226A (26A) L.J.P M402 NEGRO 3.1K PAG &#8211; ORIGINAL"},"content":{"rendered":"<h1 class=\"mb-3\">TONER HP CF226A (26A) L.J.P M402 NEGRO 3.1K PAG<\/h1>\n<p>Cuente con los cartuchos de t\u00f3ner original HP con JetIntelligence para ofrecer una calidad uniforme a altas velocidades, adem\u00e1s de opciones de alta capacidad accesibles y la tecnolog\u00eda antifraude que ayuda a garantizar los resultados que espera, algo que la competencia no puede igualar.<\/p>\n<p>Al elegir Cartuchos Originales HP, usted est\u00e1 participando en la econom\u00eda circular. Con su ayuda, el proceso de reciclaje HP le da nueva vida a los productos.<\/p>\n<p>&#8211; <strong>Marca<\/strong>: HP<br \/>\n&#8211; <strong>Producto:<\/strong> T\u00f3ner<br \/>\n&#8211; <strong>Modelo:<\/strong> 26A \/ CF226A<br \/>\n&#8211; <strong>Rendimiento:<\/strong> 3100 p\u00e1ginas<br \/>\n&#8211; <strong>L\u00ednea:<\/strong> Jet Intelligence<br \/>\n&#8211; <strong>Tecnolog\u00eda de impresi\u00f3n:<\/strong> L\u00e1ser<br \/>\n&#8211; <strong>N\u00famero<\/strong>\u00a0<strong>de apilado para<\/strong> <strong>caja\u00a0de cart\u00f3n:<\/strong> 36<br \/>\n&#8211; <strong>Color:<\/strong> Negro<br \/>\n&#8211; <strong>Fabricaci\u00f3n:<\/strong> Jap\u00f3n<\/p>\n<p>&nbsp;<\/p>\n<h2>Caracter\u00edsticas<\/h2>\n<p>&#8211; Calidad superior, resultados profesionales en todo momento.<br \/>\n&#8211; El fabricante garantiza que este producto HP no tiene defectos de materiales ni de mano de Obra.<br \/>\n&#8211; Producto Original. Dise\u00f1ado especialmente para conseguir impresiones uniformes y sin problemas<br \/>\ncon la impresora HP.<br \/>\n&#8211; Resultados de precisi\u00f3n, p\u00e1gina tras p\u00e1gina, para mantener su empresa funcionando perfectamente.<br \/>\n&#8211; Produce texto n\u00edtido, negros contundentes y gr\u00e1ficos definidos con el t\u00f3ner negro de precisi\u00f3n.<\/p>\n<p>&#8211; Linea Jet Intelligence que permite m\u00e1s p\u00e1ginas, mejor desempe\u00f1o y protecci\u00f3n.<br \/>\n&#8211; Envoltorio Reciclable.<br \/>\n&#8211; Producto reciclable.<br \/>\n&#8211; Producto con Certificaci\u00f3n Europea (CE).<br \/>\n&#8211; Producto con rendimiento conforme seg\u00fan a la norma ISO\/IEC 19752.<\/p>\n<p>&nbsp;<\/p>\n<h2>Compatibilidad:<\/h2>\n<p>&#8211; Impresora HP LaserJet Pro M402 \/ MFP M426<br \/>\nRecomendaciones<br \/>\n&#8211; El embalaje de transporte debe mantenerse protegido de la lluvia y de la humedad<br \/>\n&#8211; Rango de temperatura de almacenamiento: de 0\u00b0C a 40\u00b0C<br \/>\n&#8211; Rango de temperatura de funcionamiento: de 10\u00b0C a 32.5\u00b0C<br \/>\n&#8211; Rango de humedad de almacenamiento: 10 a 90% de humedad relativa<br \/>\n&#8211; Rango de humedad de funcionamiento: 20 a 80% de humedad relativa<br \/>\n&#8211; El embalaje de expedici\u00f3n debe mantenerse en posici\u00f3n vertical<br \/>\n&#8211; El embalaje de expedici\u00f3n no debe exponerse a la luz del sol.<br \/>\n&#8211; Mantener alejado del alcance de los ni\u00f1os.<\/p>\n<p>&nbsp;<\/p>\n<div class=\"DetailedSpecs-module_specWrapper__3Zu1w\" data-test-hook=\"@hpstellar\/pdp\/tech-specs__detailedSpecWithSubSpecs\">\n<h2 class=\"DetailedSpecs-module_category__d1c3R\">Contenido de la caja<\/h2>\n<div class=\"Spec-module_spec__71K6S Spec-module_subSpec__ZujQx\">\n<div class=\"Spec-module_innerLeft__Z13zG\">\n<p class=\"Typography-module_root__eQwd4 Typography-module_boldL__LZR-5 Typography-module_responsive__iddT7\" data-test-hook=\"@hpstellar\/core\/typography\"><strong>-Contenido de la caja<\/strong><\/p>\n<\/div>\n<div class=\"Spec-module_innerRight__4TTuE\">\n<p>-Cartucho de t\u00f3ner<br \/>\n-Gu\u00eda de reciclaje<\/p>\n<\/div>\n<\/div>\n<\/div>\n<div class=\"DetailedSpecs-module_specWrapper__3Zu1w\" data-test-hook=\"@hpstellar\/pdp\/tech-specs__detailedSpecWithSubSpecs\">\n<h2 class=\"DetailedSpecs-module_category__d1c3R\">Pesos<\/h2>\n<div class=\"Spec-module_spec__71K6S Spec-module_subSpec__ZujQx\">\n<div class=\"Spec-module_innerLeft__Z13zG\">\n<p class=\"Typography-module_root__eQwd4 Typography-module_boldL__LZR-5 Typography-module_responsive__iddT7\" data-test-hook=\"@hpstellar\/core\/typography\">-Peso :Aprox. 0,7 kg<\/p>\n<\/div>\n<\/div>\n<div class=\"Spec-module_spec__71K6S Spec-module_subSpec__ZujQx\">\n<div class=\"Spec-module_innerLeft__Z13zG\">\n<p class=\"Typography-module_root__eQwd4 Typography-module_boldL__LZR-5 Typography-module_responsive__iddT7\" data-test-hook=\"@hpstellar\/core\/typography\">-Peso del embalaje :Aprox. 1 kg<\/p>\n<\/div>\n<p>&nbsp;<\/p>\n<h2>Dimensiones<\/h2>\n<p>&#8211;<strong>Dimensiones m\u00ednimas<\/strong> (ancho x fondo x alto) :362 x 102 x 198 mm<\/p>\n<p>&#8211;<strong>Dimensiones del embalaje<\/strong> (ancho x fondo x alto) :362 x 102 x 198 mm<\/p>\n<p>&nbsp;<\/p>\n<\/div>\n<div class=\"DetailedSpecs-module_specWrapper__3Zu1w\" data-test-hook=\"@hpstellar\/pdp\/tech-specs__detailedSpecWithSubSpecs\">\n<h3 class=\"DetailedSpecs-module_category__d1c3R\">Garant\u00eda<\/h3>\n<div class=\"Spec-module_spec__71K6S Spec-module_subSpec__ZujQx\">\n<div class=\"Spec-module_innerLeft__Z13zG\">\n<p class=\"Typography-module_root__eQwd4 Typography-module_boldL__LZR-5 Typography-module_responsive__iddT7\" data-test-hook=\"@hpstellar\/core\/typography\">-Garant\u00eda de protecci\u00f3n HP Premium. Este producto HP est\u00e1 garantizado contra defectos en materiales y mano de obra.<\/p>\n<\/div>\n<\/div>\n<\/div>\n<\/div>\n","protected":false},"excerpt":{"rendered":"<h2 class=\"mb-3\">Detalles del producto<\/h2>\n<div class=\"product-single-w3l\">\n<ul>\n<li class=\"mb-1\"><strong>C\u00f3digo:<\/strong> 0506-013054<\/li>\n<li class=\"mb-1\"><strong>C\u00f3digo Interno:<\/strong> TOHPCF226A<\/li>\n<li class=\"mb-1\"><strong>PartNumber<\/strong>: CF226A<\/li>\n<li class=\"mb-1\"><strong>Marca:<\/strong> HEWLETT PACKARD<\/li>\n<li class=\"mb-1\"><b>L\u00ednea:<\/b> SUMINISTROS<\/li>\n<li class=\"mb-1\"><b>Sublinea:<\/b> SUMINISTROS DE IMP. LASER<\/li>\n<li class=\"mb-1\"><b>Grupo:<\/b> TONERS PARA IMPRESORA<\/li>\n<li class=\"mb-1\"><strong>Color<\/strong>: Negro<\/li>\n<li class=\"mb-1\"><strong>Compatibilidad:<\/strong> HP LaserJet Pro M402 series, HP LaserJet Pro MFP M426 series<\/li>\n<li class=\"mb-1\"><strong>Rendimiento:<\/strong> 3100 p\u00e1ginas.<\/li>\n<\/ul>\n<\/div>\n","protected":false},"featured_media":1062,"comment_status":"open","ping_status":"closed","template":"","meta":{"advanced_seo_description":"","jetpack_seo_html_title":"","jetpack_seo_noindex":false,"_joinchat":[]},"pwb-brand":[69],"product_cat":[15,131],"product_tag":[],"jetpack_sharing_enabled":true,"brands":[{"id":69,"name":"HP","slug":"hp"}],"_links":{"self":[{"href":"https:\/\/corporaciongonza.com\/index.php\/wp-json\/wp\/v2\/product\/1060"}],"collection":[{"href":"https:\/\/corporaciongonza.com\/index.php\/wp-json\/wp\/v2\/product"}],"about":[{"href":"https:\/\/corporaciongonza.com\/index.php\/wp-json\/wp\/v2\/types\/product"}],"replies":[{"embeddable":true,"href":"https:\/\/corporaciongonza.com\/index.php\/wp-json\/wp\/v2\/comments?post=1060"}],"wp:featuredmedia":[{"embeddable":true,"href":"https:\/\/corporaciongonza.com\/index.php\/wp-json\/wp\/v2\/media\/1062"}],"wp:attachment":[{"href":"https:\/\/corporaciongonza.com\/index.php\/wp-json\/wp\/v2\/media?parent=1060"}],"wp:term":[{"taxonomy":"pwb-brand","embeddable":true,"href":"https:\/\/corporaciongonza.com\/index.php\/wp-json\/wp\/v2\/pwb-brand?post=1060"},{"taxonomy":"product_cat","embeddable":true,"href":"https:\/\/corporaciongonza.com\/index.php\/wp-json\/wp\/v2\/product_cat?post=1060"},{"taxonomy":"product_tag","embeddable":true,"href":"https:\/\/corporaciongonza.com\/index.php\/wp-json\/wp\/v2\/product_tag?post=1060"}],"curies":[{"name":"wp","href":"https:\/\/api.w.org\/{rel}","templated":true}]}}