{"id":1063,"date":"2024-06-26T12:53:41","date_gmt":"2024-06-26T17:53:41","guid":{"rendered":"https:\/\/corporaciongonza.com\/?post_type=product&#038;p=1063"},"modified":"2024-09-13T10:24:07","modified_gmt":"2024-09-13T15:24:07","slug":"toner-hp-ce505a-05a-l-j-p2035-negro-2300pg-original","status":"publish","type":"product","link":"https:\/\/corporaciongonza.com\/index.php\/product\/toner-hp-ce505a-05a-l-j-p2035-negro-2300pg-original\/","title":{"rendered":"TONER HP CE505A (05A) L.J. P2035 NEGRO 2300PG &#8211; ORIGINAL"},"content":{"rendered":"<h2>TONER HP CE505A (05A) L.J. P2035 NEGRO 2300PG<\/h2>\n<p>Los cartuchos de t\u00f3ner HP 05A LaserJet permiten una impresi\u00f3n sin problemas p\u00e1gina tras p\u00e1gina. La impresi\u00f3n en la oficina funciona sin problemas con los cartuchos de t\u00f3ner originales de HP. Y puede confiar en el liderazgo medioambiental de HP.<\/p>\n<div class=\"ProductKeySellingPoints_kspSection__3Fumw\">\n<h4 class=\"ProductKeySellingPoints_title__EfldW\">Maximice la productividad con una impresi\u00f3n sin problemas<\/h4>\n<div class=\"ProductKeySellingPoints_description__1LCVX\">Elija el rendimiento fiable y uniforme de los cartuchos de impresi\u00f3n Originales HP, y evite la p\u00e9rdida de tiempo y dinero ocasionados por problemas con los cartuchos y la reimpresi\u00f3n.<\/div>\n<div>\n<div class=\"ProductKeySellingPoints_kspSection__3Fumw\">\n<h4 class=\"ProductKeySellingPoints_title__EfldW\">Obtenga los mejores resultados e imprima siempre sin problemas<\/h4>\n<div class=\"ProductKeySellingPoints_description__1LCVX\">Si lo que desea es una impresi\u00f3n sin problemas, elija el rendimiento uniforme e ininterrumpido Original HP.<\/div>\n<\/div>\n<\/div>\n<\/div>\n<p>&#8211; <strong>Marca:<\/strong> HP<br \/>\n&#8211; <strong>Producto:<\/strong> T\u00f3ner<br \/>\n&#8211; <strong>Modelo:<\/strong> 05A \/ CE505A<br \/>\n&#8211; <strong>Rendimiento:<\/strong> 2.300 P\u00e1ginas<br \/>\n&#8211; <strong>Contenido de material reciclado:<\/strong> 36%<br \/>\n&#8211; <strong>N\u00famero de apilado para caja de cart\u00f3n:<\/strong> 20<br \/>\n&#8211; <strong>Color:<\/strong> Negro<br \/>\n&#8211; <strong>Fabricaci\u00f3n:<\/strong> Estados Unidos con piezas locales y extranjeras.<\/p>\n<p>&nbsp;<\/p>\n<h2>Caracter\u00edsticas:<\/h2>\n<p>&#8211; T\u00f3ner original HP.<br \/>\n&#8211; Cartucho de t\u00f3ner de capacidad est\u00e1ndar.<br \/>\n&#8211; Calidad superior, resultados profesionales en todo momento.<br \/>\n&#8211; Fabricante garantiza que este producto HP no tiene defectos de materiales ni de mano de Obra.<br \/>\n&#8211; Producto Original. Dise\u00f1ado especialmente para conseguir impresiones uniformes y sin problemas<br \/>\ncon la impresora HP.<br \/>\n&#8211; Resultados de precisi\u00f3n, p\u00e1gina tras p\u00e1gina, para mantener su empresa funcionando perfectamente.<\/p>\n<p>&#8211; Imprime gr\u00e1ficos e im\u00e1genes con calidad fotogr\u00e1fica gracias al t\u00f3ner que brinda un aspecto brillante<br \/>\ny luminoso.<br \/>\n&#8211; El uso de este T\u00f3ner HP EcoSmart Black permite un consumo de un 21 % menos de energ\u00eda en<br \/>\ncomparaci\u00f3n con la generaci\u00f3n anterior de sistemas de impresi\u00f3n HP.<br \/>\n&#8211; Producto cumple con el est\u00e1ndar de Conformidad Europea (CE).<br \/>\n&#8211; Envoltorio Reciclable.<br \/>\n&#8211; Producto reciclable.<br \/>\n&#8211; Producto con rendimiento conforme seg\u00fan a la norma ISO\/IEC 19752.<\/p>\n<p>&nbsp;<\/p>\n<h3>Compatibilidad:<\/h3>\n<p>&#8211; HP Laser Jet Pro 400 M401 \/ 400 M425<br \/>\nRecomendaciones<br \/>\n&#8211; El embalaje de transporte debe mantenerse protegido de la lluvia y de la humedad.<br \/>\n&#8211; L\u00edmite de temperatura entre lo que debe almacenarse: l\u00edmites -20 a 40\u00b0C.<br \/>\n&#8211; Margen de temperaturas operativas 10 a 32,5\u00b0C.<br \/>\n&#8211; Intervalo de humedad en funcionamiento: de 20 a 80% HR.<br \/>\n&#8211; Humedad durante almacenamiento: 10 a 90% RH.<br \/>\n&#8211; El embalaje de expedici\u00f3n debe mantenerse en posici\u00f3n vertical.<br \/>\n&#8211; El embalaje de expedici\u00f3n no debe exponerse a la luz del sol.<\/p>\n<p>&nbsp;<\/p>\n<div class=\"DetailedSpecs-module_specWrapper__3Zu1w\" data-test-hook=\"@hpstellar\/pdp\/tech-specs__detailedSpecWithSubSpecs\">\n<h3 class=\"DetailedSpecs-module_category__d1c3R\">Pesos<\/h3>\n<div class=\"Spec-module_spec__71K6S Spec-module_subSpec__ZujQx\">\n<div class=\"Spec-module_innerLeft__Z13zG\">\n<p class=\"Typography-module_root__eQwd4 Typography-module_boldL__LZR-5 Typography-module_responsive__iddT7\" data-test-hook=\"@hpstellar\/core\/typography\"><strong>-Peso Aprox:<\/strong> 0,85 kg<\/p>\n<\/div>\n<\/div>\n<div class=\"Spec-module_spec__71K6S Spec-module_subSpec__ZujQx\">\n<div class=\"Spec-module_innerLeft__Z13zG\">\n<p class=\"Typography-module_root__eQwd4 Typography-module_boldL__LZR-5 Typography-module_responsive__iddT7\" data-test-hook=\"@hpstellar\/core\/typography\"><strong>-Peso del embalaje : <\/strong>Aprox. 1 kg<\/p>\n<p data-test-hook=\"@hpstellar\/core\/typography\">\n<\/div>\n<div class=\"DetailedSpecs-module_specWrapper__3Zu1w\" data-test-hook=\"@hpstellar\/pdp\/tech-specs__detailedSpecWithSubSpecs\">\n<h3 class=\"DetailedSpecs-module_category__d1c3R\">Dimensiones<\/h3>\n<div class=\"Spec-module_spec__71K6S Spec-module_subSpec__ZujQx\">\n<div class=\"Spec-module_innerLeft__Z13zG\">\n<p class=\"Typography-module_root__eQwd4 Typography-module_boldL__LZR-5 Typography-module_responsive__iddT7\" data-test-hook=\"@hpstellar\/core\/typography\">&#8211;<strong>Dimensiones m\u00ednimas<\/strong> (ancho x fondo x alto) :340 x 109 x 205 mm<\/p>\n<\/div>\n<\/div>\n<div class=\"Spec-module_spec__71K6S Spec-module_subSpec__ZujQx\">\n<div class=\"Spec-module_innerLeft__Z13zG\">\n<p class=\"Typography-module_root__eQwd4 Typography-module_boldL__LZR-5 Typography-module_responsive__iddT7\" data-test-hook=\"@hpstellar\/core\/typography\">&#8211;<strong>Dimensiones del embalaje<\/strong> (ancho x fondo x alto): 340 x 109 x 205 mm<\/p>\n<\/div>\n<p data-test-hook=\"@hpstellar\/core\/typography\">\n<\/div>\n<div class=\"DetailedSpecs-module_specWrapper__3Zu1w\" data-test-hook=\"@hpstellar\/pdp\/tech-specs__detailedSpecWithSubSpecs\">\n<h3 class=\"DetailedSpecs-module_category__d1c3R\">Garant\u00eda<\/h3>\n<div class=\"Spec-module_spec__71K6S Spec-module_subSpec__ZujQx\">\n<div class=\"Spec-module_innerLeft__Z13zG\">\n<p class=\"Typography-module_root__eQwd4 Typography-module_boldL__LZR-5 Typography-module_responsive__iddT7\" data-test-hook=\"@hpstellar\/core\/typography\">-Garant\u00eda de protecci\u00f3n HP Premium. Este producto HP est\u00e1 garantizado contra defectos en materiales y mano de obra.<\/p>\n<\/div>\n<\/div>\n<p data-test-hook=\"@hpstellar\/core\/typography\">\n<\/div>\n<\/div>\n<\/div>\n<\/div>\n","protected":false},"excerpt":{"rendered":"<h2 class=\"mb-3\">Detalles del producto<\/h2>\n<div class=\"product-single-w3l\">\n<ul>\n<li class=\"mb-1\"><strong>C\u00f3digo:<\/strong> 0506-010177<\/li>\n<li class=\"mb-1\"><strong>C\u00f3digo Interno:<\/strong> TOHPCE505A<\/li>\n<li class=\"mb-1\"><strong>PartNumber:<\/strong> CE505A<\/li>\n<li class=\"mb-1\"><strong>Marca:<\/strong> HEWLETT PACKARD<\/li>\n<li class=\"mb-1\"><b>L\u00ednea:<\/b> SUMINISTROS<\/li>\n<li class=\"mb-1\"><b>Sublinea:<\/b> SUMINISTROS DE IMP. LASER<\/li>\n<li class=\"mb-1\"><b>Grupo:<\/b> TONERS PARA IMPRESORA<\/li>\n<li class=\"mb-1\"><strong>Color:<\/strong> Negro<\/li>\n<li class=\"mb-1\"><strong>Compatibilidad:<\/strong> HP LASERJET P2035\/P2055D\/P2055DN\/P2050D\/P2050<\/li>\n<li class=\"mb-1\"><strong>Rendimiento:<\/strong> 2300 p\u00e1ginas.<\/li>\n<\/ul>\n<\/div>\n","protected":false},"featured_media":1064,"comment_status":"open","ping_status":"closed","template":"","meta":{"advanced_seo_description":"","jetpack_seo_html_title":"","jetpack_seo_noindex":false,"_joinchat":[]},"pwb-brand":[69],"product_cat":[15,131],"product_tag":[],"jetpack_sharing_enabled":true,"brands":[{"id":69,"name":"HP","slug":"hp"}],"_links":{"self":[{"href":"https:\/\/corporaciongonza.com\/index.php\/wp-json\/wp\/v2\/product\/1063"}],"collection":[{"href":"https:\/\/corporaciongonza.com\/index.php\/wp-json\/wp\/v2\/product"}],"about":[{"href":"https:\/\/corporaciongonza.com\/index.php\/wp-json\/wp\/v2\/types\/product"}],"replies":[{"embeddable":true,"href":"https:\/\/corporaciongonza.com\/index.php\/wp-json\/wp\/v2\/comments?post=1063"}],"wp:featuredmedia":[{"embeddable":true,"href":"https:\/\/corporaciongonza.com\/index.php\/wp-json\/wp\/v2\/media\/1064"}],"wp:attachment":[{"href":"https:\/\/corporaciongonza.com\/index.php\/wp-json\/wp\/v2\/media?parent=1063"}],"wp:term":[{"taxonomy":"pwb-brand","embeddable":true,"href":"https:\/\/corporaciongonza.com\/index.php\/wp-json\/wp\/v2\/pwb-brand?post=1063"},{"taxonomy":"product_cat","embeddable":true,"href":"https:\/\/corporaciongonza.com\/index.php\/wp-json\/wp\/v2\/product_cat?post=1063"},{"taxonomy":"product_tag","embeddable":true,"href":"https:\/\/corporaciongonza.com\/index.php\/wp-json\/wp\/v2\/product_tag?post=1063"}],"curies":[{"name":"wp","href":"https:\/\/api.w.org\/{rel}","templated":true}]}}