{"id":1065,"date":"2024-06-26T13:24:00","date_gmt":"2024-06-26T18:24:00","guid":{"rendered":"https:\/\/corporaciongonza.com\/?post_type=product&#038;p=1065"},"modified":"2024-09-13T10:23:36","modified_gmt":"2024-09-13T15:23:36","slug":"toner-hp-ce505x-05x-l-j-p2055-negro-6500pg-original","status":"publish","type":"product","link":"https:\/\/corporaciongonza.com\/index.php\/product\/toner-hp-ce505x-05x-l-j-p2055-negro-6500pg-original\/","title":{"rendered":"TONER HP CE505X (05X) L.J. P2055 NEGRO 6500PG- ORIGINAL"},"content":{"rendered":"<h2 class=\"mb-3\">TONER HP CE505X (05X) L.J. P2055 NEGRO 6500PG<\/h2>\n<p>La f\u00f3rmula exclusiva del t\u00f3ner HP, el dise\u00f1o comprobado del cartucho todo en uno y la tecnolog\u00eda inteligente integrada hacen de los cartuchos HP originales para impresi\u00f3n una opci\u00f3n econ\u00f3mica que permite ahorra tiempo. Y puede confiar en el liderazgo medioambiental de HP.<\/p>\n<p>La impresi\u00f3n r\u00e1pida y sin problemas le dar\u00e1 m\u00e1s tiempo para afrontar asuntos m\u00e1s importantes de cada d\u00eda. La f\u00f3rmula exclusiva de t\u00f3ner brinda la calidad y la confiabilidad que toda empresa desea. La administraci\u00f3n de consumibles le ahorra tiempo y hace que la impresi\u00f3n sea m\u00e1s productiva y rentable.<\/p>\n<p>Conf\u00ede en el liderazgo medioambiental reconocido de HP. HP tiene un compromiso de protecci\u00f3n con el medio ambiente de muchos a\u00f1os, desde el dise\u00f1o del producto hasta un programa gratuito y pr\u00e1ctico de devoluci\u00f3n y reciclaje de material de cartuchos originales para HP LaserJet.<\/p>\n<p>&#8211; <strong>Marca<\/strong>: HP<br \/>\n&#8211; <strong>Producto<\/strong>: T\u00f3ner<br \/>\n&#8211; <strong>Modelo<\/strong>: CE505X<br \/>\n&#8211; <strong>Rendimiento:<\/strong> 6.500 p\u00e1ginas<br \/>\n&#8211; <strong>Linea:<\/strong> LaserJet<br \/>\n&#8211; <strong>Tecnolog\u00eda de impresi\u00f3n:<\/strong> L\u00e1ser<br \/>\n&#8211; <strong>N\u00famero de apilado para caja de cart\u00f3n:<\/strong> 20 hojas<br \/>\n&#8211; <strong>Color<\/strong>: Negro<br \/>\n&#8211; <strong>Fabricaci\u00f3n<\/strong>: Jap\u00f3n<\/p>\n<h2>Caracter\u00edsticas<\/h2>\n<p>&#8211; T\u00f3ner original HP.<br \/>\n&#8211; Cartucho de t\u00f3ner de capacidad est\u00e1ndar.<br \/>\n&#8211; Obtenga calidad de impresi\u00f3n profesional directamente en su oficina: color vivo, llamativo, texto<br \/>\nn\u00edtido y calidad fotogr\u00e1fica realista.<br \/>\n&#8211; Mantenga la m\u00e1xima productividad con productos HP originales de rendimiento uniforme y<br \/>\nconfiable.<br \/>\n&#8211; Conf\u00ede en el rendimiento uniforme de HP, tanto si imprime en blanco y negro como en color.<br \/>\n&#8211; Los cartuchos de t\u00f3ner originales HP est\u00e1n dise\u00f1ados para funcionar desde la primera vez, siempre.<br \/>\n&#8211; Resultados de precisi\u00f3n, p\u00e1gina tras p\u00e1gina, para mantener su empresa funcionando perfectamente.<br \/>\n&#8211; Al elegir Cartuchos de T\u00f3ner Originales HP, usted est\u00e1 participando en la econom\u00eda circular.<br \/>\n&#8211; El fabricante garantiza que este producto HP no tiene defectos de materiales ni de mano de Obra.<br \/>\n&#8211; Envoltorio Reciclable.<br \/>\n&#8211; Producto reciclable.<br \/>\n&#8211; Producto con Certificaci\u00f3n Europea (CE).<br \/>\n&#8211; Producto con rendimiento conforme seg\u00fan a la norma ISO\/IEC 19798.<\/p>\n<p>&nbsp;<\/p>\n<h2>Compatibilidad:<\/h2>\n<p>&#8211; Impresora HP LaserJet M401 \/ M425<br \/>\nRecomendaciones<br \/>\n&#8211; El embalaje de transporte debe mantenerse protegido de la lluvia y de la humedad<br \/>\n&#8211; Rango de temperatura de almacenamiento: de -20\u00b0C a 40\u00b0C<br \/>\n&#8211; Rango de temperatura de funcionamiento: de 10\u00b0C a 30\u00b0C<br \/>\n&#8211; Rango de humedad de almacenamiento: 10 a 90% de humedad relativa<br \/>\n&#8211; Rango de humedad de funcionamiento: 20 a 80% de humedad relativa<br \/>\n&#8211; El embalaje de expedici\u00f3n debe mantenerse en posici\u00f3n vertical<br \/>\n&#8211; El embalaje de expedici\u00f3n no debe exponerse a la luz del sol.<br \/>\n&#8211; Mantener alejado del alcance de los ni\u00f1os.<\/p>\n","protected":false},"excerpt":{"rendered":"<h2 class=\"mb-3\">Detalles del producto<\/h2>\n<div class=\"product-single-w3l\">\n<ul>\n<li class=\"mb-1\"><strong>C\u00f3digo:<\/strong> 0506-010178<\/li>\n<li class=\"mb-1\"><strong>C\u00f3digo Interno:<\/strong> TOHPCE505X<\/li>\n<li class=\"mb-1\"><strong>PartNumber:<\/strong> CE505X<\/li>\n<li class=\"mb-1\"><strong>Marca:<\/strong> HEWLETT PACKARD<\/li>\n<li class=\"mb-1\"><b>L\u00ednea:<\/b> SUMINISTROS<\/li>\n<li class=\"mb-1\"><b>Sublinea:<\/b> SUMINISTROS DE IMP. LASER<\/li>\n<li class=\"mb-1\"><b>Grupo:<\/b> TONERS PARA IMPRESORA<\/li>\n<li class=\"mb-1\"><strong>Color:<\/strong> Negro<\/li>\n<li class=\"mb-1\"><strong>Compatibilidad:<\/strong> HP LASERJET P2055D\/P2055DN\/P2050D\/P2050<\/li>\n<li class=\"mb-1\"><strong>Rendimiento:<\/strong> 6500 p\u00e1ginas.<\/li>\n<\/ul>\n<\/div>\n","protected":false},"featured_media":1066,"comment_status":"open","ping_status":"closed","template":"","meta":{"advanced_seo_description":"","jetpack_seo_html_title":"","jetpack_seo_noindex":false,"_joinchat":[]},"pwb-brand":[69],"product_cat":[15,131],"product_tag":[],"jetpack_sharing_enabled":true,"brands":[{"id":69,"name":"HP","slug":"hp"}],"_links":{"self":[{"href":"https:\/\/corporaciongonza.com\/index.php\/wp-json\/wp\/v2\/product\/1065"}],"collection":[{"href":"https:\/\/corporaciongonza.com\/index.php\/wp-json\/wp\/v2\/product"}],"about":[{"href":"https:\/\/corporaciongonza.com\/index.php\/wp-json\/wp\/v2\/types\/product"}],"replies":[{"embeddable":true,"href":"https:\/\/corporaciongonza.com\/index.php\/wp-json\/wp\/v2\/comments?post=1065"}],"wp:featuredmedia":[{"embeddable":true,"href":"https:\/\/corporaciongonza.com\/index.php\/wp-json\/wp\/v2\/media\/1066"}],"wp:attachment":[{"href":"https:\/\/corporaciongonza.com\/index.php\/wp-json\/wp\/v2\/media?parent=1065"}],"wp:term":[{"taxonomy":"pwb-brand","embeddable":true,"href":"https:\/\/corporaciongonza.com\/index.php\/wp-json\/wp\/v2\/pwb-brand?post=1065"},{"taxonomy":"product_cat","embeddable":true,"href":"https:\/\/corporaciongonza.com\/index.php\/wp-json\/wp\/v2\/product_cat?post=1065"},{"taxonomy":"product_tag","embeddable":true,"href":"https:\/\/corporaciongonza.com\/index.php\/wp-json\/wp\/v2\/product_tag?post=1065"}],"curies":[{"name":"wp","href":"https:\/\/api.w.org\/{rel}","templated":true}]}}