{"id":1067,"date":"2024-06-26T17:42:28","date_gmt":"2024-06-26T22:42:28","guid":{"rendered":"https:\/\/corporaciongonza.com\/?post_type=product&#038;p=1067"},"modified":"2024-09-13T10:23:08","modified_gmt":"2024-09-13T15:23:08","slug":"toner-hp-cf237a-37a-negro-ent-m631-m607-11kpg-original","status":"publish","type":"product","link":"https:\/\/corporaciongonza.com\/index.php\/product\/toner-hp-cf237a-37a-negro-ent-m631-m607-11kpg-original\/","title":{"rendered":"TONER HP CF237A (37A) NEGRO ENT M631\/M607 11KPG &#8211; ORIGINAL"},"content":{"rendered":"<h1 class=\"mb-3\">TONER HP CF237A (37A) NEGRO ENT M631\/M607 11KPG<\/h1>\n<p>Los Cartuchos de T\u00f3ner HP con sub-c\u00f3digo de identidad <strong>37A<\/strong> viene con un chip inteligente insertado en el cartucho <strong>CF237A<\/strong> la cual contabiliza las impresiones de color Negro que s\u00e9 realizan, de igual manera el c\u00f3digo del t\u00f3ner se encuentra grabado en el cartucho, en modo de alto relieve el cual es <strong>CF237A<\/strong> , que vendr\u00eda a ser su identificador como producto de la casa HP<\/p>\n<div class=\"ProductKeySellingPoints_kspSection__3Fumw\">\n<h4 class=\"ProductKeySellingPoints_title__EfldW\">Impresi\u00f3n de gran calidad para grupos de trabajo<\/h4>\n<div class=\"ProductKeySellingPoints_description__1LCVX\">Permita que el cartucho gestione el uso eficiente del t\u00f3ner y el rendimiento del cartucho mediante la tecnolog\u00eda de maximizaci\u00f3n de p\u00e1ginas.<\/div>\n<div>\n<div class=\"ProductKeySellingPoints_kspSection__3Fumw\">\n<h4 class=\"ProductKeySellingPoints_title__EfldW\">Imprima a altas velocidades sin dejar de lado la calidad<\/h4>\n<div class=\"ProductKeySellingPoints_description__1LCVX\">Siga disfrutando de una calidad uniforme a altas velocidades con los cartuchos de t\u00f3ner Originales HP con JetIntelligence.<\/div>\n<div>\n<div class=\"ProductKeySellingPoints_kspSection__3Fumw\">\n<h4 class=\"ProductKeySellingPoints_title__EfldW\">Tranquilidad con la autenticaci\u00f3n de los cartuchos<\/h4>\n<div class=\"ProductKeySellingPoints_description__1LCVX\">Sepa con certeza que est\u00e1 obteniendo la aut\u00e9ntica calidad de HP por la que pag\u00f3, con la innovadora tecnolog\u00eda antifraude.<\/div>\n<\/div>\n<\/div>\n<div><\/div>\n<div><strong>Los cartuchos de t\u00f3ner se han dise\u00f1ado para ofrecer una impresi\u00f3n asequible<\/strong><br \/>\nContin\u00fae contando con una calidad homog\u00e9nea a altas velocidades con el t\u00f3ner negro de precisi\u00f3n especialmente formulado.<\/div>\n<\/div>\n<\/div>\n<\/div>\n<div><\/div>\n<div><\/div>\n<div>\n<div class=\"DetailedSpecs-module_specWrapper__3Zu1w\" data-test-hook=\"@hpstellar\/pdp\/tech-specs__detailedSpecWithSubSpecs\">\n<h2 class=\"DetailedSpecs-module_category__d1c3R\">Contenido de la caja<\/h2>\n<div class=\"Spec-module_spec__71K6S Spec-module_subSpec__ZujQx\">\n<div class=\"Spec-module_innerRight__4TTuE\">\n<p>-Cartucho de t\u00f3ner<br \/>\n-Gu\u00eda de reciclaje<\/p>\n<\/div>\n<\/div>\n<\/div>\n<\/div>\n<div><\/div>\n<div>\n<div class=\"DetailedSpecs-module_specWrapper__3Zu1w\" data-test-hook=\"@hpstellar\/pdp\/tech-specs__detailedSpecWithSubSpecs\">\n<h2 class=\"DetailedSpecs-module_category__d1c3R\">Pesos<\/h2>\n<div class=\"Spec-module_spec__71K6S Spec-module_subSpec__ZujQx\">\n<div class=\"Spec-module_innerLeft__Z13zG\">\n<p class=\"Typography-module_root__eQwd4 Typography-module_boldL__LZR-5 Typography-module_responsive__iddT7\" data-test-hook=\"@hpstellar\/core\/typography\"><strong>-Peso Aprox:<\/strong>\u00a0 1,9 kg<\/p>\n<\/div>\n<\/div>\n<div class=\"Spec-module_spec__71K6S Spec-module_subSpec__ZujQx\">\n<div class=\"Spec-module_innerLeft__Z13zG\">\n<p class=\"Typography-module_root__eQwd4 Typography-module_boldL__LZR-5 Typography-module_responsive__iddT7\" data-test-hook=\"@hpstellar\/core\/typography\"><strong>-Peso del embalaje:<\/strong> Aprox. 2,6 kg<\/p>\n<\/div>\n<\/div>\n<h3>Dimensiones<\/h3>\n<p>&#8211;<strong>Dimensiones m\u00ednimas<\/strong> (ancho x fondo x alto) :380 x 180 x 270 mm<\/p>\n<p>&#8211;<strong>Dimensiones del embalaje<\/strong> (ancho x fondo x alto) :380 x 180 x 270 mm<\/p>\n<\/div>\n<\/div>\n<div class=\"DetailedSpecs-module_specWrapper__3Zu1w\" data-test-hook=\"@hpstellar\/pdp\/tech-specs__detailedSpecWithSubSpecs\">\n<div><\/div>\n<h3 class=\"DetailedSpecs-module_category__d1c3R\">Garant\u00eda<\/h3>\n<div class=\"Spec-module_spec__71K6S Spec-module_subSpec__ZujQx\">\n<div class=\"Spec-module_innerRight__4TTuE\">\n<p>-Este producto HP est\u00e1 garantizado contra defectos en materiales y mano de obra.<\/p>\n<\/div>\n<\/div>\n<\/div>\n<p>&nbsp;<\/p>\n<h3>Cartuchos y cabezales de impresi\u00f3n<\/h3>\n<p>-Rendimiento en p\u00e1ginas (blanco y negro) ~11 000 p\u00e1ginas<\/p>\n<p>-Colores de los consumibles de impresi\u00f3n:Negro<\/p>\n<p>-Rendimiento en p\u00e1ginas (negro) :1 negro (aprox. 11 000 p\u00e1ginas)<\/p>\n<p>&nbsp;<\/p>\n<p><strong>Nota al pie sobre el rendimiento en p\u00e1ginas<\/strong><\/p>\n<p>Rendimiento promedio aproximado con base en ISO\/IEC 19752. El rendimiento real var\u00eda considerablemente dependiendo del contenido de las p\u00e1ginas impresas y otros factores.<\/p>\n<p>&nbsp;<\/p>\n<p>&nbsp;<\/p>\n<p>&nbsp;<\/p>\n","protected":false},"excerpt":{"rendered":"<h2 class=\"mb-3\">Detalles del producto<\/h2>\n<div class=\"product-single-w3l\">\n<ul>\n<li class=\"mb-1\"><strong>C\u00f3digo<\/strong>: 0506-013599<\/li>\n<li class=\"mb-1\"><strong>C\u00f3digo Interno:<\/strong> TOHPCF237A<\/li>\n<li class=\"mb-1\"><strong>PartNumber:<\/strong> CF237A<\/li>\n<li class=\"mb-1\"><strong>Marca:<\/strong> HEWLETT PACKARD<\/li>\n<li class=\"mb-1\"><b>L\u00ednea:<\/b> SUMINISTROS<\/li>\n<li class=\"mb-1\"><b>Sublinea:<\/b> SUMINISTROS DE IMP. LASER<\/li>\n<li class=\"mb-1\"><b>Grupo:<\/b> TONERS PARA IMPRESORA<\/li>\n<li class=\"mb-1\"><strong>Rendimiento:<\/strong> 11,000 pags<\/li>\n<li class=\"mb-1\"><strong>Color:<\/strong> Negro,<\/li>\n<li class=\"mb-1\"><strong>Tecnologia:<\/strong> Laser<\/li>\n<li class=\"mb-1\"><strong>Compatibilidad:<\/strong> HP LaserJet Enterprise MFP M631, M632, M633 series, HP LaserJet Enterprise M607, M608, M609 series<\/li>\n<\/ul>\n<\/div>\n","protected":false},"featured_media":1068,"comment_status":"open","ping_status":"closed","template":"","meta":{"advanced_seo_description":"","jetpack_seo_html_title":"","jetpack_seo_noindex":false,"_joinchat":[]},"pwb-brand":[69],"product_cat":[15,131],"product_tag":[],"jetpack_sharing_enabled":true,"brands":[{"id":69,"name":"HP","slug":"hp"}],"_links":{"self":[{"href":"https:\/\/corporaciongonza.com\/index.php\/wp-json\/wp\/v2\/product\/1067"}],"collection":[{"href":"https:\/\/corporaciongonza.com\/index.php\/wp-json\/wp\/v2\/product"}],"about":[{"href":"https:\/\/corporaciongonza.com\/index.php\/wp-json\/wp\/v2\/types\/product"}],"replies":[{"embeddable":true,"href":"https:\/\/corporaciongonza.com\/index.php\/wp-json\/wp\/v2\/comments?post=1067"}],"wp:featuredmedia":[{"embeddable":true,"href":"https:\/\/corporaciongonza.com\/index.php\/wp-json\/wp\/v2\/media\/1068"}],"wp:attachment":[{"href":"https:\/\/corporaciongonza.com\/index.php\/wp-json\/wp\/v2\/media?parent=1067"}],"wp:term":[{"taxonomy":"pwb-brand","embeddable":true,"href":"https:\/\/corporaciongonza.com\/index.php\/wp-json\/wp\/v2\/pwb-brand?post=1067"},{"taxonomy":"product_cat","embeddable":true,"href":"https:\/\/corporaciongonza.com\/index.php\/wp-json\/wp\/v2\/product_cat?post=1067"},{"taxonomy":"product_tag","embeddable":true,"href":"https:\/\/corporaciongonza.com\/index.php\/wp-json\/wp\/v2\/product_tag?post=1067"}],"curies":[{"name":"wp","href":"https:\/\/api.w.org\/{rel}","templated":true}]}}