{"id":1069,"date":"2024-06-26T18:23:20","date_gmt":"2024-06-26T23:23:20","guid":{"rendered":"https:\/\/corporaciongonza.com\/?post_type=product&#038;p=1069"},"modified":"2024-09-13T10:22:38","modified_gmt":"2024-09-13T15:22:38","slug":"toner-hp-cf237x-37x-negro-ent-m631-25kpg-original","status":"publish","type":"product","link":"https:\/\/corporaciongonza.com\/index.php\/product\/toner-hp-cf237x-37x-negro-ent-m631-25kpg-original\/","title":{"rendered":"TONER HP CF237X (37X) NEGRO ENT M631 25KPG &#8211; ORIGINAL"},"content":{"rendered":"<h2>TONER HP CF237X (37X) NEGRO ENT M631 25KPG &#8211; ORIGINAL<\/h2>\n<div class=\"Col-module_col__IAg7z Col-module_lg-4__43BEQ Features-module_column__NM8sE Col-module_gutter__kiWeK\" data-test-hook=\"@hpstellar\/core\/grid-col\">\n<p class=\"Typography-module_root__eQwd4 Typography-module_bodyM__XNddq Typography-module_responsive__iddT7\" data-test-hook=\"@hpstellar\/core\/typography\">Ideal para grupos de trabajo de empresa y un gran volumen de impresi\u00f3n. Utilice los cartuchos de t\u00f3ner Originales HP en tres tama\u00f1os para la impresora HP LaserJet de la serie 600.<br \/>\nDisfrute de los cartuchos de t\u00f3ner Originales HP con JetIntelligence para ofrecer p\u00e1ginas de gran calidad a altas velocidades, adem\u00e1s de opciones asequibles de alta capacidad y la innovadora tecnolog\u00eda antifraude que permite garantizar la calidad uniforme que necesita de HP.<\/p>\n<\/div>\n<h3><strong>Impresi\u00f3n de gran calidad para grupos de trabajo<\/strong><\/h3>\n<p data-test-hook=\"@hpstellar\/core\/typography\">-Los cartuchos de t\u00f3ner Originales HP con JetIntelligence ofrecen p\u00e1ginas de gran calidad, reducen los costos gracias a las opciones de alta capacidad y a la tecnolog\u00eda de maximizaci\u00f3n de p\u00e1ginas, y realizan un seguimiento inteligente de los niveles de t\u00f3ner mediante la tecnolog\u00eda de calibraci\u00f3n de impresi\u00f3n.<br \/>\n-Permita que el cartucho gestione el uso e\uf001ciente del t\u00f3ner y el rendimiento del cartucho mediante la tecnolog\u00eda de maximizaci\u00f3n de p\u00e1ginas.<\/p>\n<h3 data-test-hook=\"@hpstellar\/core\/typography\">Imprima a altas velocidades sin dejar de lado la calidad<\/h3>\n<p data-test-hook=\"@hpstellar\/core\/typography\">-Cree documentos uniformes y de calidad a las velocidades que puede alcanzar la impresora o impresora multifunci\u00f3n HP.<br \/>\n-Siga disfrutando de una calidad uniforme a altas velocidades con los cartuchos de t\u00f3ner Originales HP con JetIntelligence.<\/p>\n<h3 data-test-hook=\"@hpstellar\/core\/typography\">Tranquilidad con la autenticaci\u00f3n de los cartuchos<\/h3>\n<p data-test-hook=\"@hpstellar\/core\/typography\">-Proteja a su empresa de los cartuchos falsi\uf001cados con la tecnolog\u00eda antifraude exclusiva de HP. Esta innovadora tecnolog\u00eda le permite gestionar sus costes empresariales y mantener los est\u00e1ndares de calidad de toda la flota.<br \/>\n-Sepa con certeza que est\u00e1 obteniendo la aut\u00e9ntica calidad de HP por la que pag\u00f3, con la innovadora tecnolog\u00eda antifraude.<\/p>\n<h3 data-test-hook=\"@hpstellar\/core\/typography\">Los cartuchos de t\u00f3ner se han dise\u00f1ado para ofrecer una impresi\u00f3n asequible<\/h3>\n<p data-test-hook=\"@hpstellar\/core\/typography\">-Los cartuchos de t\u00f3ner Originales HP con JetIntelligence igualan el rendimiento de alta velocidad de la impresora para ofrecer resultados uniformes. Elija cartuchos de t\u00f3ner que permitan un mejor funcionamiento de la impresora: cartuchos Originales HP.<br \/>\n-Contin\u00fae contando con una calidad homog\u00e9nea a altas velocidades con el t\u00f3ner negro de precisi\u00f3n<br \/>\nespecialmente formulado.<\/p>\n<h2 data-test-hook=\"@hpstellar\/core\/typography\"><\/h2>\n<h2 data-test-hook=\"@hpstellar\/core\/typography\">ESPECIFICACIONES:<\/h2>\n<h3>Contenido de la caja<\/h3>\n<p>-Cartucho de t\u00f3ner<br \/>\n-Gu\u00eda de reciclaje<\/p>\n<h3>Pesos<\/h3>\n<p>-Peso\u00a0 Aprox: 2 kg<\/p>\n<p>-Peso del embalaje :Aprox. 2,71 kg<\/p>\n<div class=\"DetailedSpecs-module_specWrapper__3Zu1w\" data-test-hook=\"@hpstellar\/pdp\/tech-specs__detailedSpecWithSubSpecs\">\n<h3 class=\"DetailedSpecs-module_category__d1c3R\">Dimensiones<\/h3>\n<div class=\"Spec-module_spec__71K6S Spec-module_subSpec__ZujQx\">\n<div class=\"Spec-module_innerLeft__Z13zG\">\n<p class=\"Typography-module_root__eQwd4 Typography-module_boldL__LZR-5 Typography-module_responsive__iddT7\" data-test-hook=\"@hpstellar\/core\/typography\">-Dimensiones m\u00ednimas (ancho x fondo x alto) :380 x 180 x 287 mm<\/p>\n<\/div>\n<\/div>\n<div class=\"Spec-module_spec__71K6S Spec-module_subSpec__ZujQx\">\n<div class=\"Spec-module_innerLeft__Z13zG\">\n<p class=\"Typography-module_root__eQwd4 Typography-module_boldL__LZR-5 Typography-module_responsive__iddT7\" data-test-hook=\"@hpstellar\/core\/typography\">-Dimensiones del embalaje (ancho x fondo x alto) :380 x 180 x 287 mm<\/p>\n<\/div>\n<\/div>\n<div class=\"DetailedSpecs-module_specWrapper__3Zu1w\" data-test-hook=\"@hpstellar\/pdp\/tech-specs__detailedSpecWithSubSpecs\">\n<h3 class=\"DetailedSpecs-module_category__d1c3R\">Garant\u00eda<\/h3>\n<div class=\"Spec-module_spec__71K6S Spec-module_subSpec__ZujQx\">\n<div class=\"Spec-module_innerLeft__Z13zG\">\n<p class=\"Typography-module_root__eQwd4 Typography-module_boldL__LZR-5 Typography-module_responsive__iddT7\" data-test-hook=\"@hpstellar\/core\/typography\">-Este producto HP est\u00e1 garantizado contra defectos en materiales y mano de obra.<\/p>\n<\/div>\n<\/div>\n<\/div>\n<\/div>\n<h3>Cartuchos y cabezales de impresi\u00f3n<\/h3>\n<p>-Rendimiento en p\u00e1ginas (blanco y negro): ~25.000 p\u00e1ginas<\/p>\n<p>-Colores de los consumibles de impresi\u00f3n: Negro<\/p>\n<p>-Rendimiento en p\u00e1ginas (negro): 1 negro (aprox. 25 000 p\u00e1ginas)<\/p>\n<p>&nbsp;<\/p>\n<h3>Nota al pie sobre el rendimiento en p\u00e1ginas<\/h3>\n<p>-Rendimiento promedio aproximado con base en ISO\/IEC 19752. El rendimiento real var\u00eda considerablemente dependiendo del contenido de las p\u00e1ginas impresas y otros factores.<\/p>\n<div class=\"DetailedSpecs-module_specWrapper__3Zu1w\" data-test-hook=\"@hpstellar\/pdp\/tech-specs__detailedSpecWithSubSpecs\">\n<p data-test-hook=\"@hpstellar\/core\/typography\">\n<\/div>\n","protected":false},"excerpt":{"rendered":"<h2 class=\"mb-3\">Detalles del producto<\/h2>\n<div class=\"product-single-w3l\">\n<ul>\n<li class=\"mb-1\"><strong>C\u00f3digo<\/strong>: 0506-013604<\/li>\n<li class=\"mb-1\"><strong>C\u00f3digo Interno:<\/strong> TOHPCF237X<\/li>\n<li class=\"mb-1\"><strong>PartNumber:<\/strong> CF237X<\/li>\n<li class=\"mb-1\"><strong>Marca:<\/strong> HEWLETT PACKARD<\/li>\n<li class=\"mb-1\"><b>L\u00ednea:<\/b> SUMINISTROS<\/li>\n<li class=\"mb-1\"><b>Sublinea:<\/b> SUMINISTROS DE IMP. LASER<\/li>\n<li class=\"mb-1\"><b>Grupo:<\/b> TONERS PARA IMPRESORA<\/li>\n<li class=\"mb-1\"><strong>Rendimiento:<\/strong> 25,000 pags<\/li>\n<li class=\"mb-1\"><strong>Color:<\/strong> Negro, Tecnologia: Laser<\/li>\n<li class=\"mb-1\"><strong>Compatibilidad:<\/strong> HP LaserJet Enterprise MFP M631, M632, M633 series, HP LaserJet Enterprise M608, M609 series<\/li>\n<\/ul>\n<\/div>\n","protected":false},"featured_media":1070,"comment_status":"open","ping_status":"closed","template":"","meta":{"advanced_seo_description":"","jetpack_seo_html_title":"","jetpack_seo_noindex":false,"_joinchat":[]},"pwb-brand":[69],"product_cat":[15,131],"product_tag":[],"jetpack_sharing_enabled":true,"brands":[{"id":69,"name":"HP","slug":"hp"}],"_links":{"self":[{"href":"https:\/\/corporaciongonza.com\/index.php\/wp-json\/wp\/v2\/product\/1069"}],"collection":[{"href":"https:\/\/corporaciongonza.com\/index.php\/wp-json\/wp\/v2\/product"}],"about":[{"href":"https:\/\/corporaciongonza.com\/index.php\/wp-json\/wp\/v2\/types\/product"}],"replies":[{"embeddable":true,"href":"https:\/\/corporaciongonza.com\/index.php\/wp-json\/wp\/v2\/comments?post=1069"}],"wp:featuredmedia":[{"embeddable":true,"href":"https:\/\/corporaciongonza.com\/index.php\/wp-json\/wp\/v2\/media\/1070"}],"wp:attachment":[{"href":"https:\/\/corporaciongonza.com\/index.php\/wp-json\/wp\/v2\/media?parent=1069"}],"wp:term":[{"taxonomy":"pwb-brand","embeddable":true,"href":"https:\/\/corporaciongonza.com\/index.php\/wp-json\/wp\/v2\/pwb-brand?post=1069"},{"taxonomy":"product_cat","embeddable":true,"href":"https:\/\/corporaciongonza.com\/index.php\/wp-json\/wp\/v2\/product_cat?post=1069"},{"taxonomy":"product_tag","embeddable":true,"href":"https:\/\/corporaciongonza.com\/index.php\/wp-json\/wp\/v2\/product_tag?post=1069"}],"curies":[{"name":"wp","href":"https:\/\/api.w.org\/{rel}","templated":true}]}}