{"id":1088,"date":"2024-06-27T19:12:49","date_gmt":"2024-06-28T00:12:49","guid":{"rendered":"https:\/\/corporaciongonza.com\/?post_type=product&#038;p=1088"},"modified":"2024-09-13T10:20:14","modified_gmt":"2024-09-13T15:20:14","slug":"toner-hp-ce278a-78a-l-j-p1606-negro-2100pg-original","status":"publish","type":"product","link":"https:\/\/corporaciongonza.com\/index.php\/product\/toner-hp-ce278a-78a-l-j-p1606-negro-2100pg-original\/","title":{"rendered":"TONER HP CE278A (78A) L.J. P1606 NEGRO 2100PG &#8211; ORIGINAL"},"content":{"rendered":"<h2>TONER HP CE278A (78A) L.J. P1606 NEGRO 2100PG<\/h2>\n<p>Los cartuchos de t\u00f3ner HP 78 LaserJet proporcionan una relaci\u00f3n calidad-precio magn\u00edfica para la impresi\u00f3n cotidiana en empresas. Los cartuchos de t\u00f3ner HP LaserJet ayudan a imprimir f\u00e1cilmente informes, cartas y facturas con calidad profesional.<\/p>\n<p>Obtenga un gran valor para sus necesidades de impresi\u00f3n comercial diarias. La tradicional confiabilidad de HP puede ayudarlo a ahorrar tiempo, minimizar el tiempo de inactividad y generar resultados en los que puede confiar.<br \/>\nProduzca texto claro y definido, e im\u00e1genes n\u00edtidas en blanco y negro. Use las impresoras HP LaserJet con cartuchos de t\u00f3ner originales HP para obtener resultados homog\u00e9neos y profesionales.<br \/>\nSimplifique la experiencia de impresi\u00f3n con una impresi\u00f3n y un manejo de cartuchos confiables y f\u00e1ciles de usar, adem\u00e1s de un reciclaje pr\u00e1ctico y gratuito.<\/p>\n<p>&nbsp;<\/p>\n<h2>FICHA TECNICA<\/h2>\n<p><strong>C\u00f3digo:<\/strong> 13004410<br \/>\n<strong>Marca:<\/strong> HP<br \/>\n<strong>Familia:<\/strong> Suministros de Impresora<br \/>\n<strong>Grupo:<\/strong> Toner<\/p>\n<h3><strong>Dimensiones<\/strong><\/h3>\n<p><strong>-Longitud:<\/strong> 10.6 cm<br \/>\n<strong>-Ancho:<\/strong> 35.8 cm<br \/>\n<strong>-Alto:<\/strong> 12 cm<br \/>\n<strong>-Peso: <\/strong>Aprox. 0,58 kg<\/p>\n<p>&#8211;<strong>Dimensiones m\u00ednimas<\/strong> (ancho x fondo x alto): 375 x 113 x 125 mm<\/p>\n<div class=\"DetailedSpecs-module_specWrapper__3Zu1w\" data-test-hook=\"@hpstellar\/pdp\/tech-specs__detailedSpecWithSubSpecs\">\n<div class=\"Spec-module_spec__71K6S Spec-module_subSpec__ZujQx\">\n<div class=\"Spec-module_innerRight__4TTuE\">\n<div class=\"DetailedSpecs-module_specWrapper__3Zu1w\" data-test-hook=\"@hpstellar\/pdp\/tech-specs__detailedSpecWithSubSpecs\">\n<div class=\"Spec-module_spec__71K6S Spec-module_subSpec__ZujQx\">\n<div class=\"Spec-module_innerLeft__Z13zG\">\n<p class=\"Typography-module_root__eQwd4 Typography-module_boldL__LZR-5 Typography-module_responsive__iddT7\" data-test-hook=\"@hpstellar\/core\/typography\">&#8211;<strong>Dimensiones del embalaje<\/strong> (ancho x fondo x alto):375 x 113 x 125 mm<\/p>\n<\/div>\n<\/div>\n<\/div>\n<\/div>\n<\/div>\n<\/div>\n<p>&nbsp;<\/p>\n<h3>DETALLES:<\/h3>\n<p>&#8211; <strong>Marca:<\/strong> HP<br \/>\n&#8211; <strong>Producto:<\/strong> T\u00f3ner<br \/>\n&#8211; <strong>Modelo:<\/strong> 78A \/ CE278A<br \/>\n&#8211; <strong>Rendimiento:<\/strong> 2100 p\u00e1ginas<br \/>\n&#8211; <strong>N\u00famero de apilado para caja<\/strong>\u00a0<strong>de cart\u00f3n:<\/strong> 36<br \/>\n&#8211; <strong>Tecnolog\u00eda de impresi\u00f3n:<\/strong> L\u00e1ser<br \/>\n&#8211; <strong>Contenido de material reciclado:<\/strong> 27%<br \/>\n&#8211; <strong>Color:<\/strong> Negro<br \/>\n&#8211; <strong>Fabricaci\u00f3n:<\/strong> Estados Unidos<\/p>\n<h3><\/h3>\n<h3>Caracter\u00edsticas:<\/h3>\n<p>&#8211; Calidad superior, resultados profesionales en todo momento.<br \/>\n&#8211; Cartucho de t\u00f3ner de capacidad est\u00e1ndar.<br \/>\n&#8211; Producto Original. Dise\u00f1ado especialmente para conseguir impresiones uniformes y sin problemas<br \/>\ncon la impresora HP.<br \/>\n&#8211; Resultados de precisi\u00f3n, p\u00e1gina tras p\u00e1gina, para mantener a su empresa funcionando<\/p>\n<p>&#8211; Produce texto n\u00edtido, negros contundentes y gr\u00e1ficos definidos con el t\u00f3ner negro de precisi\u00f3n.<br \/>\n&#8211; Producto con certificaci\u00f3n de Conformidad Europea (CE).<br \/>\n&#8211; Producto con rendimiento conforme seg\u00fan a la norma ISO\/IEC 19752.<br \/>\n&#8211; Envoltorio reciclable.<br \/>\n&#8211; Producto reciclable.<\/p>\n<p>&nbsp;<\/p>\n<h3>Compatibilidad:<\/h3>\n<p>&#8211; HP LaserJet Pro P1566 \/ P1606<\/p>\n<h3>Recomendaciones<\/h3>\n<p>&#8211; El embalaje de transporte debe mantenerse protegido de la lluvia y de la humedad.<br \/>\n&#8211; Rango de temperatura de almacenamiento: de -20\u00b0C a 40\u00b0C.<br \/>\n&#8211; Rango de temperatura de funcionamiento: de 10\u00b0C a 32.5\u00b0C.<br \/>\n&#8211; Rango de humedad de almacenamiento: 10 a 90% de humedad relativa.<br \/>\n&#8211; Rango de humedad de funcionamiento: 20 a 80% de humedad relativa.<br \/>\n&#8211; El embalaje de expedici\u00f3n debe mantenerse en posici\u00f3n vertical.<br \/>\n&#8211; El embalaje de expedici\u00f3n no debe exponerse a la luz del sol.<br \/>\n&#8211; Mantener fuera del alcance de ni\u00f1os peque\u00f1os.<\/p>\n<p>&nbsp;<\/p>\n<div class=\"DetailedSpecs-module_specWrapper__3Zu1w\" data-test-hook=\"@hpstellar\/pdp\/tech-specs__detailedSpecWithSubSpecs\">\n<h3 class=\"DetailedSpecs-module_category__d1c3R\"><strong>Garant\u00eda<\/strong><\/h3>\n<div class=\"Spec-module_spec__71K6S Spec-module_subSpec__ZujQx\">\n<div class=\"Spec-module_innerLeft__Z13zG\">\n<p class=\"Typography-module_root__eQwd4 Typography-module_boldL__LZR-5 Typography-module_responsive__iddT7\" data-test-hook=\"@hpstellar\/core\/typography\">-Este producto HP est\u00e1 garantizado contra defectos en materiales y mano de obra.<\/p>\n<\/div>\n<\/div>\n<\/div>\n<p>&nbsp;<\/p>\n","protected":false},"excerpt":{"rendered":"<h2 class=\"mb-3\">Detalles del producto<\/h2>\n<div class=\"product-single-w3l\">\n<ul>\n<li class=\"mb-1\"><strong>C\u00f3digo:<\/strong> 0506-010174<\/li>\n<li class=\"mb-1\"><strong>C\u00f3digo Interno:<\/strong> TOHPCE278A<\/li>\n<li class=\"mb-1\"><strong>PartNumber:<\/strong> CE278A<\/li>\n<li class=\"mb-1\"><strong>Marca:<\/strong> HEWLETT PACKARD<\/li>\n<li class=\"mb-1\"><b>L\u00ednea:<\/b> SUMINISTROS<\/li>\n<li class=\"mb-1\"><b>Sublinea:<\/b> SUMINISTROS DE IMP. LASER<\/li>\n<li class=\"mb-1\"><b>Grupo:<\/b> TONERS PARA IMPRESORA<\/li>\n<li class=\"mb-1\"><strong>Color:<\/strong> Negro<\/li>\n<li class=\"mb-1\"><strong>Compatibilidad:<\/strong> HP LASERJET P1566\/P1606DN<\/li>\n<li class=\"mb-1\"><strong>Rendimiento:<\/strong> 2100 p\u00e1ginas.<\/li>\n<\/ul>\n<\/div>\n","protected":false},"featured_media":1089,"comment_status":"open","ping_status":"closed","template":"","meta":{"advanced_seo_description":"","jetpack_seo_html_title":"","jetpack_seo_noindex":false,"_joinchat":[]},"pwb-brand":[69],"product_cat":[15,131],"product_tag":[],"jetpack_sharing_enabled":true,"brands":[{"id":69,"name":"HP","slug":"hp"}],"_links":{"self":[{"href":"https:\/\/corporaciongonza.com\/index.php\/wp-json\/wp\/v2\/product\/1088"}],"collection":[{"href":"https:\/\/corporaciongonza.com\/index.php\/wp-json\/wp\/v2\/product"}],"about":[{"href":"https:\/\/corporaciongonza.com\/index.php\/wp-json\/wp\/v2\/types\/product"}],"replies":[{"embeddable":true,"href":"https:\/\/corporaciongonza.com\/index.php\/wp-json\/wp\/v2\/comments?post=1088"}],"wp:featuredmedia":[{"embeddable":true,"href":"https:\/\/corporaciongonza.com\/index.php\/wp-json\/wp\/v2\/media\/1089"}],"wp:attachment":[{"href":"https:\/\/corporaciongonza.com\/index.php\/wp-json\/wp\/v2\/media?parent=1088"}],"wp:term":[{"taxonomy":"pwb-brand","embeddable":true,"href":"https:\/\/corporaciongonza.com\/index.php\/wp-json\/wp\/v2\/pwb-brand?post=1088"},{"taxonomy":"product_cat","embeddable":true,"href":"https:\/\/corporaciongonza.com\/index.php\/wp-json\/wp\/v2\/product_cat?post=1088"},{"taxonomy":"product_tag","embeddable":true,"href":"https:\/\/corporaciongonza.com\/index.php\/wp-json\/wp\/v2\/product_tag?post=1088"}],"curies":[{"name":"wp","href":"https:\/\/api.w.org\/{rel}","templated":true}]}}