{"id":1093,"date":"2024-06-28T12:52:24","date_gmt":"2024-06-28T17:52:24","guid":{"rendered":"https:\/\/corporaciongonza.com\/?post_type=product&#038;p=1093"},"modified":"2024-09-13T10:19:39","modified_gmt":"2024-09-13T15:19:39","slug":"toner-hp-w2023a-414a-l-j-m454-magenta-2100-pgs-original","status":"publish","type":"product","link":"https:\/\/corporaciongonza.com\/index.php\/product\/toner-hp-w2023a-414a-l-j-m454-magenta-2100-pgs-original\/","title":{"rendered":"TONER HP W2023A (414A) L.J. M454 MAGENTA 2,100 PGS &#8211; ORIGINAL"},"content":{"rendered":"<h1 class=\"mb-3\">TONER HP W2023A (414A) L.J. M454 MAGENTA 2,100 PGS<\/h1>\n<p>Imprima documentos de colores intensos con cartuchos de t\u00f3ner originales HP con JetIntelligence dise\u00f1ados para su impresora. Elija las opciones de alta capacidad para imprimir grandes vol\u00famenes en la oficina y con protecci\u00f3n contra falsificaciones gracias a la tecnolog\u00eda antifraude HP.<\/p>\n<ul>\n<li>Subgrupo de producto: Cartuchos de t\u00f3ner de capacidad est\u00e1ndar<\/li>\n<li>Color(es) de consumibles de impresi\u00f3n: Amarillo<\/li>\n<li>Rendimiento en cantidad de p\u00e1ginas (color): 2.100 p\u00e1ginas<\/li>\n<li>Contenido de la caja: Cartuchos de t\u00f3ner; Gu\u00eda de reciclaje<\/li>\n<\/ul>\n<h3>DETALLES:<\/h3>\n<p>\u2013 <strong>Marca:<\/strong> HP<br \/>\n\u2013 <strong>Producto:<\/strong> Toner<br \/>\n\u2013 <strong>Modelo:<\/strong> 414A \/ W2023A<br \/>\n\u2013 <strong>Rendimiento:<\/strong> 2100 p\u00e1ginas<br \/>\n\u2013 <strong>Linea:<\/strong> LaserJet<br \/>\n\u2013 <strong>Tecnolog\u00eda de impresi\u00f3n:<\/strong> l\u00e1ser<br \/>\n\u2013 <strong>N\u00famero de apilado para caja de cart\u00f3n:<\/strong> 36<br \/>\n\u2013 <strong>Color:<\/strong> Magenta<br \/>\n\u2013 <strong>Fabricaci\u00f3n:<\/strong> Jap\u00f3n<\/p>\n<h3>Dimensiones<\/h3>\n<p><strong>-Longitud:<\/strong> 10.1 cm<br \/>\n<strong>-Ancho:<\/strong> 36.5 cm<br \/>\n<strong>-Alto:<\/strong> 12.3 cm<br \/>\n<strong>-Peso:<\/strong> 800 gr<\/p>\n<h2>Caracteristicas<\/h2>\n<p>\u2013 Toner original HP.<br \/>\n\u2013 Cartucho de t\u00f3ner de capacidad est\u00e1ndar.<br \/>\n\u2013 Imprima documentos de colores intensos con cartuchos de t\u00f3ner originales HP con JetIntelligence<br \/>\ndise\u00f1ados para su impresora.<br \/>\n\u2013 Elija las opciones de alta capacidad para imprimir grandes vol\u00famenes en la oficina y con protecci\u00f3n<br \/>\n\u2013 Impresi\u00f3n constante y sin interrupciones con el T\u00f3ner Original de HP.<br \/>\n\u2013 Chip, firmware y empaque a prueba de manipulaciones.<br \/>\n\u2013 Al elegir Cartuchos Originales HP, usted est\u00e1 participando en la econom\u00eda circular. Con su ayuda, el<br \/>\nproceso de reciclaje HP le da nueva vida a los productos.<br \/>\n\u2013 Cumple con la calidad de aire en interiores a trav\u00e9s de los criterios de emisiones de etiqueta<br \/>\necol\u00f3gica.<br \/>\n\u2013 Produzca documentos color de calidad superior, a la velocidad para la cual se cre\u00f3 su impresora.<br \/>\n\u2013 Tenga la seguridad de que obtiene el m\u00e1ximo valor de su cartucho. Los cartuchos de t\u00f3ner originales<br \/>\nHP con JetIntelligence ofrecen opciones de alta capacidad rentables y eficacia con seguimiento<br \/>\ninteligente de los niveles de t\u00f3ner.<br \/>\n\u2013 El t\u00f3ner y el tambor de creaci\u00f3n de im\u00e1genes est\u00e1n combinados en un elemento, por lo que no<br \/>\nnecesita controlar ni comprar un tambor adicional.<br \/>\n\u2013 Envoltorio Reciclable.<br \/>\n\u2013 Producto reciclable.<br \/>\n\u2013 Producto con Certificaci\u00f3n Europea (CE)<br \/>\n\u2013 Producto con rendimiento conforme seg\u00fan a la norma ISO\/IEC 19798<\/p>\n<p>&nbsp;<\/p>\n<h3>Compatibilidad:<\/h3>\n<p>\u2013 HP LaserJet Pro \/ HP LaserJet Enterprise M454 \/ M455 \/ MFP M479 \/ MFP M480<\/p>\n<p>&nbsp;<\/p>\n<h3>Recomendaciones:<\/h3>\n<p>\u2013 El embalaje de transporte debe mantenerse protegido de la lluvia y de la humedad<br \/>\n\u2013 Rango de temperatura de almacenamiento: de -20\u00b0C a 40\u00b0C<br \/>\n\u2013 Rango de temperatura de funcionamiento: de 10\u00b0C a 32.5\u00b0C<br \/>\n\u2013 Rango de humedad de almacenamiento: 10 a 90% de humedad relativa<br \/>\n\u2013 Rango de humedad de funcionamiento: 20 a 80% de humedad relativa<br \/>\n\u2013 El embalaje de expedici\u00f3n debe mantenerse en posici\u00f3n vertical<br \/>\n\u2013 El embalaje de expedici\u00f3n no debe exponerse a la luz del sol.<br \/>\n\u2013 Mantener alejado del alcance de los ni\u00f1os.<\/p>\n<h2>Condiciones de la garant\u00eda<\/h2>\n<p>El servicio de garant\u00eda tiene limitaciones. A continuaci\u00f3n se enumeran algunas de estas limitaciones:<\/p>\n<p>Los t\u00e9rminos y las condiciones de la garant\u00eda ofrecen reparaci\u00f3n o sustituci\u00f3n (a discreci\u00f3n de HP) por defectos de material o mano de obra del fabricante. La garant\u00eda no protege contra da\u00f1os accidentales, p\u00e9rdida, causas naturales o cualquier otro evento no originado durante la fabricaci\u00f3n del producto.<br \/>\nHP puede reparar los productos con productos o piezas nuevos o previamente utilizados equivalentes a los nuevos en cuanto a rendimiento y confiabilidad, o con productos equivalentes a un producto original que haya dejado de fabricarse.<br \/>\nHP no se responsabiliza por la p\u00e9rdida de datos. Se recomienda tener un plan de copia de seguridad de datos.<br \/>\nEst\u00e1 disponible el soporte del software para las aplicaciones que HP vende con un producto o para aplicaciones que est\u00e1n preinstaladas en un producto HP, incluidos los sistemas operativos. El per\u00edodo de tiempo que admiten est\u00e1 disponible y la existencia de una tarifa para ese soporte var\u00eda seg\u00fan la l\u00ednea de productos. Para obtener informaci\u00f3n sobre el soporte del software para un producto HP espec\u00edfico, consulte la declaraci\u00f3n de garant\u00eda para el producto.<br \/>\nEs posible invalidar la garant\u00eda de un producto HP. Las fallas causadas por un componente no compatible o de terceros no est\u00e1n cubiertas por la garant\u00eda. La apertura de un componente o producto sellado anular\u00e1 la garant\u00eda. Algunos ejemplos de tales componentes o productos sellados incluyen unidades de disco, monitores y muchos productos de equipos de mano. La apertura de la carcasa no invalidar\u00e1 la garant\u00eda en los productos que est\u00e1n dise\u00f1ados para abrirse y actualizarse, tales como equipos de torre o de escritorio, o servidores.<\/p>\n<h2>Cuidado del producto y resoluci\u00f3n de problemas<\/h2>\n<p>El cliente puede influir en la calidad y la longevidad del hardware de HP.<\/p>\n<p>Para mantener el m\u00e1ximo rendimiento, un producto requiere atenci\u00f3n regular a variables como flujo de aire, control del polvo, las actualizaciones de controladores y actualizaciones de ROM del BIOS.<br \/>\nSi un producto falla, HP identificar\u00e1 la causa de la falla y propondr\u00e1 una soluci\u00f3n de forma remota. Si la falla se debe a un defecto de fabricaci\u00f3n y el producto est\u00e1 en garant\u00eda, HP, a distancia, diagnosticar\u00e1 y reparar\u00e1 o sustituir\u00e1 (a discreci\u00f3n de HP) el producto sin costo alguno. Si el producto est\u00e1 fuera del per\u00edodo de garant\u00eda, puede haber una tarifa para el diagn\u00f3stico y su soluci\u00f3n.<br \/>\nEs necesario que el cliente ayude a HP en la evaluaci\u00f3n de un producto defectuoso. HP puede pedirle al cliente que abra la caja del producto, retire el hardware, manipule el software o realice otras actividades de diagn\u00f3stico. La falta de ayuda y la imposibilidad de realizar diagn\u00f3sticos remotos dar\u00e1 lugar al cobro de una tarifa de servicio para servicios de diagn\u00f3stico en el sitio.<\/p>\n","protected":false},"excerpt":{"rendered":"<h2 class=\"mb-3\">Detalles del producto<\/h2>\n<div class=\"product-single-w3l\">\n<ul>\n<li class=\"mb-1\"><strong>C\u00f3digo:<\/strong> 0506-014965<\/li>\n<li class=\"mb-1\"><strong>C\u00f3digo Interno:<\/strong> TOHPW2023A<\/li>\n<li class=\"mb-1\"><strong>PartNumber:<\/strong> W2023A<\/li>\n<li class=\"mb-1\"><strong>Marca:<\/strong> HEWLETT PACKARD<\/li>\n<li class=\"mb-1\"><b>L\u00ednea:<\/b> SUMINISTROS<\/li>\n<li class=\"mb-1\"><b>Sublinea:<\/b> SUMINISTROS DE IMP. LASER<\/li>\n<li class=\"mb-1\"><b>Grupo:<\/b> TONERS PARA IMPRESORA<\/li>\n<li class=\"mb-1\"><strong>Color:<\/strong> Magenta<\/li>\n<li class=\"mb-1\"><strong>Compatibilidad:<\/strong> HP Color LaserJet Pro M454 series, HP Color LaserJet Pro MFP M479 series<\/li>\n<li class=\"mb-1\"><strong>Rendimiento:<\/strong> 2100 p\u00e1ginas.<\/li>\n<\/ul>\n<\/div>\n","protected":false},"featured_media":1094,"comment_status":"open","ping_status":"closed","template":"","meta":{"advanced_seo_description":"","jetpack_seo_html_title":"","jetpack_seo_noindex":false,"_joinchat":[]},"pwb-brand":[69],"product_cat":[15,131],"product_tag":[],"jetpack_sharing_enabled":true,"brands":[{"id":69,"name":"HP","slug":"hp"}],"_links":{"self":[{"href":"https:\/\/corporaciongonza.com\/index.php\/wp-json\/wp\/v2\/product\/1093"}],"collection":[{"href":"https:\/\/corporaciongonza.com\/index.php\/wp-json\/wp\/v2\/product"}],"about":[{"href":"https:\/\/corporaciongonza.com\/index.php\/wp-json\/wp\/v2\/types\/product"}],"replies":[{"embeddable":true,"href":"https:\/\/corporaciongonza.com\/index.php\/wp-json\/wp\/v2\/comments?post=1093"}],"wp:featuredmedia":[{"embeddable":true,"href":"https:\/\/corporaciongonza.com\/index.php\/wp-json\/wp\/v2\/media\/1094"}],"wp:attachment":[{"href":"https:\/\/corporaciongonza.com\/index.php\/wp-json\/wp\/v2\/media?parent=1093"}],"wp:term":[{"taxonomy":"pwb-brand","embeddable":true,"href":"https:\/\/corporaciongonza.com\/index.php\/wp-json\/wp\/v2\/pwb-brand?post=1093"},{"taxonomy":"product_cat","embeddable":true,"href":"https:\/\/corporaciongonza.com\/index.php\/wp-json\/wp\/v2\/product_cat?post=1093"},{"taxonomy":"product_tag","embeddable":true,"href":"https:\/\/corporaciongonza.com\/index.php\/wp-json\/wp\/v2\/product_tag?post=1093"}],"curies":[{"name":"wp","href":"https:\/\/api.w.org\/{rel}","templated":true}]}}