{"id":1104,"date":"2024-06-29T13:17:01","date_gmt":"2024-06-29T18:17:01","guid":{"rendered":"https:\/\/corporaciongonza.com\/?post_type=product&#038;p=1104"},"modified":"2024-09-13T10:18:43","modified_gmt":"2024-09-13T15:18:43","slug":"toner-hp-cb435a-35a-l-j-p1005-p1006-original","status":"publish","type":"product","link":"https:\/\/corporaciongonza.com\/index.php\/product\/toner-hp-cb435a-35a-l-j-p1005-p1006-original\/","title":{"rendered":"TONER HP CB435A (35A) L.J. P1005\/P1006 &#8211; ORIGINAL"},"content":{"rendered":"<h2>TONER HP CB435A (35A) L.J. P1005\/P1006 &#8211; ORIGINAL<\/h2>\n<p>Cartucho de impresi\u00f3n negro HP LaserJet CB435A para producir texto claro e im\u00e1genes n\u00edtidas gracias al t\u00f3ner monocromo esf\u00e9rico de HP. La inteligencia integrada en el cartucho mejora la fiabilidad y habilita las funciones de ahorro de tiempo para que el precio resulte a\u00fan mejor.<\/p>\n<div class=\"textos-dif\"><strong>Resultados que sorprenden.<\/strong>&#8211; Conf\u00ede en el rendimiento uniforme de HP, tanto si imprime en blanco y negro como en color. Los cartuchos de t\u00f3ner originales HP est\u00e1n dise\u00f1ados para funcionar desde la primera vez, siempre.<\/div>\n<div><\/div>\n<div>&#8211; <strong>Marca:<\/strong> HP<br \/>\n&#8211; <strong>Producto:<\/strong> T\u00f3ner<br \/>\n&#8211; <strong>Modelo:<\/strong> 35A \/ CB435A<br \/>\n&#8211; <strong>Rendimiento:<\/strong> 1.500 p\u00e1ginas<br \/>\n&#8211; <strong>Contenido de material reciclado:<\/strong> 28%<br \/>\n&#8211; <strong>N\u00famero de apilado para caja de cart\u00f3n:<\/strong> 36<br \/>\n&#8211; <strong>Color:<\/strong> Negro<br \/>\n&#8211; <strong>Fabricaci\u00f3n:<\/strong> Jap\u00f3n<\/div>\n<div><\/div>\n<h2>Compatibilidad<\/h2>\n<div>&#8211; HP LaserJet P1005 \/ P1006<\/div>\n<div><\/div>\n<h2>Recomendaciones<\/h2>\n<div>&#8211; El embalaje de transporte debe mantenerse protegido de la lluvia y de la humedad.<br \/>\n&#8211; L\u00edmite de temperatura entre lo que debe almacenarse: l\u00edmites -20 a 40\u00b0C.<br \/>\n&#8211; Margen de temperaturas operativas 15 a 32,5\u00b0C.<br \/>\n&#8211; Intervalo de humedad en funcionamiento: de 20 a 80% HR.<br \/>\n&#8211; Humedad durante almacenamiento: 10 a 90% RH.<br \/>\n&#8211; El embalaje de expedici\u00f3n debe mantenerse en posici\u00f3n vertical.<br \/>\n&#8211; El embalaje de expedici\u00f3n no debe exponerse a la luz del sol.<br \/>\n&#8211; Mantener fuera del alcance de ni\u00f1os peque\u00f1os.<\/div>\n<h2>Caracter\u00edsticas<\/h2>\n<div>&#8211; Cartucho de tinta original HP.<br \/>\n&#8211; Cartucho de t\u00f3ner de capacidad est\u00e1ndar.<br \/>\n&#8211; Calidad superior, resultados profesionales en todo momento.<br \/>\n&#8211; El fabricante garantiza que este producto HP no tiene defectos de materiales ni de mano de Obra.<br \/>\n&#8211; Producto Original. Dise\u00f1ado especialmente para conseguir impresiones uniformes y sin problemas<br \/>\n&#8211; Produce texto n\u00edtido, negros contundentes y gr\u00e1ficos definidos con el t\u00f3ner negro de precisi\u00f3n.<br \/>\n&#8211; Producto con Certificaci\u00f3n de conformidad Europea (CE).<br \/>\n&#8211; Producto con rendimiento conforme seg\u00fan a la norma ISO\/IEC 19752.<\/div>\n<div class=\"container_wrapper\">\n<section id=\"content\">\n<h2>Dise\u00f1ado para trabajar por primera vez, todo el tiempo<\/h2>\n<p>Conf\u00ede en los cartuchos HP originales para que funcionen de forma consistente.<\/p>\n<\/section>\n<section id=\"middle\">\n<h2>Impresiones de calidad de las que puede enorgullecerse<\/h2>\n<p>Experimente una calidad de impresi\u00f3n excepcional cuando utilice cartuchos HP originales.<\/p>\n<\/section>\n<aside id=\"sidebar\">\n<h2>La elecci\u00f3n del medio ambiente<\/h2>\n<p>Cartuchos dise\u00f1ados con el planeta en mente para un f\u00e1cil reciclaje y menos desperdicio.<\/p>\n<\/aside>\n<\/div>\n<p>&nbsp;<\/p>\n<h2>RECOMENDACIONES:<\/h2>\n<p>\u2013 El embalaje de transporte debe mantenerse protegido de la lluvia y de la humedad.<br \/>\n\u2013 Mantener fuera del alcance de ni\u00f1os peque\u00f1os.<br \/>\n\u2013 Rango de temperatura de almacenamiento: de -20\u00b0C a 40\u00b0C<br \/>\n\u2013 Rango de temperatura de funcionamiento: de 10\u00b0C a 32.5\u00b0C<br \/>\n\u2013 Rango de humedad de almacenamiento: 10 a 80% de humedad relativa.<br \/>\n\u2013 Rango de humedad de funcionamiento: 20 a 80% de humedad relativa.<br \/>\n\u2013 El embalaje de expedici\u00f3n debe mantenerse en posici\u00f3n vertical<br \/>\n\u2013 El embalaje de expedici\u00f3n no debe exponerse a la luz del sol.<\/p>\n<h2>Condiciones de la garant\u00eda<\/h2>\n<p>El servicio de garant\u00eda tiene limitaciones. A continuaci\u00f3n se enumeran algunas de estas limitaciones:<\/p>\n<p>Los t\u00e9rminos y las condiciones de la garant\u00eda ofrecen reparaci\u00f3n o sustituci\u00f3n (a discreci\u00f3n de HP) por defectos de material o mano de obra del fabricante. La garant\u00eda no protege contra da\u00f1os accidentales, p\u00e9rdida, causas naturales o cualquier otro evento no originado durante la fabricaci\u00f3n del producto.<br \/>\nHP puede reparar los productos con productos o piezas nuevos o previamente utilizados equivalentes a los nuevos en cuanto a rendimiento y confiabilidad, o con productos equivalentes a un producto original que haya dejado de fabricarse.<br \/>\nHP no se responsabiliza por la p\u00e9rdida de datos. Se recomienda tener un plan de copia de seguridad de datos.<br \/>\nEst\u00e1 disponible el soporte del software para las aplicaciones que HP vende con un producto o para aplicaciones que est\u00e1n preinstaladas en un producto HP, incluidos los sistemas operativos. El per\u00edodo de tiempo que admiten est\u00e1 disponible y la existencia de una tarifa para ese soporte var\u00eda seg\u00fan la l\u00ednea de productos. Para obtener informaci\u00f3n sobre el soporte del software para un producto HP espec\u00edfico, consulte la declaraci\u00f3n de garant\u00eda para el producto.<br \/>\nEs posible invalidar la garant\u00eda de un producto HP. Las fallas causadas por un componente no compatible o de terceros no est\u00e1n cubiertas por la garant\u00eda. La apertura de un componente o producto sellado anular\u00e1 la garant\u00eda. Algunos ejemplos de tales componentes o productos sellados incluyen unidades de disco, monitores y muchos productos de equipos de mano. La apertura de la carcasa no invalidar\u00e1 la garant\u00eda en los productos que est\u00e1n dise\u00f1ados para abrirse y actualizarse, tales como equipos de torre o de escritorio, o servidores.<\/p>\n<h2>Cuidado del producto y resoluci\u00f3n de problemas<\/h2>\n<p>El cliente puede influir en la calidad y la longevidad del hardware de HP.<\/p>\n<p>Para mantener el m\u00e1ximo rendimiento, un producto requiere atenci\u00f3n regular a variables como flujo de aire, control del polvo, las actualizaciones de controladores y actualizaciones de ROM del BIOS.<br \/>\nSi un producto falla, HP identificar\u00e1 la causa de la falla y propondr\u00e1 una soluci\u00f3n de forma remota. Si la falla se debe a un defecto de fabricaci\u00f3n y el producto est\u00e1 en garant\u00eda, HP, a distancia, diagnosticar\u00e1 y reparar\u00e1 o sustituir\u00e1 (a discreci\u00f3n de HP) el producto sin costo alguno. Si el producto est\u00e1 fuera del per\u00edodo de garant\u00eda, puede haber una tarifa para el diagn\u00f3stico y su soluci\u00f3n.<br \/>\nEs necesario que el cliente ayude a HP en la evaluaci\u00f3n de un producto defectuoso. HP puede pedirle al cliente que abra la caja del producto, retire el hardware, manipule el software o realice otras actividades de diagn\u00f3stico. La falta de ayuda y la imposibilidad de realizar diagn\u00f3sticos remotos dar\u00e1 lugar al cobro de una tarifa de servicio para servicios de diagn\u00f3stico en el sitio.<\/p>\n","protected":false},"excerpt":{"rendered":"<h2 class=\"mb-3\">DETALLES DEL PRODUCTO:<\/h2>\n<div class=\"product-single-w3l\">\n<ul>\n<li class=\"mb-1\"><strong>C\u00f3digo: 0506-010146<\/strong><\/li>\n<li class=\"mb-1\"><strong>C\u00f3digo<\/strong> Interno: TOHPCB435A<\/li>\n<li class=\"mb-1\"><strong>PartNumber:<\/strong> CB435A<\/li>\n<li class=\"mb-1\"><strong>Marca:<\/strong> HEWLETT PACKARD<\/li>\n<li class=\"mb-1\"><b>L\u00ednea:<\/b> SUMINISTROS<\/li>\n<li class=\"mb-1\"><b>Sublinea:<\/b> SUMINISTROS DE IMP. LASER<\/li>\n<li class=\"mb-1\"><b>Grupo:<\/b> TONERS PARA IMPRESORA<\/li>\n<li class=\"mb-1\"><strong>Color:<\/strong> Negro<\/li>\n<li class=\"mb-1\"><strong>Compatibilidad:<\/strong> HP LASERJET P1005\/P1006\/P1007\/P1009<\/li>\n<li class=\"mb-1\"><strong>Rendimiento:<\/strong> 1500 p\u00e1ginas.<\/li>\n<\/ul>\n<\/div>\n","protected":false},"featured_media":1105,"comment_status":"open","ping_status":"closed","template":"","meta":{"advanced_seo_description":"","jetpack_seo_html_title":"","jetpack_seo_noindex":false,"_joinchat":[]},"pwb-brand":[69],"product_cat":[15,131],"product_tag":[],"jetpack_sharing_enabled":true,"brands":[{"id":69,"name":"HP","slug":"hp"}],"_links":{"self":[{"href":"https:\/\/corporaciongonza.com\/index.php\/wp-json\/wp\/v2\/product\/1104"}],"collection":[{"href":"https:\/\/corporaciongonza.com\/index.php\/wp-json\/wp\/v2\/product"}],"about":[{"href":"https:\/\/corporaciongonza.com\/index.php\/wp-json\/wp\/v2\/types\/product"}],"replies":[{"embeddable":true,"href":"https:\/\/corporaciongonza.com\/index.php\/wp-json\/wp\/v2\/comments?post=1104"}],"wp:featuredmedia":[{"embeddable":true,"href":"https:\/\/corporaciongonza.com\/index.php\/wp-json\/wp\/v2\/media\/1105"}],"wp:attachment":[{"href":"https:\/\/corporaciongonza.com\/index.php\/wp-json\/wp\/v2\/media?parent=1104"}],"wp:term":[{"taxonomy":"pwb-brand","embeddable":true,"href":"https:\/\/corporaciongonza.com\/index.php\/wp-json\/wp\/v2\/pwb-brand?post=1104"},{"taxonomy":"product_cat","embeddable":true,"href":"https:\/\/corporaciongonza.com\/index.php\/wp-json\/wp\/v2\/product_cat?post=1104"},{"taxonomy":"product_tag","embeddable":true,"href":"https:\/\/corporaciongonza.com\/index.php\/wp-json\/wp\/v2\/product_tag?post=1104"}],"curies":[{"name":"wp","href":"https:\/\/api.w.org\/{rel}","templated":true}]}}