{"id":1281,"date":"2024-07-06T18:37:30","date_gmt":"2024-07-06T23:37:30","guid":{"rendered":"https:\/\/corporaciongonza.com\/?post_type=product&#038;p=1281"},"modified":"2024-09-13T10:11:57","modified_gmt":"2024-09-13T15:11:57","slug":"impresora-multifuncional-de-tinta-a3-brother-mfc-t4500dw","status":"publish","type":"product","link":"https:\/\/corporaciongonza.com\/index.php\/product\/impresora-multifuncional-de-tinta-a3-brother-mfc-t4500dw\/","title":{"rendered":"IMPRESORA MULTIFUNCIONAL DE TINTA A3 BROTHER MFC-T4500DW"},"content":{"rendered":"<h2 class=\"m-b-30 nep-pdp-title2\">ACERCA DEL PRODUCTO<span id=\"about-product\"><\/span><\/h2>\n<p>El multifuncional de inyecci\u00f3n de tinta a color MFC-T4500DW de la serie InkBenefit Tank Business de Brother ofrece resultados de alta calidad a bajo precio y la ventaja adicional de poder imprimir en papel de hasta 27.9 x 43.2 cm (A3). Dise\u00f1ado para pymes, este potente equipo viene con una pantalla a color LCD de 2,7&#8243; que permite navegar f\u00e1cilmente por el men\u00fa e imprimir desde y escanear hacia varias aplicaciones populares en la nube \u2021. Impresi\u00f3n y escaneado mediante dispositivos m\u00f3viles para usuarios que se mantienen lejos del escritorio\u2021. La bandeja de hasta 250 hojas admite papel de hasta 27.9 x 43.2 cm y la bandeja multiprop\u00f3sito de 100 hojas es ideal para varios tama\u00f1os de papel. Las funciones N-en-1 y Copiado de documentos de identidad ayudan a ahorrar papel y a reducir gastos de impresi\u00f3n.<\/p>\n<blockquote>\n<p class=\"m-b-10\"><strong>Caracter\u00edsticas Principales<\/strong><\/p>\n<ul>\n<li><b><\/b>Dise\u00f1ada para la empresa. Impresi\u00f3n r\u00e1pida para ayudar a aumentar la productividad en el trabajo y menor tiempo de espera al imprimir la primera hoja. Velocidad de impresi\u00f3n r\u00e1pida 35 ppm en negro y 27 ppm a color. Impresion ISO hasta 22 ipm en negro y 20 ipm a color ((ISO\/IEC 24734)<\/li>\n<li><b><\/b>Impresora, copiadora, esc\u00e1ner y fax de documentos de hasta A3. Tama\u00f1o del cristal del Esc\u00e1ner tama\u00f1o doble carta (A3) y alimentador autom\u00e1tico de documentos de hasta 50 hojas. Impresi\u00f3n d\u00faplex (por ambas caras) autom\u00e1tica.<\/li>\n<li><b><\/b>Navegue y seleccione con facilidad una gama de funciones potentes en la pantalla t\u00e1ctil de 2,7&#8243;.<\/li>\n<li><b><\/b>Imprima f\u00e1cilmente documentos a dos caras. D\u00faplex autom\u00e1tico para ayudar a reducir costos al imprimir documentos profesionales, presentaciones, folletos y cat\u00e1logos a doble faz.<\/li>\n<li><b><\/b>Imprima y escanee desde sus dispositivos m\u00f3viles mediante su smartphone, tablet y computadora port\u00e1til o de escritorio.<\/li>\n<li><b><\/b>Botellas de tinta de reemplazo de s\u00faper alto rendimiento \u2021 para ayudar a reducir los costos de impresi\u00f3n. \u2021 (13.000 p\u00e1ginas en negro, para un total de dos botellas, y 5.000 p\u00e1ginas a color aprox.)<\/li>\n<li><b><\/b>Bandeja de hasta 250 hojas y bandeja MP de hasta 100 hojas.<\/li>\n<li><b><\/b>Puerto USB incorporado para imprimir o escanear desde all\u00ed<b><\/b><\/li>\n<\/ul>\n<h1><strong>CONSUMIBLES Y ACCESORIOS<\/strong><\/h1>\n<ol>\n<li>\n<h2>BTD60BK<\/h2>\n<h3 class=\"m-b-10\">Botella de tinta negra de ultra alto rendimiento<\/h3>\n<\/li>\n<li>\n<h2>BT5001C<\/h2>\n<h3 class=\"m-b-10\">Botella de tinta cian de ultra alto rendimiento<\/h3>\n<\/li>\n<li>\n<h2>BT5001M<\/h2>\n<h3 class=\"m-b-10\">Botella de tinta magenta de ultra alto rendimiento<\/h3>\n<\/li>\n<li>\n<h2>BT5001Y<\/h2>\n<h3 class=\"m-b-10\">Botella de tinta amarilla de ultra alto rendimiento<\/h3>\n<\/li>\n<\/ol>\n<\/blockquote>\n","protected":false},"excerpt":{"rendered":"<h4 class=\"mb-3\">Detalles del producto<\/h4>\n<div class=\"product-single-w3l\">\n<ul>\n<li class=\"mb-1\">C\u00f3digo Interno: IMBRMFCT4500DW<\/li>\n<li class=\"mb-1\">PartNumber: MFC-T4500DW<\/li>\n<li class=\"mb-1\">Marca: BROTHER<\/li>\n<li class=\"mb-1\"><b>L\u00ednea:<\/b>\u00a0IMPRESION<\/li>\n<li class=\"mb-1\"><b>Sublinea:<\/b>\u00a0IMPRESORAS<\/li>\n<li class=\"mb-1\"><b>Grupo:<\/b>\u00a0IMPRESORAS DE TINTA<\/li>\n<li class=\"mb-1\"><b>Otros:<\/b>\u00a0Color, copiadora\/Fax\/Impresora\/Esc\u00e1ner &#8211; 35ppm mono \/ 27ppm color &#8211; 1200 x 4800 dpi impresi\u00f3n &#8211; D\u00faplex autom\u00e1tico &#8211; LAN inal\u00e1mbrica &#8211; Fast Ethernet<\/li>\n<\/ul>\n<\/div>\n","protected":false},"featured_media":1282,"comment_status":"open","ping_status":"closed","template":"","meta":{"advanced_seo_description":"","jetpack_seo_html_title":"","jetpack_seo_noindex":false,"_joinchat":[]},"pwb-brand":[],"product_cat":[155,128],"product_tag":[],"jetpack_sharing_enabled":true,"brands":[],"_links":{"self":[{"href":"https:\/\/corporaciongonza.com\/index.php\/wp-json\/wp\/v2\/product\/1281"}],"collection":[{"href":"https:\/\/corporaciongonza.com\/index.php\/wp-json\/wp\/v2\/product"}],"about":[{"href":"https:\/\/corporaciongonza.com\/index.php\/wp-json\/wp\/v2\/types\/product"}],"replies":[{"embeddable":true,"href":"https:\/\/corporaciongonza.com\/index.php\/wp-json\/wp\/v2\/comments?post=1281"}],"wp:featuredmedia":[{"embeddable":true,"href":"https:\/\/corporaciongonza.com\/index.php\/wp-json\/wp\/v2\/media\/1282"}],"wp:attachment":[{"href":"https:\/\/corporaciongonza.com\/index.php\/wp-json\/wp\/v2\/media?parent=1281"}],"wp:term":[{"taxonomy":"pwb-brand","embeddable":true,"href":"https:\/\/corporaciongonza.com\/index.php\/wp-json\/wp\/v2\/pwb-brand?post=1281"},{"taxonomy":"product_cat","embeddable":true,"href":"https:\/\/corporaciongonza.com\/index.php\/wp-json\/wp\/v2\/product_cat?post=1281"},{"taxonomy":"product_tag","embeddable":true,"href":"https:\/\/corporaciongonza.com\/index.php\/wp-json\/wp\/v2\/product_tag?post=1281"}],"curies":[{"name":"wp","href":"https:\/\/api.w.org\/{rel}","templated":true}]}}