{"id":1597,"date":"2024-08-31T19:10:39","date_gmt":"2024-09-01T00:10:39","guid":{"rendered":"https:\/\/corporaciongonza.com\/?post_type=product&#038;p=1597"},"modified":"2024-09-12T19:48:19","modified_gmt":"2024-09-13T00:48:19","slug":"tinta-hp-cz105al-662xl-negro-360-pag","status":"publish","type":"product","link":"https:\/\/corporaciongonza.com\/index.php\/product\/tinta-hp-cz105al-662xl-negro-360-pag\/","title":{"rendered":"TINTA HP CZ105AL (662XL) NEGRO (360 PAG)"},"content":{"rendered":"<h2>TINTA HP CZ105AL (662XL) NEGRO (360 PAG)<\/h2>\n<h4><strong>Tintas Originales de HP: Dise\u00f1adas para funcionar bien todas las veces desde la primera vez.<\/strong><\/h4>\n<p>\u00a1Mantenga vivas sus memorias! Imprima fotos y documentos resistentes a la decoloraci\u00f3n que duran generaciones.Reduce las reimpresiones, ahorrando papel, tinta y energ\u00eda. Amigables con el Medio Ambiente, al elegir Tintas Originales HP, usted est\u00e1 participando en la econom\u00eda circular. Con su ayuda, el proceso de reciclaje HP le da nueva vida a los productos.<\/p>\n","protected":false},"excerpt":{"rendered":"<h3><strong>DETALLES DEL PRODUCTO<\/strong><\/h3>\n<ul>\n<li class=\"mb-1\"><strong>PartNumber:<\/strong> CZ105AL<\/li>\n<li class=\"mb-1\"><strong>Marca:<\/strong> HP<\/li>\n<li class=\"mb-1\"><b>Sublinea:<\/b>\u00a0SUMINISTROS DE IMP. DE TINTA<\/li>\n<li class=\"mb-1\"><b>Grupo:<\/b>\u00a0TINTAS PARA IMPRESORA NORMAL<\/li>\n<li class=\"mb-1\"><b>Otros:<\/b>\u00a0Color: Negro, Compatibilidad: HP Deskjet Ink Advantage 2515,<\/li>\n<li class=\"mb-1\"><strong>Rendimiento:<\/strong> 360 p\u00e1ginas.<\/li>\n<\/ul>\n","protected":false},"featured_media":1598,"comment_status":"open","ping_status":"closed","template":"","meta":{"advanced_seo_description":"","jetpack_seo_html_title":"","jetpack_seo_noindex":false,"_joinchat":{"view":"yes"}},"pwb-brand":[69],"product_cat":[138,121],"product_tag":[],"jetpack_sharing_enabled":true,"brands":[{"id":69,"name":"HP","slug":"hp"}],"_links":{"self":[{"href":"https:\/\/corporaciongonza.com\/index.php\/wp-json\/wp\/v2\/product\/1597"}],"collection":[{"href":"https:\/\/corporaciongonza.com\/index.php\/wp-json\/wp\/v2\/product"}],"about":[{"href":"https:\/\/corporaciongonza.com\/index.php\/wp-json\/wp\/v2\/types\/product"}],"replies":[{"embeddable":true,"href":"https:\/\/corporaciongonza.com\/index.php\/wp-json\/wp\/v2\/comments?post=1597"}],"wp:featuredmedia":[{"embeddable":true,"href":"https:\/\/corporaciongonza.com\/index.php\/wp-json\/wp\/v2\/media\/1598"}],"wp:attachment":[{"href":"https:\/\/corporaciongonza.com\/index.php\/wp-json\/wp\/v2\/media?parent=1597"}],"wp:term":[{"taxonomy":"pwb-brand","embeddable":true,"href":"https:\/\/corporaciongonza.com\/index.php\/wp-json\/wp\/v2\/pwb-brand?post=1597"},{"taxonomy":"product_cat","embeddable":true,"href":"https:\/\/corporaciongonza.com\/index.php\/wp-json\/wp\/v2\/product_cat?post=1597"},{"taxonomy":"product_tag","embeddable":true,"href":"https:\/\/corporaciongonza.com\/index.php\/wp-json\/wp\/v2\/product_tag?post=1597"}],"curies":[{"name":"wp","href":"https:\/\/api.w.org\/{rel}","templated":true}]}}