{"id":1701,"date":"2024-09-04T12:03:20","date_gmt":"2024-09-04T17:03:20","guid":{"rendered":"https:\/\/corporaciongonza.com\/?post_type=product&#038;p=1701"},"modified":"2024-09-12T19:42:38","modified_gmt":"2024-09-13T00:42:38","slug":"toner-hp-cb436a-36a-l-j-p1505-m1522","status":"publish","type":"product","link":"https:\/\/corporaciongonza.com\/index.php\/product\/toner-hp-cb436a-36a-l-j-p1505-m1522\/","title":{"rendered":"TONER HP CB436A (36A) L.J. P1505\/M1522"},"content":{"rendered":"<h2 class=\"mb-3\">TONER HP CB436A (36A) L.J. P1505\/M1522 &#8211; ORIGINAL<\/h2>\n<div class=\"product attribute overview stellar-bold__small\"><\/div>\n<div id=\"overview\" class=\"data item content\">\n<div class=\"overview\">\n<div class=\"overview-content\">\n<div id=\"selling\">\n<div class=\"block widget block-container block-key-selling-points\">\n<div class=\"block-content grid\">\n<p>El t\u00f3ner de forma esf\u00e9rica genera im\u00e1genes m\u00e1s precisas y textos resaltados y n\u00edtidos. La inteligencia integrada en el cartucho permite obtener una comodidad que ahorra tiempo. Nuestra tecnolog\u00eda m\u00e1s reciente ofrece m\u00e1s valor junto con la impresi\u00f3n r\u00e1pida, confiable y sin inconvenientes de HP original.<\/p>\n<h3>Especificaciones T\u00e9cnicas:<\/h3>\n<p><strong>Compatibilidad:<\/strong><\/p>\n<ul>\n<li>HP LaserJet P1505\/P1505n Printer<\/li>\n<\/ul>\n<p><strong>Rendimiento:<\/strong><\/p>\n<ul>\n<li>Hasta 2000 p\u00e1ginas<\/li>\n<\/ul>\n<\/div>\n<p><strong>Sku<\/strong><\/p>\n<ul>\n<li>sku:CB436A<\/li>\n<\/ul>\n<h3>Nombres de productos<\/h3>\n<p><strong>Nombre de sub-marca<\/strong><\/p>\n<ul>\n<li>LaserJet<\/li>\n<\/ul>\n<p><strong>Subgrupo de producto<\/strong><\/p>\n<ul>\n<li>Cartuchos de t\u00f3ner de capacidad est\u00e1ndar<\/li>\n<\/ul>\n<\/div>\n<div class=\"product-spec-swapper grid\">\n<h3 class=\"product-spec-group\">Dimensiones<\/h3>\n<div class=\"product-spec-attributes\">\n<dl class=\"product-spec-attribute\">\n<dt>\n<p class=\"label\">Dimensiones m\u00ednimas (anch. x prof. x alt.)<\/p>\n<\/dt>\n<dd data-th=\"Dimensiones m\u00ednimas (anch. x prof. x alt.)\">\n<h4 class=\"value\">375 x 113 x 125 mm<\/h4>\n<\/dd>\n<\/dl>\n<dl class=\"product-spec-attribute\">\n<dt>\n<p class=\"label\">Dimensiones del embalaje (An x F x Al)<\/p>\n<\/dt>\n<dd data-th=\"Dimensiones del embalaje (An x F x Al)\">\n<h4 class=\"value\">375 x 113 x 125 mm<\/h4>\n<\/dd>\n<\/dl>\n<dl class=\"product-spec-attribute\">\n<dt>\n<p class=\"label\">Dimensiones m\u00ednimas (anch. x prof. x alt.)<\/p>\n<\/dt>\n<dd data-th=\"Dimensiones m\u00ednimas (anch. x prof. x alt.)\">\n<h4 class=\"value\">14.76 x 4.45 x 4.92 in<\/h4>\n<\/dd>\n<\/dl>\n<\/div>\n<\/div>\n<div class=\"block widget block-container block-key-selling-points\">\n<p>&nbsp;<\/p>\n<div class=\"block-content grid\">\n<p>&nbsp;<\/p>\n<\/div>\n<div data-content-type=\"row\" data-appearance=\"full-bleed\" data-enable-parallax=\"0\" data-parallax-speed=\"0.5\" data-background-images=\"{}\" data-video-fallback-src=\"\" data-element=\"main\" data-pb-style=\"AU1OYDT\">\n<div data-content-type=\"text\" data-appearance=\"default\" data-element=\"main\" data-pb-style=\"OSM8R91\">\n<div id=\"pagewrap\">\n<header>\n<div class=\"main-h1\">HP original ha demostrado ser superior a los cartuchos compatibles y fabricados<\/div>\n<\/header>\n<div class=\"container_wrapper\">\n<section id=\"content\">\n<div class=\"icon_container\"><img decoding=\"async\" class=\" edgioloaded\" src=\"https:\/\/d22k5h68hofcrd.cloudfront.net\/wysiwyg\/product\/toner\/icon1.png\" width=\"70\" height=\"70\" data-edgio-load=\"https:\/\/d22k5h68hofcrd.cloudfront.net\/wysiwyg\/product\/toner\/icon1.png\" \/><\/div>\n<h2>Dise\u00f1ado para trabajar por primera vez, todo el tiempo<\/h2>\n<p>Conf\u00ede en los cartuchos HP originales para que funcionen de forma consistente.<\/p>\n<\/section>\n<section id=\"middle\">\n<div class=\"icon_container\"><img decoding=\"async\" class=\" edgioloaded\" src=\"https:\/\/d22k5h68hofcrd.cloudfront.net\/wysiwyg\/product\/toner\/icon2.png\" width=\"70\" height=\"70\" data-edgio-load=\"https:\/\/d22k5h68hofcrd.cloudfront.net\/wysiwyg\/product\/toner\/icon2.png\" \/><\/div>\n<h2>Impresiones de calidad de las que puede enorgullecerse<\/h2>\n<p>Experimente una calidad de impresi\u00f3n excepcional cuando utilice cartuchos HP originales.<\/p>\n<\/section>\n<aside id=\"sidebar\">\n<div class=\"icon_container\"><img decoding=\"async\" class=\" edgioloaded\" src=\"https:\/\/d22k5h68hofcrd.cloudfront.net\/wysiwyg\/product\/toner\/icon3.png\" width=\"70\" height=\"70\" data-edgio-load=\"https:\/\/d22k5h68hofcrd.cloudfront.net\/wysiwyg\/product\/toner\/icon3.png\" \/><\/div>\n<h2>La elecci\u00f3n del medio ambiente<\/h2>\n<p>Cartuchos dise\u00f1ados con el planeta en mente para un f\u00e1cil reciclaje y menos desperdicio.<\/p>\n<p>&nbsp;<\/p>\n<\/aside>\n<h3>RECOMENDACIONES:<\/h3>\n<p>\u2013 El embalaje de transporte debe mantenerse protegido de la lluvia y de la humedad.<br \/>\n\u2013 Mantener fuera del alcance de ni\u00f1os peque\u00f1os.<br \/>\n\u2013 Rango de temperatura de almacenamiento: de -20\u00b0C a 40\u00b0C<br \/>\n\u2013 Rango de temperatura de funcionamiento: de 10\u00b0C a 32.5\u00b0C<br \/>\n\u2013 Rango de humedad de almacenamiento: 10 a 80% de humedad relativa.<br \/>\n\u2013 Rango de humedad de funcionamiento: 20 a 80% de humedad relativa.<br \/>\n\u2013 El embalaje de expedici\u00f3n debe mantenerse en posici\u00f3n vertical<br \/>\n\u2013 El embalaje de expedici\u00f3n no debe exponerse a la luz del sol.<\/p>\n<h2>Condiciones de la garant\u00eda:<\/h2>\n<p><strong>El servicio de garant\u00eda tiene limitaciones. A continuaci\u00f3n se enumeran algunas de estas limitaciones:<\/strong><\/p>\n<p>Los t\u00e9rminos y las condiciones de la garant\u00eda ofrecen reparaci\u00f3n o sustituci\u00f3n (a discreci\u00f3n de HP) por defectos de material o mano de obra del fabricante. La garant\u00eda no protege contra da\u00f1os accidentales, p\u00e9rdida, causas naturales o cualquier otro evento no originado durante la fabricaci\u00f3n del producto.<br \/>\nHP puede reparar los productos con productos o piezas nuevos o previamente utilizados equivalentes a los nuevos en cuanto a rendimiento y confiabilidad, o con productos equivalentes a un producto original que haya dejado de fabricarse.<br \/>\nHP no se responsabiliza por la p\u00e9rdida de datos. Se recomienda tener un plan de copia de seguridad de datos.<br \/>\nEst\u00e1 disponible el soporte del software para las aplicaciones que HP vende con un producto o para aplicaciones que est\u00e1n preinstaladas en un producto HP, incluidos los sistemas operativos. El per\u00edodo de tiempo que admiten est\u00e1 disponible y la existencia de una tarifa para ese soporte var\u00eda seg\u00fan la l\u00ednea de productos. Para obtener informaci\u00f3n sobre el soporte del software para un producto HP espec\u00edfico, consulte la declaraci\u00f3n de garant\u00eda para el producto.<br \/>\nEs posible invalidar la garant\u00eda de un producto HP. Las fallas causadas por un componente no compatible o de terceros no est\u00e1n cubiertas por la garant\u00eda. La apertura de un componente o producto sellado anular\u00e1 la garant\u00eda. Algunos ejemplos de tales componentes o productos sellados incluyen unidades de disco, monitores y muchos productos de equipos de mano. La apertura de la carcasa no invalidar\u00e1 la garant\u00eda en los productos que est\u00e1n dise\u00f1ados para abrirse y actualizarse, tales como equipos de torre o de escritorio, o servidores.<\/p>\n<h2>Cuidado del producto y resoluci\u00f3n de problemas<\/h2>\n<p>El cliente puede influir en la calidad y la longevidad del hardware de HP.<\/p>\n<p>Para mantener el m\u00e1ximo rendimiento, un producto requiere atenci\u00f3n regular a variables como flujo de aire, control del polvo, las actualizaciones de controladores y actualizaciones de ROM del BIOS.<br \/>\nSi un producto falla, HP identificar\u00e1 la causa de la falla y propondr\u00e1 una soluci\u00f3n de forma remota. Si la falla se debe a un defecto de fabricaci\u00f3n y el producto est\u00e1 en garant\u00eda, HP, a distancia, diagnosticar\u00e1 y reparar\u00e1 o sustituir\u00e1 (a discreci\u00f3n de HP) el producto sin costo alguno. Si el producto est\u00e1 fuera del per\u00edodo de garant\u00eda, puede haber una tarifa para el diagn\u00f3stico y su soluci\u00f3n.<br \/>\nEs necesario que el cliente ayude a HP en la evaluaci\u00f3n de un producto defectuoso. HP puede pedirle al cliente que abra la caja del producto, retire el hardware, manipule el software o realice otras actividades de diagn\u00f3stico. La falta de ayuda y la imposibilidad de realizar diagn\u00f3sticos remotos dar\u00e1 lugar al cobro de una tarifa de servicio para servicios de diagn\u00f3stico en el sitio.<\/p>\n<p>&nbsp;<\/p>\n<\/div>\n<\/div>\n<\/div>\n<\/div>\n<\/div>\n<\/div>\n<\/div>\n<\/div>\n<\/div>\n","protected":false},"excerpt":{"rendered":"<h4 class=\"mb-3\">DETALLES DEL PRODUCTO :<\/h4>\n<div class=\"product-single-w3l\">\n<ul>\n<li class=\"mb-1\"><strong>C\u00f3digo<\/strong>: 0506-010148<\/li>\n<li class=\"mb-1\"><strong>C\u00f3digo<\/strong> <strong>Interno<\/strong>: TOHPCB436A<\/li>\n<li class=\"mb-1\"><strong>PartNumber<\/strong>: CB436A<\/li>\n<li class=\"mb-1\"><strong>Marca<\/strong>: HEWLETT PACKARD<\/li>\n<li class=\"mb-1\"><b>L\u00ednea:<\/b> SUMINISTROS<\/li>\n<li class=\"mb-1\"><b>Sublinea:<\/b> SUMINISTROS DE IMP. LASER<\/li>\n<li class=\"mb-1\"><b>Grupo:<\/b> TONERS PARA IMPRESORA<\/li>\n<li class=\"mb-1\"><b>Otros:<\/b> Color: Negro, Compatibilidad: HP LASERJET P1505\/P1505N\/M1522N\/M1522NF\/M1120\/M1120N<\/li>\n<li class=\"mb-1\"><strong> Rendimiento<\/strong>: 2000 p\u00e1ginas<\/li>\n<\/ul>\n<\/div>\n","protected":false},"featured_media":1702,"comment_status":"open","ping_status":"closed","template":"","meta":{"advanced_seo_description":"","jetpack_seo_html_title":"","jetpack_seo_noindex":false,"_joinchat":[]},"pwb-brand":[69],"product_cat":[15,131],"product_tag":[],"jetpack_sharing_enabled":true,"brands":[{"id":69,"name":"HP","slug":"hp"}],"_links":{"self":[{"href":"https:\/\/corporaciongonza.com\/index.php\/wp-json\/wp\/v2\/product\/1701"}],"collection":[{"href":"https:\/\/corporaciongonza.com\/index.php\/wp-json\/wp\/v2\/product"}],"about":[{"href":"https:\/\/corporaciongonza.com\/index.php\/wp-json\/wp\/v2\/types\/product"}],"replies":[{"embeddable":true,"href":"https:\/\/corporaciongonza.com\/index.php\/wp-json\/wp\/v2\/comments?post=1701"}],"wp:featuredmedia":[{"embeddable":true,"href":"https:\/\/corporaciongonza.com\/index.php\/wp-json\/wp\/v2\/media\/1702"}],"wp:attachment":[{"href":"https:\/\/corporaciongonza.com\/index.php\/wp-json\/wp\/v2\/media?parent=1701"}],"wp:term":[{"taxonomy":"pwb-brand","embeddable":true,"href":"https:\/\/corporaciongonza.com\/index.php\/wp-json\/wp\/v2\/pwb-brand?post=1701"},{"taxonomy":"product_cat","embeddable":true,"href":"https:\/\/corporaciongonza.com\/index.php\/wp-json\/wp\/v2\/product_cat?post=1701"},{"taxonomy":"product_tag","embeddable":true,"href":"https:\/\/corporaciongonza.com\/index.php\/wp-json\/wp\/v2\/product_tag?post=1701"}],"curies":[{"name":"wp","href":"https:\/\/api.w.org\/{rel}","templated":true}]}}