{"id":1718,"date":"2024-09-05T12:45:42","date_gmt":"2024-09-05T17:45:42","guid":{"rendered":"https:\/\/corporaciongonza.com\/?post_type=product&#038;p=1718"},"modified":"2025-01-31T15:08:40","modified_gmt":"2025-01-31T20:08:40","slug":"toner-hp-cc364x-64x-l-j-p4015-4515-24k-negro-original","status":"publish","type":"product","link":"https:\/\/corporaciongonza.com\/index.php\/product\/toner-hp-cc364x-64x-l-j-p4015-4515-24k-negro-original\/","title":{"rendered":"TONER HP CC364X (64X) L.J. P4015\/4515 24K &#8211; NEGRO ( ORIGINAL)"},"content":{"rendered":"<h2>TONER HP CC364X (64X) L.J. P4015\/4515 24K &#8211; NEGRO<\/h2>\n<p>Impresi\u00f3n sin problemas p\u00e1gina tras p\u00e1gina. Resultados uniformes, cartucho tras cartucho. La impresi\u00f3n en la oficina funciona sin problemas con los cartuchos HP originales y el t\u00f3ner mejorado. Y puede confiar en el liderazgo medioambiental de HP.<\/p>\n<h3>Caracter\u00edsticas<\/h3>\n<ul>\n<li>Cantidad de europal\u00e9 36 pieza(s)<\/li>\n<li>C\u00f3digo OEM CC364X<\/li>\n<li>Colores de impresi\u00f3n Negro<\/li>\n<li>Dimensiones europeas del pal\u00e9 (An x F x Al) 1173 x 772 x 1125 mm<\/li>\n<li>Marca compatible HP<\/li>\n<li>N\u00famero de apilado para pal\u00e9 4 pieza(s)<\/li>\n<li>N\u00famero de cajas de cart\u00f3n por pal\u00e9 45 pieza(s)<\/li>\n<li>N\u00famero de capas por pal\u00e9 3 pieza(s)<\/li>\n<li>Pa\u00eds de origen Jap\u00f3n<\/li>\n<li>Rendimiento 24000 p\u00e1ginas<\/li>\n<li>Tecnolog\u00eda de impresi\u00f3n Impresi\u00f3n l\u00e1ser<\/li>\n<li>Tipo Original<\/li>\n<li>Tipo de cartucho de tinta Alto rendimiento (XL)<\/li>\n<\/ul>\n<h3>Condiciones ambientales<\/h3>\n<ul>\n<li>Intervalo de humedad relativa para funcionamiento 20 &#8211; 80%<\/li>\n<li>Intervalo de temperatura de almacenaje -20 &#8211; 40 \u00b0C<\/li>\n<li>Intervalo de temperatura operativa 10 &#8211; 32.5 \u00b0C<\/li>\n<\/ul>\n<p>&nbsp;<\/p>\n<h3>Contenido del embalaje<\/h3>\n<ul>\n<li>Cantidad por paquete 1 pieza(s)<\/li>\n<\/ul>\n<h4>Datos de log\u00edstica<\/h4>\n<ul>\n<li>N\u00famero de cartones por capa 15 pieza(s)<\/li>\n<li>Peso de europalet 145 g<\/li>\n<li>Peso de la tarima 175 g<\/li>\n<\/ul>\n<h4>Detalles t\u00e9cnicos<\/h4>\n<ul>\n<li>C\u00f3digo de Sistema de Armonizaci\u00f3n (SA) 84439990<\/li>\n<li>Master (outer) cases per pallet layer (EU) 12 pieza(s)<\/li>\n<li>Material reciclado 16%<\/li>\n<li>N\u00famero m\u00e1ximo de cajas a apilar 12 pieza(s)<\/li>\n<\/ul>\n<h4>Empaquetado<\/h4>\n<ul>\n<li>Alto del paquete 327 mm<\/li>\n<li>Largo del paquete 193 mm<\/li>\n<li>Peso del paquete 3.33 kg<\/li>\n<\/ul>\n<h4>Otras caracter\u00edsticas<\/h4>\n<ul>\n<li>Cantidad por caja 1 pieza(s)<\/li>\n<li>Cantidad por pal\u00e9 45 pieza(s)<\/li>\n<li>Compatibilidad HP LaserJet P4014\/P4015\/P4515<\/li>\n<li>Dimensiones del pal\u00e9 (Ancho x Profundidad x Altura) 1173 x 965 x 1119 mm<\/li>\n<\/ul>\n<p>&nbsp;<\/p>\n<h4>Peso y dimensiones<\/h4>\n<ul>\n<li>Altura 327 mm<\/li>\n<li>Ancho 391 mm<\/li>\n<li>Ancho de la caja 391 mm<\/li>\n<li>Peso 2.45 kg<\/li>\n<li>Profundidad 193 mm<\/li>\n<\/ul>\n<h4><\/h4>\n<h4>RECOMENDACIONES:<\/h4>\n<p>\u2013 El embalaje de transporte debe mantenerse protegido de la lluvia y de la humedad.<br \/>\n\u2013 Mantener fuera del alcance de ni\u00f1os peque\u00f1os.<br \/>\n\u2013 Rango de temperatura de almacenamiento: de -20\u00b0C a 40\u00b0C<br \/>\n\u2013 Rango de temperatura de funcionamiento: de 10\u00b0C a 32.5\u00b0C<br \/>\n\u2013 Rango de humedad de almacenamiento: 10 a 80% de humedad relativa.<br \/>\n\u2013 Rango de humedad de funcionamiento: 20 a 80% de humedad relativa.<br \/>\n\u2013 El embalaje de expedici\u00f3n debe mantenerse en posici\u00f3n vertical<br \/>\n\u2013 El embalaje de expedici\u00f3n no debe exponerse a la luz del sol.<\/p>\n<h4>Condiciones de la garant\u00eda:<\/h4>\n<p><strong>El servicio de garant\u00eda tiene limitaciones. A continuaci\u00f3n se enumeran algunas de estas limitaciones:<\/strong><\/p>\n<p>Los t\u00e9rminos y las condiciones de la garant\u00eda ofrecen reparaci\u00f3n o sustituci\u00f3n (a discreci\u00f3n de HP) por defectos de material o mano de obra del fabricante. La garant\u00eda no protege contra da\u00f1os accidentales, p\u00e9rdida, causas naturales o cualquier otro evento no originado durante la fabricaci\u00f3n del producto.<br \/>\nHP puede reparar los productos con productos o piezas nuevos o previamente utilizados equivalentes a los nuevos en cuanto a rendimiento y confiabilidad, o con productos equivalentes a un producto original que haya dejado de fabricarse.<br \/>\nHP no se responsabiliza por la p\u00e9rdida de datos. Se recomienda tener un plan de copia de seguridad de datos.<br \/>\nEst\u00e1 disponible el soporte del software para las aplicaciones que HP vende con un producto o para aplicaciones que est\u00e1n preinstaladas en un producto HP, incluidos los sistemas operativos. El per\u00edodo de tiempo que admiten est\u00e1 disponible y la existencia de una tarifa para ese soporte var\u00eda seg\u00fan la l\u00ednea de productos. Para obtener informaci\u00f3n sobre el soporte del software para un producto HP espec\u00edfico, consulte la declaraci\u00f3n de garant\u00eda para el producto.<br \/>\nEs posible invalidar la garant\u00eda de un producto HP. Las fallas causadas por un componente no compatible o de terceros no est\u00e1n cubiertas por la garant\u00eda. La apertura de un componente o producto sellado anular\u00e1 la garant\u00eda. Algunos ejemplos de tales componentes o productos sellados incluyen unidades de disco, monitores y muchos productos de equipos de mano. La apertura de la carcasa no invalidar\u00e1 la garant\u00eda en los productos que est\u00e1n dise\u00f1ados para abrirse y actualizarse, tales como equipos de torre o de escritorio, o servidores.<\/p>\n<h4>Cuidado del producto y resoluci\u00f3n de problemas<\/h4>\n<p>El cliente puede influir en la calidad y la longevidad del hardware de HP.<\/p>\n<p>Para mantener el m\u00e1ximo rendimiento, un producto requiere atenci\u00f3n regular a variables como flujo de aire, control del polvo, las actualizaciones de controladores y actualizaciones de ROM del BIOS.<br \/>\nSi un producto falla, HP identificar\u00e1 la causa de la falla y propondr\u00e1 una soluci\u00f3n de forma remota. Si la falla se debe a un defecto de fabricaci\u00f3n y el producto est\u00e1 en garant\u00eda, HP, a distancia, diagnosticar\u00e1 y reparar\u00e1 o sustituir\u00e1 (a discreci\u00f3n de HP) el producto sin costo alguno. Si el producto est\u00e1 fuera del per\u00edodo de garant\u00eda, puede haber una tarifa para el diagn\u00f3stico y su soluci\u00f3n.<br \/>\nEs necesario que el cliente ayude a HP en la evaluaci\u00f3n de un producto defectuoso. HP puede pedirle al cliente que abra la caja del producto, retire el hardware, manipule el software o realice otras actividades de diagn\u00f3stico. La falta de ayuda y la imposibilidad de realizar diagn\u00f3sticos remotos dar\u00e1 lugar al cobro de una tarifa de servicio para servicios de diagn\u00f3stico en el sitio.<\/p>\n","protected":false},"excerpt":{"rendered":"<h3 class=\"mb-3\">DETALLES DEL PRODUCTO<\/h3>\n<div class=\"product-single-w3l\">\n<ul>\n<li class=\"mb-1\"><strong>C\u00f3digo:<\/strong> 0506-010157<\/li>\n<li class=\"mb-1\"><strong>C\u00f3digo Interno:<\/strong> TOHPCC364X<\/li>\n<li class=\"mb-1\"><strong>PartNumber:<\/strong> CC364X<\/li>\n<li class=\"mb-1\"><strong>Marca:<\/strong> HEWLETT PACKARD<\/li>\n<li class=\"mb-1\"><b>L\u00ednea:<\/b> SUMINISTROS<\/li>\n<li class=\"mb-1\"><b>Sublinea:<\/b> SUMINISTROS DE IMP. LASER<\/li>\n<li class=\"mb-1\"><b>Grupo:<\/b> TONERS PARA IMPRESORA<\/li>\n<li class=\"mb-1\"><b>Otros:<\/b> Color: Negro, Compatibilidad: HP LASERJET P4015\/P4515<\/li>\n<li class=\"mb-1\"><strong>Rendimiento:<\/strong> 24000 p\u00e1ginas.<\/li>\n<\/ul>\n<\/div>\n","protected":false},"featured_media":1980,"comment_status":"open","ping_status":"closed","template":"","meta":{"advanced_seo_description":"","jetpack_seo_html_title":"","jetpack_seo_noindex":false,"_joinchat":[]},"pwb-brand":[69],"product_cat":[15,131],"product_tag":[],"jetpack_sharing_enabled":true,"brands":[{"id":69,"name":"HP","slug":"hp"}],"_links":{"self":[{"href":"https:\/\/corporaciongonza.com\/index.php\/wp-json\/wp\/v2\/product\/1718"}],"collection":[{"href":"https:\/\/corporaciongonza.com\/index.php\/wp-json\/wp\/v2\/product"}],"about":[{"href":"https:\/\/corporaciongonza.com\/index.php\/wp-json\/wp\/v2\/types\/product"}],"replies":[{"embeddable":true,"href":"https:\/\/corporaciongonza.com\/index.php\/wp-json\/wp\/v2\/comments?post=1718"}],"wp:featuredmedia":[{"embeddable":true,"href":"https:\/\/corporaciongonza.com\/index.php\/wp-json\/wp\/v2\/media\/1980"}],"wp:attachment":[{"href":"https:\/\/corporaciongonza.com\/index.php\/wp-json\/wp\/v2\/media?parent=1718"}],"wp:term":[{"taxonomy":"pwb-brand","embeddable":true,"href":"https:\/\/corporaciongonza.com\/index.php\/wp-json\/wp\/v2\/pwb-brand?post=1718"},{"taxonomy":"product_cat","embeddable":true,"href":"https:\/\/corporaciongonza.com\/index.php\/wp-json\/wp\/v2\/product_cat?post=1718"},{"taxonomy":"product_tag","embeddable":true,"href":"https:\/\/corporaciongonza.com\/index.php\/wp-json\/wp\/v2\/product_tag?post=1718"}],"curies":[{"name":"wp","href":"https:\/\/api.w.org\/{rel}","templated":true}]}}