{"id":1747,"date":"2024-09-06T12:49:45","date_gmt":"2024-09-06T17:49:45","guid":{"rendered":"https:\/\/corporaciongonza.com\/?post_type=product&#038;p=1747"},"modified":"2024-09-12T19:38:10","modified_gmt":"2024-09-13T00:38:10","slug":"toner-hp-cf403a-201a-magenta-para-lj-pro-m252","status":"publish","type":"product","link":"https:\/\/corporaciongonza.com\/index.php\/product\/toner-hp-cf403a-201a-magenta-para-lj-pro-m252\/","title":{"rendered":"TONER HP CF403A (201A) MAGENTA PARA LJ PRO M252"},"content":{"rendered":"<h2>TONER HP CF403A (201A) MAGENTA PARA LJ PRO M252 &#8211; ORIGINAL<\/h2>\n<ul>\n<li>\n<div class=\"divProductListInfoDesc\">\n<div>Impresiones de calidad de las que puede sentirse orgulloso: Experimente una calidad de impresi\u00f3n premium gracias a los cartuchos Originales HP que han sido dise\u00f1ados para ofrecer un color intenso, un texto n\u00edtido y negros intensos de gran impacto.<\/div>\n<\/div>\n<\/li>\n<li>\n<div class=\"divProductListInfoDesc\">\n<div>Mejor juntos. Mejores resultados.: Los cartuchos Originales HP son los \u00fanicos cartuchos que han sido desarrollados de forma precisa con las impresoras HP para ofrecer unos buenos resultados, una calidad fiable y un rendimiento uniforme.<\/div>\n<\/div>\n<\/li>\n<\/ul>\n<h4>ESPECIFICACIONES:<\/h4>\n<h4>-CARACTERISTICAS<\/h4>\n<ul>\n<li>Cantidad de europal\u00e9 216 pieza(s)<\/li>\n<li>C\u00f3digo OEM CF401A<\/li>\n<li>Colores de impresi\u00f3n cyan<\/li>\n<li>Dimensiones de Pal\u00e9 (Ancho x Profundidad x Altura) 1099.8 x 985.5 x 1254.8 mm (43.3 x 38.8 x 49.4\u2033)<\/li>\n<li>Dimensiones europeas del pal\u00e9 (An x F x Al) 1100 x 790 x 1148 mm<\/li>\n<li>Marca compatible HP<\/li>\n<li>N\u00famero de cajas de cart\u00f3n por pal\u00e9 300 pieza(s)<\/li>\n<li>N\u00famero de capas por pal\u00e9 10 pieza(s)<\/li>\n<li>Pa\u00eds de origen Jap\u00f3n<\/li>\n<li>Peso de pal\u00e9 244.9 kg (540 libras)<\/li>\n<li>Rendimiento 1420 p\u00e1ginas<\/li>\n<li>Tecnolog\u00eda de impresi\u00f3n Impresi\u00f3n l\u00e1ser<\/li>\n<li>Tipo Original<\/li>\n<li>Tipo de cartucho de tinta Rendimiento est\u00e1ndar<\/li>\n<\/ul>\n<h4>Caracter\u00edsticas especiales<\/h4>\n<ul>\n<li>Segmento HP Peque\u00f1a y mediana empresa<\/li>\n<li>Condiciones ambientales<\/li>\n<li>Intervalo de humedad relativa durante almacenaje 10 \u2013 95%<\/li>\n<li>Intervalo de humedad relativa para funcionamiento 10 \u2013 80%<\/li>\n<li>Intervalo de temperatura de almacenaje -20 \u2013 40 \u00b0C<\/li>\n<li>Intervalo de temperatura operativa 15 \u2013 30 \u00b0C<\/li>\n<\/ul>\n<h4>Contenido del embalaje<\/h4>\n<ul>\n<li>Cantidad por paquete 1 pieza(s)<\/li>\n<\/ul>\n<h4>Datos de log\u00edstica<\/h4>\n<ul>\n<li>Ancho de la tarima 110 cm<\/li>\n<li>Longitud de la tarima 98.6 cm<\/li>\n<li>N\u00famero de cajas por capa de tarima EUR 24 pieza(s)<\/li>\n<li>N\u00famero de cartones por capa 30 pieza(s)<\/li>\n<li>Peso de europalet 183 g<\/li>\n<li>Peso de la tarima 125.4 cm<\/li>\n<li>Peso de la tarima 245.5 g<\/li>\n<\/ul>\n<h4>Detalles t\u00e9cnicos<\/h4>\n<ul>\n<li>C\u00f3digo de Sistema de Armonizaci\u00f3n (SA) 84439990<\/li>\n<li>Master (outer) cases per pallet layer (EU) 24 pieza(s)<\/li>\n<li>N\u00famero m\u00e1ximo de cajas a apilar 40 pieza(s)<\/li>\n<\/ul>\n<h4>Empaquetado<\/h4>\n<ul>\n<li>Alto del paquete 111 mm<\/li>\n<li>Largo del paquete 96 mm<\/li>\n<li>Peso del paquete 750 g<\/li>\n<li>Tipo de embalaje Caja<\/li>\n<\/ul>\n<h4>Otras caracter\u00edsticas<\/h4>\n<ul>\n<li>Cantidad por pal\u00e9 300 pieza(s)<\/li>\n<li>Compatibilidad HP LaserJet Pro M252, M274, M277<\/li>\n<li>Contenidos de caja Toner cartridge; Recycling guide<\/li>\n<li>Dimensiones del pal\u00e9 (Ancho x Profundidad x Altura) 1100 x 986 x 1254 mm<\/li>\n<\/ul>\n<h4>Peso y dimensiones<\/h4>\n<ul>\n<li>Altura 111 mm<\/li>\n<li>Ancho 363 mm<\/li>\n<li>Ancho de la caja 363 mm<\/li>\n<li>Peso 530 g<\/li>\n<li>Profundidad 96 mm<\/li>\n<\/ul>\n<h4>RECOMENDACIONES:<\/h4>\n<p>\u2013 El embalaje de transporte debe mantenerse protegido de la lluvia y de la humedad.<br \/>\n\u2013 Mantener fuera del alcance de ni\u00f1os peque\u00f1os.<br \/>\n\u2013 Rango de temperatura de almacenamiento: de -20\u00b0C a 40\u00b0C<br \/>\n\u2013 Rango de temperatura de funcionamiento: de 10\u00b0C a 32.5\u00b0C<br \/>\n\u2013 Rango de humedad de almacenamiento: 10 a 80% de humedad relativa.<br \/>\n\u2013 Rango de humedad de funcionamiento: 20 a 80% de humedad relativa.<br \/>\n\u2013 El embalaje de expedici\u00f3n debe mantenerse en posici\u00f3n vertical<br \/>\n\u2013 El embalaje de expedici\u00f3n no debe exponerse a la luz del sol.<\/p>\n<h4>Condiciones de la garant\u00eda:<\/h4>\n<p><strong>El servicio de garant\u00eda tiene limitaciones. A continuaci\u00f3n se enumeran algunas de estas limitaciones:<\/strong><\/p>\n<p>Los t\u00e9rminos y las condiciones de la garant\u00eda ofrecen reparaci\u00f3n o sustituci\u00f3n (a discreci\u00f3n de HP) por defectos de material o mano de obra del fabricante. La garant\u00eda no protege contra da\u00f1os accidentales, p\u00e9rdida, causas naturales o cualquier otro evento no originado durante la fabricaci\u00f3n del producto.<br \/>\nHP puede reparar los productos con productos o piezas nuevos o previamente utilizados equivalentes a los nuevos en cuanto a rendimiento y confiabilidad, o con productos equivalentes a un producto original que haya dejado de fabricarse.<br \/>\nHP no se responsabiliza por la p\u00e9rdida de datos. Se recomienda tener un plan de copia de seguridad de datos.<br \/>\nEst\u00e1 disponible el soporte del software para las aplicaciones que HP vende con un producto o para aplicaciones que est\u00e1n preinstaladas en un producto HP, incluidos los sistemas operativos. El per\u00edodo de tiempo que admiten est\u00e1 disponible y la existencia de una tarifa para ese soporte var\u00eda seg\u00fan la l\u00ednea de productos. Para obtener informaci\u00f3n sobre el soporte del software para un producto HP espec\u00edfico, consulte la declaraci\u00f3n de garant\u00eda para el producto.<br \/>\nEs posible invalidar la garant\u00eda de un producto HP. Las fallas causadas por un componente no compatible o de terceros no est\u00e1n cubiertas por la garant\u00eda. La apertura de un componente o producto sellado anular\u00e1 la garant\u00eda. Algunos ejemplos de tales componentes o productos sellados incluyen unidades de disco, monitores y muchos productos de equipos de mano. La apertura de la carcasa no invalidar\u00e1 la garant\u00eda en los productos que est\u00e1n dise\u00f1ados para abrirse y actualizarse, tales como equipos de torre o de escritorio, o servidores.<\/p>\n<h4>Cuidado del producto y resoluci\u00f3n de problemas<\/h4>\n<p>El cliente puede influir en la calidad y la longevidad del hardware de HP.<\/p>\n<p>Para mantener el m\u00e1ximo rendimiento, un producto requiere atenci\u00f3n regular a variables como flujo de aire, control del polvo, las actualizaciones de controladores y actualizaciones de ROM del BIOS.<br \/>\nSi un producto falla, HP identificar\u00e1 la causa de la falla y propondr\u00e1 una soluci\u00f3n de forma remota. Si la falla se debe a un defecto de fabricaci\u00f3n y el producto est\u00e1 en garant\u00eda, HP, a distancia, diagnosticar\u00e1 y reparar\u00e1 o sustituir\u00e1 (a discreci\u00f3n de HP) el producto sin costo alguno. Si el producto est\u00e1 fuera del per\u00edodo de garant\u00eda, puede haber una tarifa para el diagn\u00f3stico y su soluci\u00f3n.<br \/>\nEs necesario que el cliente ayude a HP en la evaluaci\u00f3n de un producto defectuoso. HP puede pedirle al cliente que abra la caja del producto, retire el hardware, manipule el software o realice otras actividades de diagn\u00f3stico. La falta de ayuda y la imposibilidad de realizar diagn\u00f3sticos remotos dar\u00e1 lugar al cobro de una tarifa de servicio para servicios de diagn\u00f3stico en el sitio.<\/p>\n","protected":false},"excerpt":{"rendered":"<h4 class=\"mb-3\">DETALLES DEL PRODUCTO<\/h4>\n<div class=\"product-single-w3l\">\n<ul>\n<li class=\"mb-1\"><strong>C\u00f3digo:<\/strong> 0506-012899<\/li>\n<li class=\"mb-1\"><strong>C\u00f3digo Interno:<\/strong> TOHPCF403A<\/li>\n<li class=\"mb-1\"><strong>PartNumber:<\/strong> CF403A<\/li>\n<li class=\"mb-1\"><strong>Marca:<\/strong> HEWLETT PACKARD<\/li>\n<li class=\"mb-1\"><b>L\u00ednea:<\/b> SUMINISTROS<\/li>\n<li class=\"mb-1\"><b>Sublinea:<\/b> SUMINISTROS DE IMP. LASER<\/li>\n<li class=\"mb-1\"><b>Grupo:<\/b> TONERS PARA IMPRESORA<\/li>\n<li class=\"mb-1\"><b>Otros:<\/b> Rendimiento: 1400 pags, Color: Magenta, Tecnologia: Laser, Compatibilidad: M252n, M252dw, M277n, M277dw<\/li>\n<\/ul>\n<\/div>\n","protected":false},"featured_media":1748,"comment_status":"open","ping_status":"closed","template":"","meta":{"advanced_seo_description":"","jetpack_seo_html_title":"","jetpack_seo_noindex":false,"_joinchat":[]},"pwb-brand":[69],"product_cat":[15,131],"product_tag":[],"jetpack_sharing_enabled":true,"brands":[{"id":69,"name":"HP","slug":"hp"}],"_links":{"self":[{"href":"https:\/\/corporaciongonza.com\/index.php\/wp-json\/wp\/v2\/product\/1747"}],"collection":[{"href":"https:\/\/corporaciongonza.com\/index.php\/wp-json\/wp\/v2\/product"}],"about":[{"href":"https:\/\/corporaciongonza.com\/index.php\/wp-json\/wp\/v2\/types\/product"}],"replies":[{"embeddable":true,"href":"https:\/\/corporaciongonza.com\/index.php\/wp-json\/wp\/v2\/comments?post=1747"}],"wp:featuredmedia":[{"embeddable":true,"href":"https:\/\/corporaciongonza.com\/index.php\/wp-json\/wp\/v2\/media\/1748"}],"wp:attachment":[{"href":"https:\/\/corporaciongonza.com\/index.php\/wp-json\/wp\/v2\/media?parent=1747"}],"wp:term":[{"taxonomy":"pwb-brand","embeddable":true,"href":"https:\/\/corporaciongonza.com\/index.php\/wp-json\/wp\/v2\/pwb-brand?post=1747"},{"taxonomy":"product_cat","embeddable":true,"href":"https:\/\/corporaciongonza.com\/index.php\/wp-json\/wp\/v2\/product_cat?post=1747"},{"taxonomy":"product_tag","embeddable":true,"href":"https:\/\/corporaciongonza.com\/index.php\/wp-json\/wp\/v2\/product_tag?post=1747"}],"curies":[{"name":"wp","href":"https:\/\/api.w.org\/{rel}","templated":true}]}}