{"id":1847,"date":"2024-09-16T16:21:54","date_gmt":"2024-09-16T21:21:54","guid":{"rendered":"https:\/\/corporaciongonza.com\/?post_type=product&#038;p=1847"},"modified":"2024-09-17T12:21:36","modified_gmt":"2024-09-17T17:21:36","slug":"toner-hp-cf212a-131a-l-j-200-m276-yellow-original","status":"publish","type":"product","link":"https:\/\/corporaciongonza.com\/index.php\/product\/toner-hp-cf212a-131a-l-j-200-m276-yellow-original\/","title":{"rendered":"TONER HP CF212A (131A) L.J. 200 M276 YELLOW &#8211; ORIGINAL"},"content":{"rendered":"<h2>TONER HP CF212A (131A) L.J. 200 M276 YELLOW<\/h2>\n<p><strong>Descripci\u00f3n:<\/strong><br \/>\nImprima documentos y materiales de marketing con apariencia profesional, utilizando cartuchos de t\u00f3ner HP originales. Mantenga su oficina y residencia productiva, evitando desperdicio de tiempo y consumibles. Estos cartuchos son espec\u00edficamente dise\u00f1ados para su impresora.<\/p>\n<p><strong>Recursos<\/strong><\/p>\n<p>Produzca un impacto profesional imprimiendo extraordinarios documentos en color y materiales de marketing. Este brillo de t\u00f3ner ofrece im\u00e1genes con calidad fotogr\u00e1fica. Logre resultados con calidad profesional en una amplia variedad de papeles l\u00e1ser.<\/p>\n<p>Ayude a mantener los costos de impresi\u00f3n bajos, manteniendo a su vez la productividad. Los cartuchos de t\u00f3ner HP LaserJet originales ofrecen una impresi\u00f3n con calidad constante. Debido a que los cartuchos est\u00e1n dise\u00f1ados para ofrecer una confiabilidad excepcional, evitar\u00e1 desperdicio de consumibles y costosos retrasos.<\/p>\n<p>Compre consumibles sin problemas con HP SureSupply.1 Cuando llegue el momento de instalar un cartucho nuevo, puede confiar que el dise\u00f1o de los cartuchos HP har\u00e1 el cambio r\u00e1pido y f\u00e1cil. Recicle sus cartuchos de t\u00f3ner antiguos a trav\u00e9s de HP Planet Partners.2<\/p>\n<p><strong>\u2013 Especificacione<\/strong><\/p>\n<ul>\n<li>Color(es) de cartuchos de impresi\u00f3n : Magenta<\/li>\n<li>Tecnolog\u00eda de impresi\u00f3n :L\u00e1ser<\/li>\n<li>Rendimiento de la p\u00e1gina (color): 1.800 p\u00e1ginas<\/li>\n<\/ul>\n<p><strong>-Nota a pie de p\u00e1gina sobre el rendimiento de p\u00e1ginas<\/strong><\/p>\n<p>Rendimiento promedio aproximado de compuesto cian, amarillo y magenta basado en ISO\/IEC 19798. El rendimiento real var\u00eda considerablemente seg\u00fan el contenido de las p\u00e1ginas mpresas y otros factores. Para ver m\u00e1s detalles, visite http:\/\/www.hp.com\/go\/learnaboutsupplies.<\/p>\n<p><strong>-Requisitos operativos:<\/strong><\/p>\n<ul>\n<li>Margen de temperaturas operativas<br \/>\n15 a 25\u00b0C<\/li>\n<li>Temperatura de almacenamiento: l\u00edmites<br \/>\n-20 a 40\u00b0C<\/li>\n<\/ul>\n<p><strong>-Dimensiones y peso<\/strong><\/p>\n<p>-Dimensiones del embalaje (An x F x Al) :365 x 100 x 110 mm<br \/>\n-Peso del embalaje :0,8 kg<\/p>\n<p><strong>-Qu\u00e9 se incluye ?<\/strong><br \/>\n-Contenido de la caja<br \/>\n-Cartuchos de t\u00f3ner<br \/>\n-Gu\u00eda de reciclaje<\/p>\n<h3>RECOMENDACIONES:<\/h3>\n<p>\u2013 El embalaje de transporte debe mantenerse protegido de la lluvia y de la humedad.<br \/>\n\u2013 Mantener fuera del alcance de ni\u00f1os peque\u00f1os.<br \/>\n\u2013 Rango de temperatura de almacenamiento: de -20\u00b0C a 40\u00b0C<br \/>\n\u2013 Rango de temperatura de funcionamiento: de 10\u00b0C a 32.5\u00b0C<br \/>\n\u2013 Rango de humedad de almacenamiento: 10 a 80% de humedad relativa.<br \/>\n\u2013 Rango de humedad de funcionamiento: 20 a 80% de humedad relativa.<br \/>\n\u2013 El embalaje de expedici\u00f3n debe mantenerse en posici\u00f3n vertical<br \/>\n\u2013 El embalaje de expedici\u00f3n no debe exponerse a la luz del sol.<\/p>\n<h3>Condiciones de la garant\u00eda:<\/h3>\n<p><strong>El servicio de garant\u00eda tiene limitaciones. A continuaci\u00f3n se enumeran algunas de estas limitaciones:<\/strong><\/p>\n<p>Los t\u00e9rminos y las condiciones de la garant\u00eda ofrecen reparaci\u00f3n o sustituci\u00f3n (a discreci\u00f3n de HP) por defectos de material o mano de obra del fabricante. La garant\u00eda no protege contra da\u00f1os accidentales, p\u00e9rdida, causas naturales o cualquier otro evento no originado durante la fabricaci\u00f3n del producto.<br \/>\nHP puede reparar los productos con productos o piezas nuevos o previamente utilizados equivalentes a los nuevos en cuanto a rendimiento y confiabilidad, o con productos equivalentes a un producto original que haya dejado de fabricarse.<br \/>\nHP no se responsabiliza por la p\u00e9rdida de datos. Se recomienda tener un plan de copia de seguridad de datos.<br \/>\nEst\u00e1 disponible el soporte del software para las aplicaciones que HP vende con un producto o para aplicaciones que est\u00e1n preinstaladas en un producto HP, incluidos los sistemas operativos. El per\u00edodo de tiempo que admiten est\u00e1 disponible y la existencia de una tarifa para ese soporte var\u00eda seg\u00fan la l\u00ednea de productos. Para obtener informaci\u00f3n sobre el soporte del software para un producto HP espec\u00edfico, consulte la declaraci\u00f3n de garant\u00eda para el producto.<br \/>\nEs posible invalidar la garant\u00eda de un producto HP. Las fallas causadas por un componente no compatible o de terceros no est\u00e1n cubiertas por la garant\u00eda. La apertura de un componente o producto sellado anular\u00e1 la garant\u00eda. Algunos ejemplos de tales componentes o productos sellados incluyen unidades de disco, monitores y muchos productos de equipos de mano. La apertura de la carcasa no invalidar\u00e1 la garant\u00eda en los productos que est\u00e1n dise\u00f1ados para abrirse y actualizarse, tales como equipos de torre o de escritorio, o servidores.<\/p>\n<h3>Cuidado del producto y resoluci\u00f3n de problemas<\/h3>\n<p>El cliente puede influir en la calidad y la longevidad del hardware de HP.<\/p>\n<p>Para mantener el m\u00e1ximo rendimiento, un producto requiere atenci\u00f3n regular a variables como flujo de aire, control del polvo, las actualizaciones de controladores y actualizaciones de ROM del BIOS.<br \/>\nSi un producto falla, HP identificar\u00e1 la causa de la falla y propondr\u00e1 una soluci\u00f3n de forma remota. Si la falla se debe a un defecto de fabricaci\u00f3n y el producto est\u00e1 en garant\u00eda, HP, a distancia, diagnosticar\u00e1 y reparar\u00e1 o sustituir\u00e1 (a discreci\u00f3n de HP) el producto sin costo alguno. Si el producto est\u00e1 fuera del per\u00edodo de garant\u00eda, puede haber una tarifa para el diagn\u00f3stico y su soluci\u00f3n.<br \/>\nEs necesario que el cliente ayude a HP en la evaluaci\u00f3n de un producto defectuoso. HP puede pedirle al cliente que abra la caja del producto, retire el hardware, manipule el software o realice otras actividades de diagn\u00f3stico. La falta de ayuda y la imposibilidad de realizar diagn\u00f3sticos remotos dar\u00e1 lugar al cobro de una tarifa de servicio para servicios de diagn\u00f3stico en el sitio.<\/p>\n","protected":false},"excerpt":{"rendered":"<h4 class=\"mb-3\">DETALLES DEL PRODUCTO<\/h4>\n<div class=\"product-single-w3l\">\n<ul>\n<li class=\"mb-1\"><strong>C\u00f3digo:<\/strong> 0506-011619<\/li>\n<li class=\"mb-1\"><strong>C\u00f3digo Interno:<\/strong> TOHPCF212A<\/li>\n<li class=\"mb-1\"><strong>PartNumber:<\/strong> CF212A<\/li>\n<li class=\"mb-1\"><strong>Marca:<\/strong> HEWLETT PACKARD<\/li>\n<li class=\"mb-1\"><b>L\u00ednea:<\/b> SUMINISTROS<\/li>\n<li class=\"mb-1\"><b>Sublinea:<\/b> SUMINISTROS DE IMP. LASER<\/li>\n<li class=\"mb-1\"><b>Grupo:<\/b> TONERS PARA IMPRESORA<\/li>\n<li class=\"mb-1\"><b>Otros:<\/b> Color: Amarillo, Compatibilidad: HP LASERJET M251\/M276<\/li>\n<li class=\"mb-1\"><strong>Rendimiento:<\/strong> 1800 p\u00e1ginas.<\/li>\n<\/ul>\n<\/div>\n","protected":false},"featured_media":1883,"comment_status":"open","ping_status":"closed","template":"","meta":{"advanced_seo_description":"","jetpack_seo_html_title":"","jetpack_seo_noindex":false,"_joinchat":[]},"pwb-brand":[69],"product_cat":[15,131],"product_tag":[],"jetpack_sharing_enabled":true,"brands":[{"id":69,"name":"HP","slug":"hp"}],"_links":{"self":[{"href":"https:\/\/corporaciongonza.com\/index.php\/wp-json\/wp\/v2\/product\/1847"}],"collection":[{"href":"https:\/\/corporaciongonza.com\/index.php\/wp-json\/wp\/v2\/product"}],"about":[{"href":"https:\/\/corporaciongonza.com\/index.php\/wp-json\/wp\/v2\/types\/product"}],"replies":[{"embeddable":true,"href":"https:\/\/corporaciongonza.com\/index.php\/wp-json\/wp\/v2\/comments?post=1847"}],"wp:featuredmedia":[{"embeddable":true,"href":"https:\/\/corporaciongonza.com\/index.php\/wp-json\/wp\/v2\/media\/1883"}],"wp:attachment":[{"href":"https:\/\/corporaciongonza.com\/index.php\/wp-json\/wp\/v2\/media?parent=1847"}],"wp:term":[{"taxonomy":"pwb-brand","embeddable":true,"href":"https:\/\/corporaciongonza.com\/index.php\/wp-json\/wp\/v2\/pwb-brand?post=1847"},{"taxonomy":"product_cat","embeddable":true,"href":"https:\/\/corporaciongonza.com\/index.php\/wp-json\/wp\/v2\/product_cat?post=1847"},{"taxonomy":"product_tag","embeddable":true,"href":"https:\/\/corporaciongonza.com\/index.php\/wp-json\/wp\/v2\/product_tag?post=1847"}],"curies":[{"name":"wp","href":"https:\/\/api.w.org\/{rel}","templated":true}]}}