{"id":1910,"date":"2024-09-20T17:14:03","date_gmt":"2024-09-20T22:14:03","guid":{"rendered":"https:\/\/corporaciongonza.com\/?post_type=product&#038;p=1910"},"modified":"2024-09-20T17:14:03","modified_gmt":"2024-09-20T22:14:03","slug":"impresora-multifuncional-hp-smart-tank-580-printer-wifi-scan","status":"publish","type":"product","link":"https:\/\/corporaciongonza.com\/index.php\/product\/impresora-multifuncional-hp-smart-tank-580-printer-wifi-scan\/","title":{"rendered":"IMPRESORA MULTIFUNCIONAL HP SMART TANK 580 PRINTER\/ WIFI\/SCAN"},"content":{"rendered":"<h2>IMPRESORA MULTIFUNCIONAL HP SMART TANK 580 PRINTER<\/h2>\n<p>Mant\u00e9ngase conectado y siga imprimiendo con el Wi-Fi con reparaci\u00f3n autom\u00e1tica; Hasta 12.000 p\u00e1ginas en negro o 6000 p\u00e1ginas en color; Ahorre energ\u00eda con la tecnolog\u00eda HP Auto-On\/Auto-Off; Los sensores de tinta permiten evitar los costosos reemplazos de los cabezales de impresi\u00f3n.<\/p>\n<ul>\n<li>Funciones: Impresi\u00f3n, copia , escaneado.<\/li>\n<li>Tecnolog\u00eda de impresi\u00f3n: Inyecci\u00f3n t\u00e9rmica de tinta HP.<\/li>\n<li>Conectividad est\u00e1ndar: 1 Hi-Speed USB 2.0 (dispositivo); 1 Bluetooth de bajo consumo de energ\u00eda; 1 Wi-Fi 802.11b\/g\/n; 1 Wi-Fi Direct.<\/li>\n<li>Capacidad de Impresi\u00f3n Movil: Aplicaci\u00f3n HP Smart; Apple AirPrint; Servicios de impresi\u00f3n Mopria; Complemento de servicio de impresi\u00f3n HP (impresi\u00f3n Android); Impresi\u00f3n Wi-Fi Direct.<\/li>\n<li>Capacidad Inal\u00e1mbrica: S\u00ed, Wi-Fi 2.4G, Wi-Fi Direct y Bluetooth de bajo consumo incorporados.<\/li>\n<li>Velocidad de impresi\u00f3n: Negro (ISO): Hasta 12 ppm; Color (ISO): Hasta 5 ppm; Impresi\u00f3n de la primera p\u00e1gina en negro: 14 segundos; Impresi\u00f3n de la primera p\u00e1gina en color: Velocidad m\u00e1xima de 21 segundos; Negro borrador (A4): Hasta 22 ppm; Borrador a color (A4): Hasta 16 ppm.<\/li>\n<li>Resoluci\u00f3n de impresi\u00f3n: Negro (\u00f3ptima): Hasta 1200 x 1200 ppp de reproducci\u00f3n; Color (\u00f3ptima): Hasta 4800 x 1200 dpi color optimizados (cuando se imprime desde una computadora y 1200 dpi de entrada).<\/li>\n<li>Tipo de escaneo: Esc\u00e1ner plano \/ (CIS) Sensor de imagen de contacto.<\/li>\n<li>Resoluci\u00f3n de escaneado: Hardware: Hasta 1200 x 1200 dpi; \u00d3ptica: hasta 1200 ppp.<\/li>\n<li>Formato de archivos Escaneados: JPEG; PDF.<\/li>\n<li>Modos de entrada de datos para escaneado: Copia; Software HP; EWS.<\/li>\n<li>Tama\u00f1o de escaneado: Cama plana: 216 x 297 mm.<\/li>\n<li>Velocidad de copia: Negro (ISO): Hasta 10 cpm; Color (ISO): Hasta 2 cpm.<\/li>\n<li>Resoluci\u00f3n de copia: Negro (texto y gr\u00e1ficos): hasta 1200 ppp; hasta 1200 ppp; Color (texto y gr\u00e1ficos): Hasta 1200 x 1200 ppp con velocidad reducida.<\/li>\n<li>Configuraciones de copia: Cantidad de copias, Cambiar de tama\u00f1o, Calidad, M\u00e1s claro\/m\u00e1s oscuro, Tama\u00f1o de papel, Tipo de papel, Copia de ID, Mejora.<\/li>\n<li>Velocidad del procesador: 980 MHz.<\/li>\n<li>Tipos de soportes admitidos: Papel com\u00fan, Papeles para folletos mate, Papeles para folletos con brillo, Papeles fotogr\u00e1ficos, Sobres, Otros papeles especiales de inyecci\u00f3n de tinta.<\/li>\n<li>Peso de soportes admitido: Papel normal: 60 a 90 g\/m\u00b2; Sobres: 75 a 90 g\/m\u00b2; Tarjetas: hasta 200 g\/m\u00b2; Papel fotogr\u00e1fico: hasta 300 g\/m\u00b2..<\/li>\n<li>Tama\u00f1os de soportes de impresi\u00f3n admitidos: A4; B5; A6; Sobre DL, legal.<\/li>\n<li>Tama\u00f1os de soportes personalizados: 88,9 x 127 a 215,9 x 355,6 mm.<\/li>\n<li>Manejo de papel: Bandeja de entrada de 100 hojas; Bandeja de salida de 30 hojas.<\/li>\n<li>Sistemas operativos compatibles: Windows 11; Windows 10; Windows 7; Android; iOS; macOS 12 Monterey; macOS 11 Big Sur; macOS 10.15 Catalina.<\/li>\n<li>Panel de control: Encendido\/apagado, cancelar, reanudar, copia en color, copia en negro, copia de identificaci\u00f3n, WI-FI y bot\u00f3n de informaci\u00f3n.<\/li>\n<li>Descripci\u00f3n de pantalla: 33 segments + 1.2-inch iCON LCD Display.<\/li>\n<li>Contenido de caja: 1 impresora HP Smart TANK 580; Botella de tinta original HP GT53 de 90 ml, negro, 1VV22AL; botella de tinta original HP GT52, cian M0H54AL; Botella de tinta original HP GT52, magenta, M0H55AL; Botella de tinta original HP GT52, amarillo, M0H56AL.<\/li>\n<li>Garant\u00eda: 1 a\u00f1o + 1 a\u00f1o si el cliente registra su impresora dentro de los primeros 60 d\u00edas despu\u00e9s de su compra.<\/li>\n<\/ul>\n<p>&nbsp;<\/p>\n<h2 style=\"text-align: center;\"><em>FICHA TECNICA<\/em><\/h2>\n<p><strong>&#8211; CAPACIDAD DE HOJAS DE PAPEL<\/strong><\/p>\n<p>Bandeja de entrada de 100 hojas<\/p>\n<p><strong>&#8211; INCLUYE<\/strong><\/p>\n<p>1 impresora HP Smart TANK 580; Botella de tinta original HP GT53 de 90 ml, negro, 1VV22AL; botella de tinta original HP GT52, cian M0H54AL; Botella de tinta original HP GT52, magenta, M0H55AL; Botella de tinta original HP GT52, amarillo, M0H56AL.<\/p>\n<p><strong>-VELOCIDAD DE IMPRESION EN B\/N<\/strong><\/p>\n<p>Hasta 12 ppm<\/p>\n<p><strong>VELOCIDAD DE IMPRESION A COLOR<\/strong><\/p>\n<p>-Hasta 5 ppm<\/p>\n<p><strong>CONECTIVIDAD<\/strong><\/p>\n<p>-1 Hi-Speed USB 2.0 (dispositivo); 1 Bluetooth de bajo consumo de energ\u00eda; 1 Wi-Fi 802.11b\/g\/n; 1 Wi-Fi Direct.<\/p>\n<p><strong>RESOLUCION DEL SCANER<\/strong><\/p>\n<p>-Hardware: Hasta 1200 x 1200 dpi; \u00d3ptica: hasta 1200 ppp.<\/p>\n<p><strong>RESOLUCION DE IMPRESION A COLOR<\/strong><\/p>\n<p>-Hasta 4800 x 1200 dpi color optimizados<\/p>\n<p><strong>PUERTO<\/strong> USB<\/p>\n<p>1 Hi-Speed USB 2.0<\/p>\n<p><strong>VELOCIDAD DEL PROCESADOR<\/strong><\/p>\n<p>-980 MHz.<\/p>\n<p><strong>TIPO DE INYECCION<\/strong><\/p>\n<p>-Inyecci\u00f3n t\u00e9rmica de tinta HP<\/p>\n<p><strong>ESCANER<\/strong><\/p>\n<p>-Esc\u00e1ner plano \/ (CIS) Sensor de imagen de contacto.<\/p>\n<p><strong>CONEXION DE BLUETOOTH<\/strong><\/p>\n<p>-S\u00ed<\/p>\n<p>&nbsp;<\/p>\n","protected":false},"excerpt":{"rendered":"<h3 class=\"mb-3\">DETALLES DEL PRODUCTO<\/h3>\n<div class=\"product-single-w3l\">\n<ul>\n<li class=\"mb-1\"><strong>C\u00f3digo:<\/strong> 1101-010088<\/li>\n<li class=\"mb-1\"><strong>C\u00f3digo Interno:<\/strong> IMHP1F3Y2A<\/li>\n<li class=\"mb-1\"><strong>PartNumber:<\/strong> 1F3Y2A#AKY<\/li>\n<li class=\"mb-1\"><strong>Marca:<\/strong> HP-IMPRESORAS<\/li>\n<li class=\"mb-1\"><b>L\u00ednea:<\/b> IMPRESION<\/li>\n<li class=\"mb-1\"><b>Sublinea:<\/b> IMPRESORAS<\/li>\n<li class=\"mb-1\"><b>Grupo:<\/b> IMPRESORAS DE TINTA<\/li>\n<\/ul>\n<\/div>\n","protected":false},"featured_media":1911,"comment_status":"open","ping_status":"closed","template":"","meta":{"advanced_seo_description":"","jetpack_seo_html_title":"","jetpack_seo_noindex":false,"_joinchat":[]},"pwb-brand":[69],"product_cat":[158,128],"product_tag":[],"jetpack_sharing_enabled":true,"brands":[{"id":69,"name":"HP","slug":"hp"}],"_links":{"self":[{"href":"https:\/\/corporaciongonza.com\/index.php\/wp-json\/wp\/v2\/product\/1910"}],"collection":[{"href":"https:\/\/corporaciongonza.com\/index.php\/wp-json\/wp\/v2\/product"}],"about":[{"href":"https:\/\/corporaciongonza.com\/index.php\/wp-json\/wp\/v2\/types\/product"}],"replies":[{"embeddable":true,"href":"https:\/\/corporaciongonza.com\/index.php\/wp-json\/wp\/v2\/comments?post=1910"}],"wp:featuredmedia":[{"embeddable":true,"href":"https:\/\/corporaciongonza.com\/index.php\/wp-json\/wp\/v2\/media\/1911"}],"wp:attachment":[{"href":"https:\/\/corporaciongonza.com\/index.php\/wp-json\/wp\/v2\/media?parent=1910"}],"wp:term":[{"taxonomy":"pwb-brand","embeddable":true,"href":"https:\/\/corporaciongonza.com\/index.php\/wp-json\/wp\/v2\/pwb-brand?post=1910"},{"taxonomy":"product_cat","embeddable":true,"href":"https:\/\/corporaciongonza.com\/index.php\/wp-json\/wp\/v2\/product_cat?post=1910"},{"taxonomy":"product_tag","embeddable":true,"href":"https:\/\/corporaciongonza.com\/index.php\/wp-json\/wp\/v2\/product_tag?post=1910"}],"curies":[{"name":"wp","href":"https:\/\/api.w.org\/{rel}","templated":true}]}}