{"id":1918,"date":"2024-09-25T16:24:13","date_gmt":"2024-09-25T21:24:13","guid":{"rendered":"https:\/\/corporaciongonza.com\/?post_type=product&#038;p=1918"},"modified":"2024-09-25T16:35:23","modified_gmt":"2024-09-25T21:35:23","slug":"toner-hp-cf381a-312a-l-j-m476-cyan-2-7k-pg-original","status":"publish","type":"product","link":"https:\/\/corporaciongonza.com\/index.php\/product\/toner-hp-cf381a-312a-l-j-m476-cyan-2-7k-pg-original\/","title":{"rendered":"TONER HP CF381A (312A) L.J. M476 CYAN 2.7K PG &#8211; ORIGINAL"},"content":{"rendered":"<h2 class=\"mb-3\">TONER HP CF381A (312A) L.J. M476 CYAN 2.7K PG<\/h2>\n<p><span class=\"ft-h2\">Logre que los documentos y materiales de marketing tengan una apariencia profesional, cuando imprima con cartuchos de t\u00f3ner originales HP. Mantenga su oficina y hogar productivos, evitando desperdicio de tiempo y consumibles. Estos cartuchos est\u00e1n espec\u00edficamente dise\u00f1ados para su MFP.<\/span><\/p>\n<h3>Compatibilidad:<\/h3>\n<div id=\"ficha-tecnica\">\n<div class=\"contenedor-specs\">\n<p>HP LaserJet Pro 400 color MFP M476<\/p>\n<\/div>\n<div class=\"contenedor-specs\">\n<h3>Rendimiento:<\/h3>\n<p>Hasta 2.700 p\u00e1ginas<\/p>\n<\/div>\n<\/div>\n<p><strong>-Conf\u00ede en la calidad<\/strong><\/p>\n<p>Con los cartuchos de t\u00f3ner original LaserJet HP, consiga la calidad que espera, siempre. Evite la repetici\u00f3n de impresiones, el desperdicio de consumibles y los retrasos costosos que pueden ocurrir con los cartuchos no originales.<\/p>\n<p><strong>-Disfrute de resultados impresionantes sin una pausa.<\/strong><br \/>\nHaga que su empresa siga avanzando. Conf\u00ede en los cartuchos de t\u00f3ner original LaserJet HP para una impresi\u00f3n uniforme y sin interrupciones que le mantiene siempre operativo y sin exceder su presupuesto.<\/p>\n<p><strong>-Vuelva a sus actividades.<\/strong><br \/>\nNo pierda tiempo. Sustituya los cartuchos de t\u00f3ner original LaserJet HP en segundos y vuelva a imprimir. Est\u00e1n dise\u00f1ados espec\u00edficamente para la instalaci\u00f3n f\u00e1cil y sencilla en su MFP (producto multifunci\u00f3n) HP LaserJet.<\/p>\n<p><strong>-Consiga gran impacto con peque\u00f1o esfuerzo.<\/strong><br \/>\nAyude a conservar los recursos. Recicle los cartuchos de t\u00f3ner original LaserJet HP: es f\u00e1cil y gratuito con el programa HP Planet Partners, disponible en m\u00e1s de 50 pa\u00edses y territorios en todo el mundo.<\/p>\n","protected":false},"excerpt":{"rendered":"<h4 class=\"mb-3\">DETALLES DEL PRODUCTO:<\/h4>\n<div class=\"product-single-w3l\">\n<ul>\n<li class=\"mb-1\"><strong>C\u00f3digo:<\/strong> 0506-012579<\/li>\n<li class=\"mb-1\"><strong>C\u00f3digo Interno:<\/strong> TOHPCF381A<\/li>\n<li class=\"mb-1\"><strong>PartNumber:<\/strong> CF381A<\/li>\n<li class=\"mb-1\"><strong>Marca:<\/strong> HEWLETT PACKARD<\/li>\n<li class=\"mb-1\"><b>L\u00ednea:<\/b> SUMINISTROS<\/li>\n<li class=\"mb-1\"><b>Sublinea:<\/b> SUMINISTROS DE IMP. LASER<\/li>\n<li class=\"mb-1\"><b>Grupo:<\/b> TONERS PARA IMPRESORA<\/li>\n<li class=\"mb-1\">Color: Cyan<\/li>\n<li class=\"mb-1\">Compatibilidad:LaserJet Pro M476dn\/ M476dw\/ M476nw<\/li>\n<li class=\"mb-1\">Rendimiento: 2700 p\u00e1ginas.<\/li>\n<\/ul>\n<\/div>\n","protected":false},"featured_media":1919,"comment_status":"open","ping_status":"closed","template":"","meta":{"advanced_seo_description":"","jetpack_seo_html_title":"","jetpack_seo_noindex":false,"_joinchat":[]},"pwb-brand":[69],"product_cat":[15,131],"product_tag":[],"jetpack_sharing_enabled":true,"brands":[{"id":69,"name":"HP","slug":"hp"}],"_links":{"self":[{"href":"https:\/\/corporaciongonza.com\/index.php\/wp-json\/wp\/v2\/product\/1918"}],"collection":[{"href":"https:\/\/corporaciongonza.com\/index.php\/wp-json\/wp\/v2\/product"}],"about":[{"href":"https:\/\/corporaciongonza.com\/index.php\/wp-json\/wp\/v2\/types\/product"}],"replies":[{"embeddable":true,"href":"https:\/\/corporaciongonza.com\/index.php\/wp-json\/wp\/v2\/comments?post=1918"}],"wp:featuredmedia":[{"embeddable":true,"href":"https:\/\/corporaciongonza.com\/index.php\/wp-json\/wp\/v2\/media\/1919"}],"wp:attachment":[{"href":"https:\/\/corporaciongonza.com\/index.php\/wp-json\/wp\/v2\/media?parent=1918"}],"wp:term":[{"taxonomy":"pwb-brand","embeddable":true,"href":"https:\/\/corporaciongonza.com\/index.php\/wp-json\/wp\/v2\/pwb-brand?post=1918"},{"taxonomy":"product_cat","embeddable":true,"href":"https:\/\/corporaciongonza.com\/index.php\/wp-json\/wp\/v2\/product_cat?post=1918"},{"taxonomy":"product_tag","embeddable":true,"href":"https:\/\/corporaciongonza.com\/index.php\/wp-json\/wp\/v2\/product_tag?post=1918"}],"curies":[{"name":"wp","href":"https:\/\/api.w.org\/{rel}","templated":true}]}}