{"id":1924,"date":"2025-01-13T22:58:30","date_gmt":"2025-01-14T03:58:30","guid":{"rendered":"https:\/\/corporaciongonza.com\/?post_type=product&#038;p=1924"},"modified":"2025-01-13T22:58:30","modified_gmt":"2025-01-14T03:58:30","slug":"toner-hp-cf383a-312a-l-j-m476-magenta-2-7k-pg-original","status":"publish","type":"product","link":"https:\/\/corporaciongonza.com\/index.php\/product\/toner-hp-cf383a-312a-l-j-m476-magenta-2-7k-pg-original\/","title":{"rendered":"TONER HP CF383A (312A) L.J. M476 MAGENTA 2.7K PG &#8211; ORIGINAL"},"content":{"rendered":"<h2 class=\"mb-3\">TONER HP CF383A (312A) L.J. M476 MAGENTA 2.7K PG<\/h2>\n<p><span class=\"ft-h2\">Logre que los documentos y materiales de marketing tengan una apariencia profesional, cuando imprima con cartuchos de t\u00f3ner originales HP. Mantenga su oficina y hogar productivos, evitando desperdicio de tiempo y consumibles. Estos cartuchos est\u00e1n espec\u00edficamente dise\u00f1ados para su MFP.<\/span><\/p>\n<h3>Compatibilidad:<\/h3>\n<div id=\"ficha-tecnica\">\n<div class=\"contenedor-specs\">\n<p>HP LaserJet Pro 400 color MFP M476<\/p>\n<\/div>\n<div class=\"contenedor-specs\">\n<h3>Rendimiento:<\/h3>\n<p>Hasta 2.700 p\u00e1ginas<\/p>\n<\/div>\n<\/div>\n<p><strong>-Conf\u00ede en la calidad<\/strong><\/p>\n<p>Con los cartuchos de t\u00f3ner original LaserJet HP, consiga la calidad que espera, siempre. Evite la repetici\u00f3n de impresiones, el desperdicio de consumibles y los retrasos costosos que pueden ocurrir con los cartuchos no originales.<\/p>\n<p><strong>-Disfrute de resultados impresionantes sin una pausa.<\/strong><br \/>\nHaga que su empresa siga avanzando. Conf\u00ede en los cartuchos de t\u00f3ner original LaserJet HP para una impresi\u00f3n uniforme y sin interrupciones que le mantiene siempre operativo y sin exceder su presupuesto.<\/p>\n<p><strong>-Vuelva a sus actividades.<\/strong><br \/>\nNo pierda tiempo. Sustituya los cartuchos de t\u00f3ner original LaserJet HP en segundos y vuelva a imprimir. Est\u00e1n dise\u00f1ados espec\u00edficamente para la instalaci\u00f3n f\u00e1cil y sencilla en su MFP (producto multifunci\u00f3n) HP LaserJet.<\/p>\n<p><strong>-Consiga gran impacto con peque\u00f1o esfuerzo.<\/strong><br \/>\nAyude a conservar los recursos. Recicle los cartuchos de t\u00f3ner original LaserJet HP: es f\u00e1cil y gratuito con el programa HP Planet Partners, disponible en m\u00e1s de 50 pa\u00edses y territorios en todo el mundo.<\/p>\n","protected":false},"excerpt":{"rendered":"<p><strong>Marca<\/strong>: hp<br \/>\n<strong>Modelo<\/strong>: Cf383A<br \/>\n<strong>color:<\/strong>\u00a0magenta<br \/>\n<strong>Compatibilidad<\/strong>: LaserJet Pro M476dn, M476dw, M476nw<br \/>\n<strong>Rendimiento<\/strong>: 2,700 paginas<\/p>\n","protected":false},"featured_media":1958,"comment_status":"open","ping_status":"closed","template":"","meta":{"advanced_seo_description":"","jetpack_seo_html_title":"","jetpack_seo_noindex":false,"_joinchat":[]},"pwb-brand":[69],"product_cat":[15,131],"product_tag":[],"jetpack_sharing_enabled":true,"brands":[{"id":69,"name":"HP","slug":"hp"}],"_links":{"self":[{"href":"https:\/\/corporaciongonza.com\/index.php\/wp-json\/wp\/v2\/product\/1924"}],"collection":[{"href":"https:\/\/corporaciongonza.com\/index.php\/wp-json\/wp\/v2\/product"}],"about":[{"href":"https:\/\/corporaciongonza.com\/index.php\/wp-json\/wp\/v2\/types\/product"}],"replies":[{"embeddable":true,"href":"https:\/\/corporaciongonza.com\/index.php\/wp-json\/wp\/v2\/comments?post=1924"}],"wp:featuredmedia":[{"embeddable":true,"href":"https:\/\/corporaciongonza.com\/index.php\/wp-json\/wp\/v2\/media\/1958"}],"wp:attachment":[{"href":"https:\/\/corporaciongonza.com\/index.php\/wp-json\/wp\/v2\/media?parent=1924"}],"wp:term":[{"taxonomy":"pwb-brand","embeddable":true,"href":"https:\/\/corporaciongonza.com\/index.php\/wp-json\/wp\/v2\/pwb-brand?post=1924"},{"taxonomy":"product_cat","embeddable":true,"href":"https:\/\/corporaciongonza.com\/index.php\/wp-json\/wp\/v2\/product_cat?post=1924"},{"taxonomy":"product_tag","embeddable":true,"href":"https:\/\/corporaciongonza.com\/index.php\/wp-json\/wp\/v2\/product_tag?post=1924"}],"curies":[{"name":"wp","href":"https:\/\/api.w.org\/{rel}","templated":true}]}}