{"id":1926,"date":"2024-10-23T19:53:00","date_gmt":"2024-10-24T00:53:00","guid":{"rendered":"https:\/\/corporaciongonza.com\/?post_type=product&#038;p=1926"},"modified":"2026-01-01T00:06:03","modified_gmt":"2026-01-01T05:06:03","slug":"tambor-xerox-101r00554-b400-b405","status":"publish","type":"product","link":"https:\/\/corporaciongonza.com\/index.php\/product\/tambor-xerox-101r00554-b400-b405\/","title":{"rendered":"TAMBOR XEROX 101R00554 B400\/B405"},"content":{"rendered":"<h2>101R00554<\/h2>\n<h3>Unidad de Imagen o Tambor 65k<\/h3>\n<div class=\"xrx-fw-product-sku-hero__blurb\">Unidad de Imagen o Tambor 65k est\u00e1 especialmente formulado y probado para proporcionar la mejor calidad de imagen y la impresi\u00f3n m\u00e1s confiable que pueda obtener p\u00e1gina tras p\u00e1gina. Los suministros originales de Xerox y el equipo de Xerox est\u00e1n hechos el uno para el otro. No acepte imitaciones.<\/div>\n<div><\/div>\n<div class=\"xrx-fw-product-sku-hero__compatibility\">\n<h3><strong>Compatible con:<\/strong><\/h3>\n<ul>\n<li>Impresora multifunci\u00f3n Xerox\u00ae VersaLink\u00ae B405<\/li>\n<li>Impresora Xerox\u00ae VersaLink\u00ae B400<\/li>\n<\/ul>\n<\/div>\n","protected":false},"excerpt":{"rendered":"<h4 class=\"mb-3\">Detalles del producto<\/h4>\n<div class=\"product-single-w3l\">\n<ul>\n<li class=\"mb-1\">C\u00f3digo Interno: TOX101R00554<\/li>\n<li class=\"mb-1\">PartNumber: 101R00554<\/li>\n<li class=\"mb-1\">Marca: XEROX<\/li>\n<li class=\"mb-1\"><b>L\u00ednea:<\/b>\u00a0SUMINISTROS<\/li>\n<li class=\"mb-1\"><b>Sublinea:<\/b>\u00a0SUMINISTROS DE IMP. LASER<\/li>\n<li class=\"mb-1\"><b>Grupo:<\/b>\u00a0TAMBORES Y RODILLOS<\/li>\n<li class=\"mb-1\"><b>Otros:<\/b>\u00a0Rendimiento: 65,000 P\u00e1gs<\/li>\n<\/ul>\n<\/div>\n","protected":false},"featured_media":1927,"comment_status":"open","ping_status":"closed","template":"","meta":{"advanced_seo_description":"","jetpack_seo_html_title":"","jetpack_seo_noindex":false,"_joinchat":[]},"pwb-brand":[70],"product_cat":[143],"product_tag":[],"jetpack_sharing_enabled":true,"brands":[{"id":70,"name":"XEROX","slug":"xerox"}],"_links":{"self":[{"href":"https:\/\/corporaciongonza.com\/index.php\/wp-json\/wp\/v2\/product\/1926"}],"collection":[{"href":"https:\/\/corporaciongonza.com\/index.php\/wp-json\/wp\/v2\/product"}],"about":[{"href":"https:\/\/corporaciongonza.com\/index.php\/wp-json\/wp\/v2\/types\/product"}],"replies":[{"embeddable":true,"href":"https:\/\/corporaciongonza.com\/index.php\/wp-json\/wp\/v2\/comments?post=1926"}],"wp:featuredmedia":[{"embeddable":true,"href":"https:\/\/corporaciongonza.com\/index.php\/wp-json\/wp\/v2\/media\/1927"}],"wp:attachment":[{"href":"https:\/\/corporaciongonza.com\/index.php\/wp-json\/wp\/v2\/media?parent=1926"}],"wp:term":[{"taxonomy":"pwb-brand","embeddable":true,"href":"https:\/\/corporaciongonza.com\/index.php\/wp-json\/wp\/v2\/pwb-brand?post=1926"},{"taxonomy":"product_cat","embeddable":true,"href":"https:\/\/corporaciongonza.com\/index.php\/wp-json\/wp\/v2\/product_cat?post=1926"},{"taxonomy":"product_tag","embeddable":true,"href":"https:\/\/corporaciongonza.com\/index.php\/wp-json\/wp\/v2\/product_tag?post=1926"}],"curies":[{"name":"wp","href":"https:\/\/api.w.org\/{rel}","templated":true}]}}