{"id":1936,"date":"2025-01-13T22:54:59","date_gmt":"2025-01-14T03:54:59","guid":{"rendered":"https:\/\/corporaciongonza.com\/?post_type=product&#038;p=1936"},"modified":"2025-01-31T15:07:08","modified_gmt":"2025-01-31T20:07:08","slug":"tambor-brother-dr620-hl-5340-25000-p","status":"publish","type":"product","link":"https:\/\/corporaciongonza.com\/index.php\/product\/tambor-brother-dr620-hl-5340-25000-p\/","title":{"rendered":"TAMBOR BROTHER DR620 (HL-5340 25,000 P.)"},"content":{"rendered":"<p style=\"font-weight: 400;\"><b>Tambor Brother original DR-620 para HL-5340 25,000 pag.<\/b><\/p>\n<p style=\"font-weight: 400;\"><b>\u2713<\/b>Los consumibles Brother han sido dise\u00f1ados y testeados por los mismos ingenieros que dise\u00f1an nuestras impresoras, lo que se traduce en que est\u00e1n desarrollados para trabajar juntos de la forma m\u00e1s eficiente. Por lo que, puedes disfrutar de la m\u00e1xima calidad de impresi\u00f3n con los cartuchos de tambor y t\u00f3neres de Brother.<\/p>\n<p style=\"font-weight: 400;\"><b>\u2713<\/b>Los t\u00f3neres y tambores originales de Brother se someten a rigurosos controles de calidad para garantizar que siempre impriman documentos con la mejor calidad y cada uno ofrece un rendimiento constante<\/p>\n","protected":false},"excerpt":{"rendered":"<p><strong>Marca<\/strong>: Brother<br \/>\n<strong>Modelo<\/strong>: dr-620<br \/>\n<strong>color<\/strong>: Negro<br \/>\n<strong>codigo:<\/strong>\u00a0dr620<br \/>\n<strong>Condicion:\u00a0<\/strong>Nuevo<br \/>\n<strong>Compatibilidad<\/strong>: HL5340DN \/ HL5370DW, DCP8085DN, MFC8480DN \/ MFC8890DW<br \/>\n<strong>Rendimiento<\/strong>: 25,000 paginas<\/p>\n","protected":false},"featured_media":1979,"comment_status":"open","ping_status":"closed","template":"","meta":{"advanced_seo_description":"","jetpack_seo_html_title":"","jetpack_seo_noindex":false,"_joinchat":[]},"pwb-brand":[168],"product_cat":[122],"product_tag":[],"jetpack_sharing_enabled":true,"brands":[{"id":168,"name":"BROTHER","slug":"brother"}],"_links":{"self":[{"href":"https:\/\/corporaciongonza.com\/index.php\/wp-json\/wp\/v2\/product\/1936"}],"collection":[{"href":"https:\/\/corporaciongonza.com\/index.php\/wp-json\/wp\/v2\/product"}],"about":[{"href":"https:\/\/corporaciongonza.com\/index.php\/wp-json\/wp\/v2\/types\/product"}],"replies":[{"embeddable":true,"href":"https:\/\/corporaciongonza.com\/index.php\/wp-json\/wp\/v2\/comments?post=1936"}],"wp:featuredmedia":[{"embeddable":true,"href":"https:\/\/corporaciongonza.com\/index.php\/wp-json\/wp\/v2\/media\/1979"}],"wp:attachment":[{"href":"https:\/\/corporaciongonza.com\/index.php\/wp-json\/wp\/v2\/media?parent=1936"}],"wp:term":[{"taxonomy":"pwb-brand","embeddable":true,"href":"https:\/\/corporaciongonza.com\/index.php\/wp-json\/wp\/v2\/pwb-brand?post=1936"},{"taxonomy":"product_cat","embeddable":true,"href":"https:\/\/corporaciongonza.com\/index.php\/wp-json\/wp\/v2\/product_cat?post=1936"},{"taxonomy":"product_tag","embeddable":true,"href":"https:\/\/corporaciongonza.com\/index.php\/wp-json\/wp\/v2\/product_tag?post=1936"}],"curies":[{"name":"wp","href":"https:\/\/api.w.org\/{rel}","templated":true}]}}