{"id":1996,"date":"2025-02-18T14:34:13","date_gmt":"2025-02-18T19:34:13","guid":{"rendered":"https:\/\/corporaciongonza.com\/?post_type=product&#038;p=1996"},"modified":"2025-02-18T14:34:13","modified_gmt":"2025-02-18T19:34:13","slug":"tambor-xerox-101r00582-versalink-b600","status":"publish","type":"product","link":"https:\/\/corporaciongonza.com\/index.php\/product\/tambor-xerox-101r00582-versalink-b600\/","title":{"rendered":"TAMBOR XEROX 101R00582 VERSALINK B600"},"content":{"rendered":"<p>01R00582<\/p>\n<p><strong>VersaLink B600\/B605\/B610\/B615 Unidad de imagen<\/strong><\/p>\n<p>VersaLink B600\/B605\/B610\/B615 Unidad de imagen ha sido especialmente formulado y probado para proporcionar la mejor calidad de imagen e impresi\u00f3n para el usuario, una p\u00e1gina tras otra. Los consumibles originales y los equipos Xerox se complementan entre s\u00ed. No acepte imitaciones.<\/p>\n<p>Compatible con:<\/p>\n<ul>\n<li>Impresora Xerox\u00ae VersaLink\u00ae B600\/B610<\/li>\n<li>Multifuncional Xerox\u00ae VersaLink\u00ae B605\/B615<\/li>\n<\/ul>\n","protected":false},"excerpt":{"rendered":"<ul>\n<li class=\"mb-1\">PartNumber: 101R00582<\/li>\n<li class=\"mb-1\">Marca: XEROX<\/li>\n<li class=\"mb-1\"><b>L\u00ednea:<\/b>\u00a0SUMINISTROS<\/li>\n<li class=\"mb-1\"><b>Sublinea:<\/b>\u00a0SUMINISTROS DE IMP. LASER<\/li>\n<li class=\"mb-1\"><b>Grupo:<\/b>\u00a0TAMBORES Y RODILLOS<\/li>\n<li class=\"mb-1\"><b>Otros:<\/b>\u00a0Rendimiento: 60,000 P\u00e1gs, Compatibilidad: B605\/B615, VersaLink B600\/B610<\/li>\n<\/ul>\n","protected":false},"featured_media":1997,"comment_status":"open","ping_status":"closed","template":"","meta":{"advanced_seo_description":"","jetpack_seo_html_title":"","jetpack_seo_noindex":false,"_joinchat":[]},"pwb-brand":[70],"product_cat":[143],"product_tag":[],"jetpack_sharing_enabled":true,"brands":[{"id":70,"name":"XEROX","slug":"xerox"}],"_links":{"self":[{"href":"https:\/\/corporaciongonza.com\/index.php\/wp-json\/wp\/v2\/product\/1996"}],"collection":[{"href":"https:\/\/corporaciongonza.com\/index.php\/wp-json\/wp\/v2\/product"}],"about":[{"href":"https:\/\/corporaciongonza.com\/index.php\/wp-json\/wp\/v2\/types\/product"}],"replies":[{"embeddable":true,"href":"https:\/\/corporaciongonza.com\/index.php\/wp-json\/wp\/v2\/comments?post=1996"}],"wp:featuredmedia":[{"embeddable":true,"href":"https:\/\/corporaciongonza.com\/index.php\/wp-json\/wp\/v2\/media\/1997"}],"wp:attachment":[{"href":"https:\/\/corporaciongonza.com\/index.php\/wp-json\/wp\/v2\/media?parent=1996"}],"wp:term":[{"taxonomy":"pwb-brand","embeddable":true,"href":"https:\/\/corporaciongonza.com\/index.php\/wp-json\/wp\/v2\/pwb-brand?post=1996"},{"taxonomy":"product_cat","embeddable":true,"href":"https:\/\/corporaciongonza.com\/index.php\/wp-json\/wp\/v2\/product_cat?post=1996"},{"taxonomy":"product_tag","embeddable":true,"href":"https:\/\/corporaciongonza.com\/index.php\/wp-json\/wp\/v2\/product_tag?post=1996"}],"curies":[{"name":"wp","href":"https:\/\/api.w.org\/{rel}","templated":true}]}}