{"id":2007,"date":"2025-02-18T16:56:42","date_gmt":"2025-02-18T21:56:42","guid":{"rendered":"https:\/\/corporaciongonza.com\/?post_type=product&#038;p=2007"},"modified":"2025-12-03T19:20:09","modified_gmt":"2025-12-04T00:20:09","slug":"toner-xerox-106r03747-magenta-para-versalink-c70xx","status":"publish","type":"product","link":"https:\/\/corporaciongonza.com\/index.php\/product\/toner-xerox-106r03747-magenta-para-versalink-c70xx\/","title":{"rendered":"TONER XEROX 106R03747 MAGENTA PARA VERSALINK C70XX"},"content":{"rendered":"<p>106R03747<\/p>\n<p>Cartucho de t\u00f3ner de capacidad extra alta de color magenta<\/p>\n<p>El cartucho de t\u00f3ner magenta de capacidad extra alta est\u00e1 especialmente formulado y probado para brindar la mejor calidad de imagen y la impresi\u00f3n m\u00e1s confiable que pueda obtener p\u00e1gina tras p\u00e1gina. Los consumibles originales de Xerox y los equipos de Xerox est\u00e1n hechos el uno para el otro. No acepte imitaciones.<\/p>\n<p>Compatible con:<\/p>\n<ul>\n<li>Impresoras multifunci\u00f3n color Xerox\u00ae VersaLink\u00ae serie C7000<\/li>\n<\/ul>\n","protected":false},"excerpt":{"rendered":"<ul>\n<li class=\"mb-1\">PartNumber: 106R03747<\/li>\n<li class=\"mb-1\">Marca: XEROX<\/li>\n<li class=\"mb-1\"><b>L\u00ednea:<\/b>\u00a0SUMINISTROS<\/li>\n<li class=\"mb-1\"><b>Sublinea:<\/b>\u00a0SUMINISTROS DE IMP. LASER<\/li>\n<li class=\"mb-1\"><b>Grupo:<\/b>\u00a0TONERS PARA IMPRESORA<\/li>\n<li class=\"mb-1\"><b>Otros:<\/b>\u00a0Rendimiento: 16,500 p\u00e1ginas<\/li>\n<\/ul>\n","protected":false},"featured_media":2000,"comment_status":"open","ping_status":"closed","template":"","meta":{"advanced_seo_description":"","jetpack_seo_html_title":"","jetpack_seo_noindex":false,"_joinchat":[]},"pwb-brand":[70],"product_cat":[15,130],"product_tag":[],"jetpack_sharing_enabled":true,"brands":[{"id":70,"name":"XEROX","slug":"xerox"}],"_links":{"self":[{"href":"https:\/\/corporaciongonza.com\/index.php\/wp-json\/wp\/v2\/product\/2007"}],"collection":[{"href":"https:\/\/corporaciongonza.com\/index.php\/wp-json\/wp\/v2\/product"}],"about":[{"href":"https:\/\/corporaciongonza.com\/index.php\/wp-json\/wp\/v2\/types\/product"}],"replies":[{"embeddable":true,"href":"https:\/\/corporaciongonza.com\/index.php\/wp-json\/wp\/v2\/comments?post=2007"}],"wp:featuredmedia":[{"embeddable":true,"href":"https:\/\/corporaciongonza.com\/index.php\/wp-json\/wp\/v2\/media\/2000"}],"wp:attachment":[{"href":"https:\/\/corporaciongonza.com\/index.php\/wp-json\/wp\/v2\/media?parent=2007"}],"wp:term":[{"taxonomy":"pwb-brand","embeddable":true,"href":"https:\/\/corporaciongonza.com\/index.php\/wp-json\/wp\/v2\/pwb-brand?post=2007"},{"taxonomy":"product_cat","embeddable":true,"href":"https:\/\/corporaciongonza.com\/index.php\/wp-json\/wp\/v2\/product_cat?post=2007"},{"taxonomy":"product_tag","embeddable":true,"href":"https:\/\/corporaciongonza.com\/index.php\/wp-json\/wp\/v2\/product_tag?post=2007"}],"curies":[{"name":"wp","href":"https:\/\/api.w.org\/{rel}","templated":true}]}}