{"id":2018,"date":"2025-02-25T15:16:47","date_gmt":"2025-02-25T20:16:47","guid":{"rendered":"https:\/\/corporaciongonza.com\/?post_type=product&#038;p=2018"},"modified":"2025-02-25T15:18:51","modified_gmt":"2025-02-25T20:18:51","slug":"tinta-hp-f6v31al-664xl-negro-480-pgs","status":"publish","type":"product","link":"https:\/\/corporaciongonza.com\/index.php\/product\/tinta-hp-f6v31al-664xl-negro-480-pgs\/","title":{"rendered":"TINTA HP F6V31AL (664XL) NEGRO 480 PGS"},"content":{"rendered":"<h4><strong>Tintas Originales de HP: Dise\u00f1adas para funcionar bien todas las veces desde la primera vez.<\/strong><\/h4>\n<p>\u00a1Mantenga vivas sus memorias! Imprima fotos y documentos resistentes a la decoloraci\u00f3n que duran generaciones.Reduce las reimpresiones, ahorrando papel, tinta y energ\u00eda. Amigables con el Medio Ambiente, al elegir Tintas Originales HP, usted est\u00e1 participando en la econom\u00eda circular. Con su ayuda, el proceso de reciclaje HP le da nueva vida a los productos.<\/p>\n","protected":false},"excerpt":{"rendered":"<ul>\n<li class=\"mb-1\">PartNumber: F6V31AL<\/li>\n<li class=\"mb-1\">Marca: HEWLETT PACKARD<\/li>\n<li class=\"mb-1\"><b>L\u00ednea:<\/b>\u00a0SUMINISTROS<\/li>\n<li class=\"mb-1\"><b>Sublinea:<\/b>\u00a0SUMINISTROS DE IMP. DE TINTA<\/li>\n<li class=\"mb-1\"><b>Grupo:<\/b>\u00a0TINTAS PARA IMPRESORA NORMAL<\/li>\n<li class=\"mb-1\"><b>Otros:<\/b>\u00a0Color: Negro , Compatibilidad: HP Deskjet Ink Advantage 1115, 2135, 3635, 3835, 4535, 4675 Rendimiento: 480 p\u00e1ginas.<\/li>\n<\/ul>\n","protected":false},"featured_media":2020,"comment_status":"open","ping_status":"closed","template":"","meta":{"advanced_seo_description":"","jetpack_seo_html_title":"","jetpack_seo_noindex":false,"_joinchat":[]},"pwb-brand":[69],"product_cat":[138,121],"product_tag":[175,178,172,177],"jetpack_sharing_enabled":true,"brands":[{"id":69,"name":"HP","slug":"hp"}],"_links":{"self":[{"href":"https:\/\/corporaciongonza.com\/index.php\/wp-json\/wp\/v2\/product\/2018"}],"collection":[{"href":"https:\/\/corporaciongonza.com\/index.php\/wp-json\/wp\/v2\/product"}],"about":[{"href":"https:\/\/corporaciongonza.com\/index.php\/wp-json\/wp\/v2\/types\/product"}],"replies":[{"embeddable":true,"href":"https:\/\/corporaciongonza.com\/index.php\/wp-json\/wp\/v2\/comments?post=2018"}],"wp:featuredmedia":[{"embeddable":true,"href":"https:\/\/corporaciongonza.com\/index.php\/wp-json\/wp\/v2\/media\/2020"}],"wp:attachment":[{"href":"https:\/\/corporaciongonza.com\/index.php\/wp-json\/wp\/v2\/media?parent=2018"}],"wp:term":[{"taxonomy":"pwb-brand","embeddable":true,"href":"https:\/\/corporaciongonza.com\/index.php\/wp-json\/wp\/v2\/pwb-brand?post=2018"},{"taxonomy":"product_cat","embeddable":true,"href":"https:\/\/corporaciongonza.com\/index.php\/wp-json\/wp\/v2\/product_cat?post=2018"},{"taxonomy":"product_tag","embeddable":true,"href":"https:\/\/corporaciongonza.com\/index.php\/wp-json\/wp\/v2\/product_tag?post=2018"}],"curies":[{"name":"wp","href":"https:\/\/api.w.org\/{rel}","templated":true}]}}