{"id":2023,"date":"2025-03-21T13:33:47","date_gmt":"2025-03-21T18:33:47","guid":{"rendered":"https:\/\/corporaciongonza.com\/?post_type=product&#038;p=2023"},"modified":"2025-03-21T17:29:24","modified_gmt":"2025-03-21T22:29:24","slug":"impresora-multifuncional-epson-l3250","status":"publish","type":"product","link":"https:\/\/corporaciongonza.com\/index.php\/product\/impresora-multifuncional-epson-l3250\/","title":{"rendered":"IMPRESORA MULTIFUNCIONAL EPSON L3250"},"content":{"rendered":"<h2>IMP. MULTIFUN L3250<\/h2>\n<p>Tecnolog\u00eda de impresi\u00f3n: Inyecci\u00f3n de tinta Heat-Free Micro Piezo de 4 colores (CMYK) \/ Resoluci\u00f3n m\u00e1xima de impresi\u00f3n: Hasta 5760 x 1440 dpi \/ Velocidad de impresi\u00f3n m\u00e1xima: Negro 33 ppm y color 15 ppm (borrador, A4\/carta) \/ Tipo de esc\u00e1ner: Cama plana con sensor de l\u00edneas CIS de color \/ Resoluci\u00f3n \u00f3ptica\/maximo: 1.200 dpi x 2.400 dpi \/ Resoluci\u00f3n m\u00e1xima de copiado: 1.200 dpi x 2.400 dpi \/ Capacidad de carga: Alimentaci\u00f3n trasera: hasta 100 hojas (A4\/Carta) \/ Conectividad est\u00e1ndar: USB de alta velocidad (compatible con USB 2.0), Wi-Fi, Wi-Fi Direct \/ Tensi\u00f3n y frecuencia nominal: AC 100 &#8211; 240 V \/ 50 &#8211; 60 Hz \/ Dimensiones (ancho x profundidad x altura): 37.5 cm x 57.8 cm x 25.3 cm &#8211; Peso: 3.9 kg<\/p>\n<h2>Consideraciones<\/h2>\n<p>Tipo de Producto : Producto Final<\/p>\n<p>Tipo Operatividad : (NV) Nuevo<\/p>\n<p>Foto referencial<\/p>\n","protected":false},"excerpt":{"rendered":"<p><strong>MPRESORA MULTIFUNCIONAL EPSON L3250<\/strong><\/p>\n<ul>\n<li><strong>Funci\u00f3n:<\/strong> Multifuncional (Imprime, escanea,copia).<\/li>\n<li><strong>Compatibilidad<\/strong>: Windows \/ Mac OS X 10.5.8.<\/li>\n<li><strong>Conectividad est\u00e1ndar<\/strong>: USB de alta velocidad (compatible con USB 2.0), Wi-Fi\u00ae\u2074, Wi-Fi Direct\u00ae\u2074.<\/li>\n<li><strong>Tama\u00f1os de papeles soportados<\/strong>: Est\u00e1ndar: A4, Carta, Of\u00edcio.<\/li>\n<li><strong>Conexi\u00f3n Wifi<\/strong>: Si<\/li>\n<\/ul>\n","protected":false},"featured_media":2026,"comment_status":"open","ping_status":"closed","template":"","meta":{"advanced_seo_description":"","jetpack_seo_html_title":"","jetpack_seo_noindex":false,"_joinchat":[]},"pwb-brand":[72],"product_cat":[157,128],"product_tag":[181,182,179,180,174],"jetpack_sharing_enabled":true,"brands":[{"id":72,"name":"EPSON","slug":"epson"}],"_links":{"self":[{"href":"https:\/\/corporaciongonza.com\/index.php\/wp-json\/wp\/v2\/product\/2023"}],"collection":[{"href":"https:\/\/corporaciongonza.com\/index.php\/wp-json\/wp\/v2\/product"}],"about":[{"href":"https:\/\/corporaciongonza.com\/index.php\/wp-json\/wp\/v2\/types\/product"}],"replies":[{"embeddable":true,"href":"https:\/\/corporaciongonza.com\/index.php\/wp-json\/wp\/v2\/comments?post=2023"}],"wp:featuredmedia":[{"embeddable":true,"href":"https:\/\/corporaciongonza.com\/index.php\/wp-json\/wp\/v2\/media\/2026"}],"wp:attachment":[{"href":"https:\/\/corporaciongonza.com\/index.php\/wp-json\/wp\/v2\/media?parent=2023"}],"wp:term":[{"taxonomy":"pwb-brand","embeddable":true,"href":"https:\/\/corporaciongonza.com\/index.php\/wp-json\/wp\/v2\/pwb-brand?post=2023"},{"taxonomy":"product_cat","embeddable":true,"href":"https:\/\/corporaciongonza.com\/index.php\/wp-json\/wp\/v2\/product_cat?post=2023"},{"taxonomy":"product_tag","embeddable":true,"href":"https:\/\/corporaciongonza.com\/index.php\/wp-json\/wp\/v2\/product_tag?post=2023"}],"curies":[{"name":"wp","href":"https:\/\/api.w.org\/{rel}","templated":true}]}}