{"id":2041,"date":"2025-03-31T21:49:46","date_gmt":"2025-04-01T02:49:46","guid":{"rendered":"https:\/\/corporaciongonza.com\/?post_type=product&#038;p=2041"},"modified":"2025-05-14T19:40:40","modified_gmt":"2025-05-15T00:40:40","slug":"botella-tinta-epson-t504320-al-magenta","status":"publish","type":"product","link":"https:\/\/corporaciongonza.com\/index.php\/product\/botella-tinta-epson-t504320-al-magenta\/","title":{"rendered":"BOTELLA TINTA EPSON T504320-AL MAGENTA"},"content":{"rendered":"<p><strong>Botella de Tinta Epson T504320 Magenta L4150\/L4160\/L4260\/L6171\/L6270<\/strong><\/p>\n<p>La botella de Tinta Epson T504320 Magenta presenta compatibilidad con las impresoras L4150\/L4160\/L6161\/L6171\/L6191 y cuenta con un rendimiento de hasta 6000 p\u00e1ginas. Dise\u00f1ada con tecnolog\u00eda de inyecci\u00f3n de tinta para impresiones de mayor calidad y nitidez.<\/p>\n","protected":false},"excerpt":{"rendered":"<p><strong>Linea:<\/strong>\u00a0SUMINISTROS<br \/>\n<strong>SubLinea:<\/strong>\u00a0SUMINISTROS DE IMP. DE TINTA<br \/>\n<strong>PartNumber:<\/strong>\u00a0T504320-AL<br \/>\n<strong>Marca:<\/strong>\u00a0EPSON<\/p>\n","protected":false},"featured_media":2042,"comment_status":"open","ping_status":"closed","template":"","meta":{"advanced_seo_description":"","jetpack_seo_html_title":"","jetpack_seo_noindex":false,"_joinchat":[]},"pwb-brand":[],"product_cat":[140,121],"product_tag":[196,195],"jetpack_sharing_enabled":true,"brands":[],"_links":{"self":[{"href":"https:\/\/corporaciongonza.com\/index.php\/wp-json\/wp\/v2\/product\/2041"}],"collection":[{"href":"https:\/\/corporaciongonza.com\/index.php\/wp-json\/wp\/v2\/product"}],"about":[{"href":"https:\/\/corporaciongonza.com\/index.php\/wp-json\/wp\/v2\/types\/product"}],"replies":[{"embeddable":true,"href":"https:\/\/corporaciongonza.com\/index.php\/wp-json\/wp\/v2\/comments?post=2041"}],"wp:featuredmedia":[{"embeddable":true,"href":"https:\/\/corporaciongonza.com\/index.php\/wp-json\/wp\/v2\/media\/2042"}],"wp:attachment":[{"href":"https:\/\/corporaciongonza.com\/index.php\/wp-json\/wp\/v2\/media?parent=2041"}],"wp:term":[{"taxonomy":"pwb-brand","embeddable":true,"href":"https:\/\/corporaciongonza.com\/index.php\/wp-json\/wp\/v2\/pwb-brand?post=2041"},{"taxonomy":"product_cat","embeddable":true,"href":"https:\/\/corporaciongonza.com\/index.php\/wp-json\/wp\/v2\/product_cat?post=2041"},{"taxonomy":"product_tag","embeddable":true,"href":"https:\/\/corporaciongonza.com\/index.php\/wp-json\/wp\/v2\/product_tag?post=2041"}],"curies":[{"name":"wp","href":"https:\/\/api.w.org\/{rel}","templated":true}]}}