{"id":2051,"date":"2025-05-14T19:44:13","date_gmt":"2025-05-15T00:44:13","guid":{"rendered":"https:\/\/corporaciongonza.com\/?post_type=product&#038;p=2051"},"modified":"2025-09-16T05:25:16","modified_gmt":"2025-09-16T10:25:16","slug":"botella-tinta-epson-t504420-al-yellow","status":"publish","type":"product","link":"https:\/\/corporaciongonza.com\/index.php\/product\/botella-tinta-epson-t504420-al-yellow\/","title":{"rendered":"BOTELLA TINTA EPSON T504420-AL YELLOW"},"content":{"rendered":"<p>La botella de Tinta Epson \u00a0T504420-AL Magenta presenta compatibilidad con las impresoras L4150\/L4160\/L6161\/L6171\/L6191 y cuenta con un rendimiento de hasta 6000 p\u00e1ginas. Dise\u00f1ada con tecnolog\u00eda de inyecci\u00f3n de tinta para impresiones de mayor calidad y nitid<\/p>\n","protected":false},"excerpt":{"rendered":"<p><strong>Linea:<\/strong>\u00a0SUMINISTROS<br \/>\n<strong>SubLinea:<\/strong>\u00a0SUMINISTROS DE IMP. DE TINTA<br \/>\n<strong>PartNumber:<\/strong>\u00a0T504420-AL<br \/>\n<strong>Marca:<\/strong>\u00a0EPSON<\/p>\n","protected":false},"featured_media":2045,"comment_status":"open","ping_status":"closed","template":"","meta":{"advanced_seo_description":"","jetpack_seo_html_title":"","jetpack_seo_noindex":false,"_joinchat":[]},"pwb-brand":[72],"product_cat":[140,121],"product_tag":[],"jetpack_sharing_enabled":true,"brands":[{"id":72,"name":"EPSON","slug":"epson"}],"_links":{"self":[{"href":"https:\/\/corporaciongonza.com\/index.php\/wp-json\/wp\/v2\/product\/2051"}],"collection":[{"href":"https:\/\/corporaciongonza.com\/index.php\/wp-json\/wp\/v2\/product"}],"about":[{"href":"https:\/\/corporaciongonza.com\/index.php\/wp-json\/wp\/v2\/types\/product"}],"replies":[{"embeddable":true,"href":"https:\/\/corporaciongonza.com\/index.php\/wp-json\/wp\/v2\/comments?post=2051"}],"wp:featuredmedia":[{"embeddable":true,"href":"https:\/\/corporaciongonza.com\/index.php\/wp-json\/wp\/v2\/media\/2045"}],"wp:attachment":[{"href":"https:\/\/corporaciongonza.com\/index.php\/wp-json\/wp\/v2\/media?parent=2051"}],"wp:term":[{"taxonomy":"pwb-brand","embeddable":true,"href":"https:\/\/corporaciongonza.com\/index.php\/wp-json\/wp\/v2\/pwb-brand?post=2051"},{"taxonomy":"product_cat","embeddable":true,"href":"https:\/\/corporaciongonza.com\/index.php\/wp-json\/wp\/v2\/product_cat?post=2051"},{"taxonomy":"product_tag","embeddable":true,"href":"https:\/\/corporaciongonza.com\/index.php\/wp-json\/wp\/v2\/product_tag?post=2051"}],"curies":[{"name":"wp","href":"https:\/\/api.w.org\/{rel}","templated":true}]}}