{"id":239,"date":"2022-05-04T14:09:56","date_gmt":"2022-05-04T14:09:56","guid":{"rendered":"https:\/\/startersites.io\/blocksy\/gadgets\/?post_type=product&#038;p=239"},"modified":"2024-09-12T11:31:52","modified_gmt":"2024-09-12T16:31:52","slug":"apple-watch-series-6","status":"publish","type":"product","link":"https:\/\/corporaciongonza.com\/index.php\/product\/apple-watch-series-6\/","title":{"rendered":"TONER HP C7115X (15X) L.J. 1200 3,500PAG &#8211; ORIGINAL"},"content":{"rendered":"<h1>TONER HP C7115X (15X) L.J. 1200 3,500PAG &#8211; ORIGINAL<\/h1>\n<p>Cuenta con los cartuchos de t\u00f3ner Originales HP LaserJet para obtener calidad profesional, m\u00e1s p\u00e1ginas con opciones asequibles de alto rendimiento, excelente rendimiento a altas velocidades e innovadora protecci\u00f3n antifraude: tecnolog\u00eda exclusiva de HP.<\/p>\n<p>&nbsp;<\/p>\n<h3>Dise\u00f1ado para trabajar por primera vez, todo el tiempo<\/h3>\n<p>-Conf\u00ede en los cartuchos HP originales para que funcionen de forma consistente.<\/p>\n<h3>Impresiones de calidad de las que puede enorgullecerse<\/h3>\n<p>-Experimente una calidad de impresi\u00f3n excepcional cuando utilice cartuchos HP originales.<\/p>\n<h3>La elecci\u00f3n del medio ambiente<\/h3>\n<p>-Cartuchos dise\u00f1ados con el planeta en mente para un f\u00e1cil reciclaje y menos desperdicio.<\/p>\n<p>&nbsp;<\/p>\n<h2 style=\"text-align: center;\">ESPECIFICACIONES TECNICAS:<\/h2>\n<p>&nbsp;<\/p>\n<ul>\n<li><strong>Fabricante:<\/strong> Hewlett-Packard<\/li>\n<li><strong>Marca:<\/strong> HP<\/li>\n<li><strong>C\u00f3digo:<\/strong> C7115X<\/li>\n<li><strong>MPN:<\/strong> C7115X<\/li>\n<li><strong>Color:<\/strong> Negro<\/li>\n<li><strong>Compatibilidad<\/strong> <strong>con Impresoras:<\/strong>\u00a0 HP LaserJet 1000, 1200, 1005W, 1200N, 1220, 3380, 3300, 3320<\/li>\n<li><strong>Rendimiento:<\/strong> 3,500 p\u00e1ginas a cobertura de 5% en hoja A4<\/li>\n<li><strong>Tipo de Producto:<\/strong> Cartucho de T\u00f3ner HP<\/li>\n<li><strong>Tecnolog\u00eda de Impresi\u00f3n:<\/strong> L\u00e1ser Monocrom\u00e1tica<\/li>\n<li><strong>Condici\u00f3n:<\/strong> 100% Nuevo Original<\/li>\n<li><strong>Garant\u00eda:<\/strong>\u00a0 6 Meses (Ver Condiciones de Garant\u00eda en Cada marca Aqu\u00ed)<\/li>\n<li><strong>Dimensiones del embalaje:<\/strong>\u00a0 (An. x Pr. x Al.) 344 x 122 x 196 mm<\/li>\n<li><strong>Peso:<\/strong> \u00a0Aproximadamente 1,2 kg<\/li>\n<\/ul>\n<p>-Usar siempre Cartucho de T\u00f3ner Hp 15X Negro Original: T\u00f3ner Hp 1000,T\u00f3ner Hp 1200,T\u00f3ner Hp 1220,T\u00f3ner Hp 3380,T\u00f3ner Hp 3320<\/p>\n<p>&nbsp;<\/p>\n<h2>Recomendaciones:<\/h2>\n<p>\u2013 El embalaje de transporte debe mantenerse protegido de la lluvia y de la humedad<br \/>\n\u2013 L\u00edmite de temperatura entre lo que debe almacenarse: -20 a 40\u00b0C<br \/>\n\u2013 Margen de temperaturas operativas 10 a 32.5\u00b0C<br \/>\n\u2013 Intervalo de humedad en funcionamiento: de 10 a 80% HR<br \/>\n\u2013 Humedad durante almacenamiento: 10 a 90% RH<br \/>\n\u2013 El embalaje de expedici\u00f3n debe mantenerse en posici\u00f3n vertical<br \/>\n\u2013 El embalaje de expedici\u00f3n no debe exponerse a la luz del sol.<\/p>\n<h2>RECOMENDACIONES:<\/h2>\n<p>\u2013 El embalaje de transporte debe mantenerse protegido de la lluvia y de la humedad.<br \/>\n\u2013 Mantener fuera del alcance de ni\u00f1os peque\u00f1os.<br \/>\n\u2013 Rango de temperatura de almacenamiento: de -20\u00b0C a 40\u00b0C<br \/>\n\u2013 Rango de temperatura de funcionamiento: de 10\u00b0C a 32.5\u00b0C<br \/>\n\u2013 Rango de humedad de almacenamiento: 10 a 80% de humedad relativa.<br \/>\n\u2013 Rango de humedad de funcionamiento: 20 a 80% de humedad relativa.<br \/>\n\u2013 El embalaje de expedici\u00f3n debe mantenerse en posici\u00f3n vertical<br \/>\n\u2013 El embalaje de expedici\u00f3n no debe exponerse a la luz del sol.<\/p>\n<h2>Condiciones de la garant\u00eda:<\/h2>\n<p><strong>El servicio de garant\u00eda tiene limitaciones. A continuaci\u00f3n se enumeran algunas de estas limitaciones:<\/strong><\/p>\n<p>Los t\u00e9rminos y las condiciones de la garant\u00eda ofrecen reparaci\u00f3n o sustituci\u00f3n (a discreci\u00f3n de HP) por defectos de material o mano de obra del fabricante. La garant\u00eda no protege contra da\u00f1os accidentales, p\u00e9rdida, causas naturales o cualquier otro evento no originado durante la fabricaci\u00f3n del producto.<br \/>\nHP puede reparar los productos con productos o piezas nuevos o previamente utilizados equivalentes a los nuevos en cuanto a rendimiento y confiabilidad, o con productos equivalentes a un producto original que haya dejado de fabricarse.<br \/>\nHP no se responsabiliza por la p\u00e9rdida de datos. Se recomienda tener un plan de copia de seguridad de datos.<br \/>\nEst\u00e1 disponible el soporte del software para las aplicaciones que HP vende con un producto o para aplicaciones que est\u00e1n preinstaladas en un producto HP, incluidos los sistemas operativos. El per\u00edodo de tiempo que admiten est\u00e1 disponible y la existencia de una tarifa para ese soporte var\u00eda seg\u00fan la l\u00ednea de productos. Para obtener informaci\u00f3n sobre el soporte del software para un producto HP espec\u00edfico, consulte la declaraci\u00f3n de garant\u00eda para el producto.<br \/>\nEs posible invalidar la garant\u00eda de un producto HP. Las fallas causadas por un componente no compatible o de terceros no est\u00e1n cubiertas por la garant\u00eda. La apertura de un componente o producto sellado anular\u00e1 la garant\u00eda. Algunos ejemplos de tales componentes o productos sellados incluyen unidades de disco, monitores y muchos productos de equipos de mano. La apertura de la carcasa no invalidar\u00e1 la garant\u00eda en los productos que est\u00e1n dise\u00f1ados para abrirse y actualizarse, tales como equipos de torre o de escritorio, o servidores.<\/p>\n<h2>Cuidado del producto y resoluci\u00f3n de problemas<\/h2>\n<p>El cliente puede influir en la calidad y la longevidad del hardware de HP.<\/p>\n<p>Para mantener el m\u00e1ximo rendimiento, un producto requiere atenci\u00f3n regular a variables como flujo de aire, control del polvo, las actualizaciones de controladores y actualizaciones de ROM del BIOS.<br \/>\nSi un producto falla, HP identificar\u00e1 la causa de la falla y propondr\u00e1 una soluci\u00f3n de forma remota. Si la falla se debe a un defecto de fabricaci\u00f3n y el producto est\u00e1 en garant\u00eda, HP, a distancia, diagnosticar\u00e1 y reparar\u00e1 o sustituir\u00e1 (a discreci\u00f3n de HP) el producto sin costo alguno. Si el producto est\u00e1 fuera del per\u00edodo de garant\u00eda, puede haber una tarifa para el diagn\u00f3stico y su soluci\u00f3n.<br \/>\nEs necesario que el cliente ayude a HP en la evaluaci\u00f3n de un producto defectuoso. HP puede pedirle al cliente que abra la caja del producto, retire el hardware, manipule el software o realice otras actividades de diagn\u00f3stico. La falta de ayuda y la imposibilidad de realizar diagn\u00f3sticos remotos dar\u00e1 lugar al cobro de una tarifa de servicio para servicios de diagn\u00f3stico en el sitio.<\/p>\n<p>&nbsp;<\/p>\n<p>&nbsp;<\/p>\n<p>&nbsp;<\/p>\n","protected":false},"excerpt":{"rendered":"<h2 class=\"mb-3\">DETALLES DEL PRODUCTO:<\/h2>\n<div class=\"product-single-w3l\">\n<ul>\n<li class=\"mb-1\"><strong>C\u00f3digo:<\/strong> 0506-010103<\/li>\n<li class=\"mb-1\"><strong>C\u00f3digo Interno:<\/strong> TOHPC7115X<\/li>\n<li class=\"mb-1\"><strong>PartNumber:<\/strong> C7115X<\/li>\n<li class=\"mb-1\"><strong>Marca:<\/strong> HEWLETT PACKARD<\/li>\n<li class=\"mb-1\"><b>L\u00ednea:<\/b> SUMINISTROS<\/li>\n<li class=\"mb-1\"><b>Sublinea:<\/b> SUMINISTROS DE IMP. LASER<\/li>\n<li class=\"mb-1\"><b>Grupo:<\/b> TONERS PARA IMPRESORA<\/li>\n<li class=\"mb-1\"><strong>Color:<\/strong> Negro<\/li>\n<li class=\"mb-1\"><strong>Compatibilidad:<\/strong> HP LASERJET 1200\/1220\/1000W\/1005W\/3380\/3320\/1200N\/3300\/3330<\/li>\n<li class=\"mb-1\"><strong>Rendimiento:<\/strong> 3500 p\u00e1ginas.<\/li>\n<\/ul>\n<\/div>\n","protected":false},"featured_media":1203,"comment_status":"open","ping_status":"closed","template":"","meta":{"advanced_seo_description":"","jetpack_seo_html_title":"","jetpack_seo_noindex":false,"_joinchat":[]},"pwb-brand":[69],"product_cat":[15,131],"product_tag":[],"jetpack_sharing_enabled":true,"brands":[{"id":69,"name":"HP","slug":"hp"}],"_links":{"self":[{"href":"https:\/\/corporaciongonza.com\/index.php\/wp-json\/wp\/v2\/product\/239"}],"collection":[{"href":"https:\/\/corporaciongonza.com\/index.php\/wp-json\/wp\/v2\/product"}],"about":[{"href":"https:\/\/corporaciongonza.com\/index.php\/wp-json\/wp\/v2\/types\/product"}],"replies":[{"embeddable":true,"href":"https:\/\/corporaciongonza.com\/index.php\/wp-json\/wp\/v2\/comments?post=239"}],"wp:featuredmedia":[{"embeddable":true,"href":"https:\/\/corporaciongonza.com\/index.php\/wp-json\/wp\/v2\/media\/1203"}],"wp:attachment":[{"href":"https:\/\/corporaciongonza.com\/index.php\/wp-json\/wp\/v2\/media?parent=239"}],"wp:term":[{"taxonomy":"pwb-brand","embeddable":true,"href":"https:\/\/corporaciongonza.com\/index.php\/wp-json\/wp\/v2\/pwb-brand?post=239"},{"taxonomy":"product_cat","embeddable":true,"href":"https:\/\/corporaciongonza.com\/index.php\/wp-json\/wp\/v2\/product_cat?post=239"},{"taxonomy":"product_tag","embeddable":true,"href":"https:\/\/corporaciongonza.com\/index.php\/wp-json\/wp\/v2\/product_tag?post=239"}],"curies":[{"name":"wp","href":"https:\/\/api.w.org\/{rel}","templated":true}]}}