{"id":243,"date":"2022-05-04T14:12:53","date_gmt":"2022-05-04T14:12:53","guid":{"rendered":"https:\/\/startersites.io\/blocksy\/gadgets\/?post_type=product&#038;p=243"},"modified":"2024-09-13T10:25:44","modified_gmt":"2024-09-13T15:25:44","slug":"samsung-galaxy-s21","status":"publish","type":"product","link":"https:\/\/corporaciongonza.com\/index.php\/product\/samsung-galaxy-s21\/","title":{"rendered":"TONER HP CF283A (83A) MFP M127F NEGRO 1.5KPG. &#8211; ORIGINAL"},"content":{"rendered":"<h2>TONER HP CF283A (83A) MFP M127F NEGRO 1.5KPG. &#8211; ORIGINAL<\/h2>\n<p>Imprima con resultados excelentes, p\u00e1gina tras p\u00e1gina. Los cartuchos de t\u00f3ner originales HP siempre brindan documentos de im\u00e1genes y textos n\u00edtidos. Simplifique la administraci\u00f3n y el reemplazo de consumibles, para que su oficina sea productiva.<\/p>\n<p>&nbsp;<\/p>\n<h3>CARACTERISTICAS:<\/h3>\n<p><strong>-Tipo:<\/strong> Original<br \/>\n&#8211;<strong>Colores de impresi\u00f3n:<\/strong> Negro<br \/>\n&#8211;<strong>Marca compatible:<\/strong> HP<br \/>\n&#8211;<strong>Tecnolog\u00eda de impresi\u00f3n:<\/strong> Impresi\u00f3n l\u00e1ser<br \/>\n&#8211;<strong>Compatibilidad:<\/strong> HP LaserJet Pro M125, M127, M201, M202, M225, M226<br \/>\n&#8211;<strong>Cantidad por paquete:<\/strong> 1 pieza(s)<br \/>\n&#8211;<strong>Rendimiento de impresi\u00f3n de t\u00f3ner negro:<\/strong> 1500 p\u00e1ginas<br \/>\n&#8211;<strong>N\u00famero de cartuchos de t\u00f3ner negro:<\/strong> 1<br \/>\n&#8211;<strong>Tipo de cartucho de tinta:<\/strong> Rendimiento est\u00e1ndar<br \/>\n&#8211;<strong>C\u00f3digo OEM:<\/strong> CF283A<\/p>\n<p>&nbsp;<\/p>\n<div class=\"product-spec-swapper grid\">\n<h2 class=\"product-spec-group\">FICHA TECNICA<\/h2>\n<div class=\"product-spec-attributes\">\n<dl class=\"product-spec-attribute\">\n<dt>\n<p class=\"label\"><strong>Sku : <\/strong>CF283A<\/p>\n<div class=\"DetailedSpecs-module_specWrapper__3Zu1w\" data-test-hook=\"@hpstellar\/pdp\/tech-specs__detailedSpecWithSubSpecs\">\n<h3 class=\"DetailedSpecs-module_category__d1c3R\">Pesos<\/h3>\n<div class=\"Spec-module_spec__71K6S Spec-module_subSpec__ZujQx\">\n<div class=\"Spec-module_innerLeft__Z13zG\">\n<p class=\"Typography-module_root__eQwd4 Typography-module_boldL__LZR-5 Typography-module_responsive__iddT7\" data-test-hook=\"@hpstellar\/core\/typography\"><strong>-Peso<\/strong> : Aprox. 0,62 kg<\/p>\n<\/div>\n<\/div>\n<div class=\"Spec-module_spec__71K6S Spec-module_subSpec__ZujQx\">\n<div class=\"Spec-module_innerLeft__Z13zG\">\n<p class=\"Typography-module_root__eQwd4 Typography-module_boldL__LZR-5 Typography-module_responsive__iddT7\" data-test-hook=\"@hpstellar\/core\/typography\"><strong>-Peso del embalaje<\/strong> :Aprox. 0,83 kg<\/p>\n<p data-test-hook=\"@hpstellar\/core\/typography\">\n<\/div>\n<div class=\"DetailedSpecs-module_specWrapper__3Zu1w\" data-test-hook=\"@hpstellar\/pdp\/tech-specs__detailedSpecWithSubSpecs\">\n<h3 class=\"DetailedSpecs-module_category__d1c3R\">Dimensiones<\/h3>\n<div class=\"Spec-module_spec__71K6S Spec-module_subSpec__ZujQx\">\n<div class=\"Spec-module_innerLeft__Z13zG\">\n<p class=\"Typography-module_root__eQwd4 Typography-module_boldL__LZR-5 Typography-module_responsive__iddT7\" data-test-hook=\"@hpstellar\/core\/typography\">&#8211;<strong>Dimensiones m\u00ednimas<\/strong> (ancho x fondo x alto) :375 x 113 x 125 mm<\/p>\n<\/div>\n<\/div>\n<div class=\"Spec-module_spec__71K6S Spec-module_subSpec__ZujQx\">\n<div class=\"Spec-module_innerLeft__Z13zG\">\n<p class=\"Typography-module_root__eQwd4 Typography-module_boldL__LZR-5 Typography-module_responsive__iddT7\" data-test-hook=\"@hpstellar\/core\/typography\">&#8211;<strong>Dimensiones del embalaje<\/strong> (ancho x fondo x alto): 375 x 113 x 125 mm<\/p>\n<\/div>\n<h3 data-test-hook=\"@hpstellar\/core\/typography\">DATOS LOGISTICOS<\/h3>\n<p>&#8211;<strong>Anchura del pal\u00e9:<\/strong> 117,5 cm<br \/>\n&#8211;<strong>Longitud del pal\u00e9:<\/strong> 100 cm<br \/>\n&#8211;<strong>Altura del pal\u00e9:<\/strong> 126,9 cm<br \/>\n&#8211;<strong>Peso del pal\u00e9:<\/strong> 214,7 kg<br \/>\n&#8211;<strong>Peso de europalet:<\/strong> 159,9 kg<\/p>\n<\/div>\n<\/div>\n<\/div>\n<\/div>\n<\/dt>\n<\/dl>\n<\/div>\n<\/div>\n<h2><\/h2>\n<h2>RECOMENDACIONES:<\/h2>\n<p>\u2013 El embalaje de transporte debe mantenerse protegido de la lluvia y de la humedad.<br \/>\n\u2013 Mantener fuera del alcance de ni\u00f1os peque\u00f1os.<br \/>\n\u2013 Rango de temperatura de almacenamiento: de -20\u00b0C a 40\u00b0C<br \/>\n\u2013 Rango de temperatura de funcionamiento: de 10\u00b0C a 32.5\u00b0C<br \/>\n\u2013 Rango de humedad de almacenamiento: 10 a 80% de humedad relativa.<br \/>\n\u2013 Rango de humedad de funcionamiento: 20 a 80% de humedad relativa.<br \/>\n\u2013 El embalaje de expedici\u00f3n debe mantenerse en posici\u00f3n vertical<br \/>\n\u2013 El embalaje de expedici\u00f3n no debe exponerse a la luz del sol.<\/p>\n<h2>Condiciones de la garant\u00eda:<\/h2>\n<p><strong>El servicio de garant\u00eda tiene limitaciones. A continuaci\u00f3n se enumeran algunas de estas limitaciones:<\/strong><\/p>\n<p>Los t\u00e9rminos y las condiciones de la garant\u00eda ofrecen reparaci\u00f3n o sustituci\u00f3n (a discreci\u00f3n de HP) por defectos de material o mano de obra del fabricante. La garant\u00eda no protege contra da\u00f1os accidentales, p\u00e9rdida, causas naturales o cualquier otro evento no originado durante la fabricaci\u00f3n del producto.<br \/>\nHP puede reparar los productos con productos o piezas nuevos o previamente utilizados equivalentes a los nuevos en cuanto a rendimiento y confiabilidad, o con productos equivalentes a un producto original que haya dejado de fabricarse.<br \/>\nHP no se responsabiliza por la p\u00e9rdida de datos. Se recomienda tener un plan de copia de seguridad de datos.<br \/>\nEst\u00e1 disponible el soporte del software para las aplicaciones que HP vende con un producto o para aplicaciones que est\u00e1n preinstaladas en un producto HP, incluidos los sistemas operativos. El per\u00edodo de tiempo que admiten est\u00e1 disponible y la existencia de una tarifa para ese soporte var\u00eda seg\u00fan la l\u00ednea de productos. Para obtener informaci\u00f3n sobre el soporte del software para un producto HP espec\u00edfico, consulte la declaraci\u00f3n de garant\u00eda para el producto.<br \/>\nEs posible invalidar la garant\u00eda de un producto HP. Las fallas causadas por un componente no compatible o de terceros no est\u00e1n cubiertas por la garant\u00eda. La apertura de un componente o producto sellado anular\u00e1 la garant\u00eda. Algunos ejemplos de tales componentes o productos sellados incluyen unidades de disco, monitores y muchos productos de equipos de mano. La apertura de la carcasa no invalidar\u00e1 la garant\u00eda en los productos que est\u00e1n dise\u00f1ados para abrirse y actualizarse, tales como equipos de torre o de escritorio, o servidores.<\/p>\n<h2>Cuidado del producto y resoluci\u00f3n de problemas<\/h2>\n<p>El cliente puede influir en la calidad y la longevidad del hardware de HP.<\/p>\n<p>Para mantener el m\u00e1ximo rendimiento, un producto requiere atenci\u00f3n regular a variables como flujo de aire, control del polvo, las actualizaciones de controladores y actualizaciones de ROM del BIOS.<br \/>\nSi un producto falla, HP identificar\u00e1 la causa de la falla y propondr\u00e1 una soluci\u00f3n de forma remota. Si la falla se debe a un defecto de fabricaci\u00f3n y el producto est\u00e1 en garant\u00eda, HP, a distancia, diagnosticar\u00e1 y reparar\u00e1 o sustituir\u00e1 (a discreci\u00f3n de HP) el producto sin costo alguno. Si el producto est\u00e1 fuera del per\u00edodo de garant\u00eda, puede haber una tarifa para el diagn\u00f3stico y su soluci\u00f3n.<br \/>\nEs necesario que el cliente ayude a HP en la evaluaci\u00f3n de un producto defectuoso. HP puede pedirle al cliente que abra la caja del producto, retire el hardware, manipule el software o realice otras actividades de diagn\u00f3stico. La falta de ayuda y la imposibilidad de realizar diagn\u00f3sticos remotos dar\u00e1 lugar al cobro de una tarifa de servicio para servicios de diagn\u00f3stico en el sitio.<\/p>\n","protected":false},"excerpt":{"rendered":"<p>&nbsp;<\/p>\n<h2 class=\"mb-3\">DETALLES DEL PRODUCTO:<\/h2>\n<div class=\"product-single-w3l\">\n<ul>\n<li class=\"mb-1\"><strong>C\u00f3digo:<\/strong> 0506-012184<\/li>\n<li class=\"mb-1\"><strong>C\u00f3digo Interno:<\/strong> TOHPCF283A<\/li>\n<li class=\"mb-1\"><strong>PartNumber:<\/strong> CF283A<\/li>\n<li class=\"mb-1\"><strong>Marca:<\/strong> HEWLETT PACKARD<\/li>\n<li class=\"mb-1\"><b>L\u00ednea:<\/b> SUMINISTROS<\/li>\n<li class=\"mb-1\"><b>Sublinea:<\/b> SUMINISTROS DE IMP. LASER<\/li>\n<li class=\"mb-1\"><b>Grupo:<\/b> TONERS PARA IMPRESORA<\/li>\n<li class=\"mb-1\"><strong>Color:<\/strong> Negro<\/li>\n<li class=\"mb-1\"><strong>Compatibilidad:<\/strong> HP LaserJet Pro MFP M125 \/ M127<\/li>\n<li class=\"mb-1\"><strong>Rendimiento:<\/strong> 1500 p\u00e1ginas.<\/li>\n<\/ul>\n<\/div>\n","protected":false},"featured_media":1200,"comment_status":"open","ping_status":"closed","template":"","meta":{"advanced_seo_description":"","jetpack_seo_html_title":"","jetpack_seo_noindex":false,"_joinchat":[]},"pwb-brand":[69],"product_cat":[15,131],"product_tag":[],"jetpack_sharing_enabled":true,"brands":[{"id":69,"name":"HP","slug":"hp"}],"_links":{"self":[{"href":"https:\/\/corporaciongonza.com\/index.php\/wp-json\/wp\/v2\/product\/243"}],"collection":[{"href":"https:\/\/corporaciongonza.com\/index.php\/wp-json\/wp\/v2\/product"}],"about":[{"href":"https:\/\/corporaciongonza.com\/index.php\/wp-json\/wp\/v2\/types\/product"}],"replies":[{"embeddable":true,"href":"https:\/\/corporaciongonza.com\/index.php\/wp-json\/wp\/v2\/comments?post=243"}],"wp:featuredmedia":[{"embeddable":true,"href":"https:\/\/corporaciongonza.com\/index.php\/wp-json\/wp\/v2\/media\/1200"}],"wp:attachment":[{"href":"https:\/\/corporaciongonza.com\/index.php\/wp-json\/wp\/v2\/media?parent=243"}],"wp:term":[{"taxonomy":"pwb-brand","embeddable":true,"href":"https:\/\/corporaciongonza.com\/index.php\/wp-json\/wp\/v2\/pwb-brand?post=243"},{"taxonomy":"product_cat","embeddable":true,"href":"https:\/\/corporaciongonza.com\/index.php\/wp-json\/wp\/v2\/product_cat?post=243"},{"taxonomy":"product_tag","embeddable":true,"href":"https:\/\/corporaciongonza.com\/index.php\/wp-json\/wp\/v2\/product_tag?post=243"}],"curies":[{"name":"wp","href":"https:\/\/api.w.org\/{rel}","templated":true}]}}