{"id":253,"date":"2022-05-04T14:23:18","date_gmt":"2022-05-04T14:23:18","guid":{"rendered":"https:\/\/startersites.io\/blocksy\/gadgets\/?post_type=product&#038;p=253"},"modified":"2024-09-13T10:26:10","modified_gmt":"2024-09-13T15:26:10","slug":"xbox-elite-controller","status":"publish","type":"product","link":"https:\/\/corporaciongonza.com\/index.php\/product\/xbox-elite-controller\/","title":{"rendered":"TONER HP CE255A (55A) L.J. CP3015 NEGRO 6KPG &#8211; ORIGINAL"},"content":{"rendered":"<h1>TONER HP CE255A (55A) L.J. CP3015 NEGRO 6KPG &#8211; ORIGINAL<\/h1>\n<h2>FICHA TECNICA:<\/h2>\n<p>\u2013 <strong>Marca:<\/strong> HP<br \/>\n\u2013 <strong>Producto:<\/strong> Toner<br \/>\n\u2013 <strong>Modelo:<\/strong> 55A \/ CE255A<br \/>\n\u2013 <strong>Rendimiento:<\/strong> 6000 p\u00e1ginas<br \/>\n\u2013 <strong>Contenido de material reciclado:<\/strong> 37%<br \/>\n\u2013 <strong>N\u00famero de apilado para caja de cart\u00f3n:<\/strong> 16<br \/>\n\u2013 <strong>Tecnolog\u00eda de impresi\u00f3n:<\/strong> l\u00e1ser<br \/>\n\u2013 <strong>Color:<\/strong> Black<br \/>\n\u2013 <strong>Fabricaci\u00f3n:<\/strong> Jap\u00f3n<\/p>\n<h2>Caracteristicas<\/h2>\n<p>\u2013 Toner original HP.<br \/>\n\u2013 Cartucho de t\u00f3ner de alta capacidad.<br \/>\n\u2013 Dise\u00f1ado para funcionar perfectamente desde el primer uso.<br \/>\n\u2013 Impresiones de calidad de las que puede enorgullecerse.<br \/>\n\u2013 Cartuchos dise\u00f1ados con el planeta en mente para un f\u00e1cil reciclaje y menos desperdicio.<br \/>\n\u2013 Obtenga una consistente calidad de impresi\u00f3n a trav\u00e9s de la duraci\u00f3n del cartucho, con cartuchos HP<br \/>\n\u2013 Calidad superior, resultados profesionales en todo momento.<br \/>\n\u2013 Producto Original. Dise\u00f1ado especialmente para conseguir impresiones uniformes y sin problemas<br \/>\ncon la impresora HP.<br \/>\n\u2013 Posibilite la eficiencia en la oficina con los consumibles HP originales, que brindan una impresi\u00f3n<br \/>\nr\u00e1pida y sin problemas.<br \/>\n\u2013 La administraci\u00f3n de suministros con ahorro de tiempo hace m\u00e1s productiva y econ\u00f3mica la<br \/>\nimpresi\u00f3n.<br \/>\n\u2013 Producto cumple con el est\u00e1ndar de Conformidad Europea (CE)<br \/>\n\u2013 Envoltorio reciclable.<br \/>\n\u2013 Producto reciclable.<\/p>\n<p>&nbsp;<\/p>\n<h2>COMPATIBILIDAD:<\/h2>\n<p>\u2013 HP LaseJet Enterprise P2050 \/ 2033 \/ P2035 \/ P2036 \/ P2037 \/ P2054 \/ P2055 \/ P2056 \/ P2057 \/ P2055<br \/>\n\u2013 MFP M176 \/ M17<\/p>\n<p>&nbsp;<\/p>\n<h2>RECOMENDACIONES:<\/h2>\n<p>\u2013 El embalaje de transporte debe mantenerse protegido de la lluvia y de la humedad.<br \/>\n\u2013 Mantener fuera del alcance de ni\u00f1os peque\u00f1os.<br \/>\n\u2013 Rango de temperatura de almacenamiento: de -20\u00b0C a 40\u00b0C<br \/>\n\u2013 Rango de temperatura de funcionamiento: de 10\u00b0C a 32.5\u00b0C<br \/>\n\u2013 Rango de humedad de almacenamiento: 10 a 80% de humedad relativa.<br \/>\n\u2013 Rango de humedad de funcionamiento: 20 a 80% de humedad relativa.<br \/>\n\u2013 El embalaje de expedici\u00f3n debe mantenerse en posici\u00f3n vertical<br \/>\n\u2013 El embalaje de expedici\u00f3n no debe exponerse a la luz del sol.<\/p>\n<h2>Condiciones de la garant\u00eda<\/h2>\n<p>El servicio de garant\u00eda tiene limitaciones. A continuaci\u00f3n se enumeran algunas de estas limitaciones:<\/p>\n<p>Los t\u00e9rminos y las condiciones de la garant\u00eda ofrecen reparaci\u00f3n o sustituci\u00f3n (a discreci\u00f3n de HP) por defectos de material o mano de obra del fabricante. La garant\u00eda no protege contra da\u00f1os accidentales, p\u00e9rdida, causas naturales o cualquier otro evento no originado durante la fabricaci\u00f3n del producto.<br \/>\nHP puede reparar los productos con productos o piezas nuevos o previamente utilizados equivalentes a los nuevos en cuanto a rendimiento y confiabilidad, o con productos equivalentes a un producto original que haya dejado de fabricarse.<br \/>\nHP no se responsabiliza por la p\u00e9rdida de datos. Se recomienda tener un plan de copia de seguridad de datos.<br \/>\nEst\u00e1 disponible el soporte del software para las aplicaciones que HP vende con un producto o para aplicaciones que est\u00e1n preinstaladas en un producto HP, incluidos los sistemas operativos. El per\u00edodo de tiempo que admiten est\u00e1 disponible y la existencia de una tarifa para ese soporte var\u00eda seg\u00fan la l\u00ednea de productos. Para obtener informaci\u00f3n sobre el soporte del software para un producto HP espec\u00edfico, consulte la declaraci\u00f3n de garant\u00eda para el producto.<br \/>\nEs posible invalidar la garant\u00eda de un producto HP. Las fallas causadas por un componente no compatible o de terceros no est\u00e1n cubiertas por la garant\u00eda. La apertura de un componente o producto sellado anular\u00e1 la garant\u00eda. Algunos ejemplos de tales componentes o productos sellados incluyen unidades de disco, monitores y muchos productos de equipos de mano. La apertura de la carcasa no invalidar\u00e1 la garant\u00eda en los productos que est\u00e1n dise\u00f1ados para abrirse y actualizarse, tales como equipos de torre o de escritorio, o servidores.<\/p>\n<h2>Cuidado del producto y resoluci\u00f3n de problemas<\/h2>\n<p>El cliente puede influir en la calidad y la longevidad del hardware de HP.<\/p>\n<p>Para mantener el m\u00e1ximo rendimiento, un producto requiere atenci\u00f3n regular a variables como flujo de aire, control del polvo, las actualizaciones de controladores y actualizaciones de ROM del BIOS.<br \/>\nSi un producto falla, HP identificar\u00e1 la causa de la falla y propondr\u00e1 una soluci\u00f3n de forma remota. Si la falla se debe a un defecto de fabricaci\u00f3n y el producto est\u00e1 en garant\u00eda, HP, a distancia, diagnosticar\u00e1 y reparar\u00e1 o sustituir\u00e1 (a discreci\u00f3n de HP) el producto sin costo alguno. Si el producto est\u00e1 fuera del per\u00edodo de garant\u00eda, puede haber una tarifa para el diagn\u00f3stico y su soluci\u00f3n.<br \/>\nEs necesario que el cliente ayude a HP en la evaluaci\u00f3n de un producto defectuoso. HP puede pedirle al cliente que abra la caja del producto, retire el hardware, manipule el software o realice otras actividades de diagn\u00f3stico. La falta de ayuda y la imposibilidad de realizar diagn\u00f3sticos remotos dar\u00e1 lugar al cobro de una tarifa de servicio para servicios de diagn\u00f3stico en el sitio.<\/p>\n","protected":false},"excerpt":{"rendered":"<h2 class=\"mb-3\">DETALLES DEL PRODUCTO<\/h2>\n<div class=\"product-single-w3l\">\n<ul>\n<li class=\"mb-1\"><strong>C\u00f3digo:<\/strong> 0506-010167<\/li>\n<li class=\"mb-1\"><strong>C\u00f3digo Interno:<\/strong> TOHPCE255A<\/li>\n<li class=\"mb-1\"><strong>PartNumber:<\/strong> CE255A<\/li>\n<li class=\"mb-1\"><strong>Marca:<\/strong> HEWLETT PACKARD<\/li>\n<li class=\"mb-1\"><b>L\u00ednea:<\/b> SUMINISTROS<\/li>\n<li class=\"mb-1\"><b>Sublinea:<\/b> SUMINISTROS DE IMP. LASER<\/li>\n<li class=\"mb-1\"><b>Grupo:<\/b> TONERS PARA IMPRESORA<\/li>\n<li class=\"mb-1\"><strong>Color:<\/strong> Negro<\/li>\n<li class=\"mb-1\"><strong>Compatibilidad:<\/strong> HP LASERJET P3011\/P3015<\/li>\n<li class=\"mb-1\"><strong>Rendimiento:<\/strong> 6000 p\u00e1ginas.<\/li>\n<\/ul>\n<\/div>\n","protected":false},"featured_media":1103,"comment_status":"open","ping_status":"closed","template":"","meta":{"advanced_seo_description":"","jetpack_seo_html_title":"","jetpack_seo_noindex":false,"_joinchat":[]},"pwb-brand":[69],"product_cat":[15,131],"product_tag":[],"jetpack_sharing_enabled":true,"brands":[{"id":69,"name":"HP","slug":"hp"}],"_links":{"self":[{"href":"https:\/\/corporaciongonza.com\/index.php\/wp-json\/wp\/v2\/product\/253"}],"collection":[{"href":"https:\/\/corporaciongonza.com\/index.php\/wp-json\/wp\/v2\/product"}],"about":[{"href":"https:\/\/corporaciongonza.com\/index.php\/wp-json\/wp\/v2\/types\/product"}],"replies":[{"embeddable":true,"href":"https:\/\/corporaciongonza.com\/index.php\/wp-json\/wp\/v2\/comments?post=253"}],"wp:featuredmedia":[{"embeddable":true,"href":"https:\/\/corporaciongonza.com\/index.php\/wp-json\/wp\/v2\/media\/1103"}],"wp:attachment":[{"href":"https:\/\/corporaciongonza.com\/index.php\/wp-json\/wp\/v2\/media?parent=253"}],"wp:term":[{"taxonomy":"pwb-brand","embeddable":true,"href":"https:\/\/corporaciongonza.com\/index.php\/wp-json\/wp\/v2\/pwb-brand?post=253"},{"taxonomy":"product_cat","embeddable":true,"href":"https:\/\/corporaciongonza.com\/index.php\/wp-json\/wp\/v2\/product_cat?post=253"},{"taxonomy":"product_tag","embeddable":true,"href":"https:\/\/corporaciongonza.com\/index.php\/wp-json\/wp\/v2\/product_tag?post=253"}],"curies":[{"name":"wp","href":"https:\/\/api.w.org\/{rel}","templated":true}]}}