{"id":255,"date":"2022-05-04T14:24:53","date_gmt":"2022-05-04T14:24:53","guid":{"rendered":"https:\/\/startersites.io\/blocksy\/gadgets\/?post_type=product&#038;p=255"},"modified":"2024-09-13T10:26:31","modified_gmt":"2024-09-13T15:26:31","slug":"xbox-series-x","status":"publish","type":"product","link":"https:\/\/corporaciongonza.com\/index.php\/product\/xbox-series-x\/","title":{"rendered":"TONER HP CE255X (55X) L.J. CP3015 NEGRO 12.5KPG &#8211;  ORIGINAL"},"content":{"rendered":"<h1>TONER HP CE255X (55X) L.J. CP3015 NEGRO 12.5KPG<\/h1>\n<p>Los cartuchos de t\u00f3ner LaserJet HP 55 le ofrecen una impresi\u00f3n sin problemas y resultados homog\u00e9neos, p\u00e1gina tras p\u00e1gina. La impresi\u00f3n en la oficina funciona sin problemas con el cartucho de t\u00f3ner original HP, con t\u00f3ner original HP. Y puede confiar en el liderazgo medioambiental de HP.<\/p>\n<p>&nbsp;<\/p>\n<div class=\"ProductKeySellingPoints_kspSection__3Fumw\">\n<h4 class=\"ProductKeySellingPoints_title__EfldW\">Evite la p\u00e9rdida de tiempo con impresi\u00f3n f\u00e1cil e instalaci\u00f3n f\u00e1cil<\/h4>\n<div class=\"ProductKeySellingPoints_description__1LCVX\">Rendimiento \u00f3ptimo y calidad de impresi\u00f3n homog\u00e9nea a la velocidad que demanda su negocio: t\u00f3ner original HP.<\/div>\n<div>\n<div class=\"ProductKeySellingPoints_kspSection__3Fumw\">\n<h4 class=\"ProductKeySellingPoints_title__EfldW\">Conf\u00ede en la iniciativa medioambiental de HP<\/h4>\n<div class=\"ProductKeySellingPoints_description__1LCVX\">Los cartuchos de t\u00f3ner originales HP LaserJet se dise\u00f1an teniendo en cuenta el medio ambiente.<\/div>\n<div>\n<div class=\"ProductKeySellingPoints_kspSection__3Fumw\">\n<h4 class=\"ProductKeySellingPoints_title__EfldW\">Obtenga los mejores resultados e imprima siempre sin problemas<\/h4>\n<div class=\"ProductKeySellingPoints_description__1LCVX\">Conf\u00ede en un cartucho multifunci\u00f3n HP que supone hasta el 70% del tratamiento de im\u00e1genes, para unos resultados fiables y constantes.<\/div>\n<\/div>\n<\/div>\n<\/div>\n<\/div>\n<\/div>\n<div><\/div>\n<div><\/div>\n<h2>FICHA TECNICA:<\/h2>\n<p>&#8211; <strong>Marca:<\/strong> HP<br \/>\n&#8211; <strong>Producto:<\/strong> Toner<br \/>\n&#8211; <strong>Modelo:<\/strong> 55X \/ CE255X<br \/>\n&#8211; <strong>Rendimiento:<\/strong> 12500 p\u00e1ginas<br \/>\n&#8211; <strong>Contenido de material reciclado:<\/strong> 37%<br \/>\n&#8211; <strong>N\u00famero de apilado para caja de cart\u00f3n:<\/strong> 16<br \/>\n&#8211; <strong>Tecnolog\u00eda de impresi\u00f3n:<\/strong> l\u00e1ser<br \/>\n&#8211; <strong>Color:<\/strong> Black<br \/>\n&#8211; <strong>Fabricaci\u00f3n:<\/strong> Jap\u00f3n<\/p>\n<h2>Caracteristicas<\/h2>\n<p>&#8211; Toner original HP.<br \/>\n&#8211; Cartucho de t\u00f3ner de alta capacidad.<br \/>\n&#8211; Dise\u00f1ado para funcionar perfectamente desde el primer uso.<br \/>\n&#8211; Impresiones de calidad de las que puede enorgullecerse.<br \/>\n&#8211; Cartuchos dise\u00f1ados con el planeta en mente para un f\u00e1cil reciclaje y menos desperdicio.<br \/>\n&#8211; Obtenga una consistente calidad de impresi\u00f3n a trav\u00e9s de la duraci\u00f3n del cartucho, con cartuchos HP<br \/>\n&#8211; Calidad superior, resultados profesionales en todo momento.<br \/>\n&#8211; Producto Original. Dise\u00f1ado especialmente para conseguir impresiones uniformes y sin problemas<br \/>\ncon la impresora HP.<br \/>\n&#8211; Posibilite la eficiencia en la oficina con los consumibles HP originales, que brindan una impresi\u00f3n<br \/>\nr\u00e1pida y sin problemas.<br \/>\n&#8211; La administraci\u00f3n de suministros con ahorro de tiempo hace m\u00e1s productiva y econ\u00f3mica la<br \/>\nimpresi\u00f3n.<br \/>\n&#8211; Producto cumple con el est\u00e1ndar de Conformidad Europea (CE)<br \/>\n&#8211; Envoltorio reciclable.<br \/>\n&#8211; Producto reciclable.<\/p>\n<p>&nbsp;<\/p>\n<h2>COMPATIBILIDAD:<\/h2>\n<p>&#8211; HP LaseJet Enterprise P2050 \/ 2033 \/ P2035 \/ P2036 \/ P2037 \/ P2054 \/ P2055 \/ P2056 \/ P2057 \/ P2055<br \/>\n&#8211; MFP M176 \/ M17<\/p>\n<p>&nbsp;<\/p>\n<h2>RECOMENDACIONES:<\/h2>\n<p>&#8211; El embalaje de transporte debe mantenerse protegido de la lluvia y de la humedad.<br \/>\n&#8211; Mantener fuera del alcance de ni\u00f1os peque\u00f1os.<br \/>\n&#8211; Rango de temperatura de almacenamiento: de -20\u00b0C a 40\u00b0C<br \/>\n&#8211; Rango de temperatura de funcionamiento: de 10\u00b0C a 32.5\u00b0C<br \/>\n&#8211; Rango de humedad de almacenamiento: 10 a 80% de humedad relativa.<br \/>\n&#8211; Rango de humedad de funcionamiento: 20 a 80% de humedad relativa.<br \/>\n&#8211; El embalaje de expedici\u00f3n debe mantenerse en posici\u00f3n vertical<br \/>\n&#8211; El embalaje de expedici\u00f3n no debe exponerse a la luz del sol.<\/p>\n<h2>Condiciones de la garant\u00eda<\/h2>\n<p>El servicio de garant\u00eda tiene limitaciones. A continuaci\u00f3n se enumeran algunas de estas limitaciones:<\/p>\n<p>Los t\u00e9rminos y las condiciones de la garant\u00eda ofrecen reparaci\u00f3n o sustituci\u00f3n (a discreci\u00f3n de HP) por defectos de material o mano de obra del fabricante. La garant\u00eda no protege contra da\u00f1os accidentales, p\u00e9rdida, causas naturales o cualquier otro evento no originado durante la fabricaci\u00f3n del producto.<br \/>\nHP puede reparar los productos con productos o piezas nuevos o previamente utilizados equivalentes a los nuevos en cuanto a rendimiento y confiabilidad, o con productos equivalentes a un producto original que haya dejado de fabricarse.<br \/>\nHP no se responsabiliza por la p\u00e9rdida de datos. Se recomienda tener un plan de copia de seguridad de datos.<br \/>\nEst\u00e1 disponible el soporte del software para las aplicaciones que HP vende con un producto o para aplicaciones que est\u00e1n preinstaladas en un producto HP, incluidos los sistemas operativos. El per\u00edodo de tiempo que admiten est\u00e1 disponible y la existencia de una tarifa para ese soporte var\u00eda seg\u00fan la l\u00ednea de productos. Para obtener informaci\u00f3n sobre el soporte del software para un producto HP espec\u00edfico, consulte la declaraci\u00f3n de garant\u00eda para el producto.<br \/>\nEs posible invalidar la garant\u00eda de un producto HP. Las fallas causadas por un componente no compatible o de terceros no est\u00e1n cubiertas por la garant\u00eda. La apertura de un componente o producto sellado anular\u00e1 la garant\u00eda. Algunos ejemplos de tales componentes o productos sellados incluyen unidades de disco, monitores y muchos productos de equipos de mano. La apertura de la carcasa no invalidar\u00e1 la garant\u00eda en los productos que est\u00e1n dise\u00f1ados para abrirse y actualizarse, tales como equipos de torre o de escritorio, o servidores.<\/p>\n<h2>Cuidado del producto y resoluci\u00f3n de problemas<\/h2>\n<p>El cliente puede influir en la calidad y la longevidad del hardware de HP.<\/p>\n<p>Para mantener el m\u00e1ximo rendimiento, un producto requiere atenci\u00f3n regular a variables como flujo de aire, control del polvo, las actualizaciones de controladores y actualizaciones de ROM del BIOS.<br \/>\nSi un producto falla, HP identificar\u00e1 la causa de la falla y propondr\u00e1 una soluci\u00f3n de forma remota. Si la falla se debe a un defecto de fabricaci\u00f3n y el producto est\u00e1 en garant\u00eda, HP, a distancia, diagnosticar\u00e1 y reparar\u00e1 o sustituir\u00e1 (a discreci\u00f3n de HP) el producto sin costo alguno. Si el producto est\u00e1 fuera del per\u00edodo de garant\u00eda, puede haber una tarifa para el diagn\u00f3stico y su soluci\u00f3n.<br \/>\nEs necesario que el cliente ayude a HP en la evaluaci\u00f3n de un producto defectuoso. HP puede pedirle al cliente que abra la caja del producto, retire el hardware, manipule el software o realice otras actividades de diagn\u00f3stico. La falta de ayuda y la imposibilidad de realizar diagn\u00f3sticos remotos dar\u00e1 lugar al cobro de una tarifa de servicio para servicios de diagn\u00f3stico en el sitio.<\/p>\n","protected":false},"excerpt":{"rendered":"<h2 class=\"mb-3\">DETALLES DEL PRODUCTO:<\/h2>\n<div class=\"product-single-w3l\">\n<ul>\n<li class=\"mb-1\"><strong>C\u00f3digo:<\/strong> 0506-010168<\/li>\n<li class=\"mb-1\"><strong>C\u00f3digo Interno:<\/strong> TOHPCE255X<\/li>\n<li class=\"mb-1\"><strong>PartNumber:<\/strong> CE255X<\/li>\n<li class=\"mb-1\"><strong>Marca:<\/strong> HEWLETT PACKARD<\/li>\n<li class=\"mb-1\"><b>L\u00ednea:<\/b> SUMINISTROS<\/li>\n<li class=\"mb-1\"><b>Sublinea:<\/b> SUMINISTROS DE IMP. LASER<\/li>\n<li class=\"mb-1\"><b>Grupo:<\/b> TONERS PARA IMPRESORA<\/li>\n<li class=\"mb-1\"><strong>Color:<\/strong> Negro<\/li>\n<li class=\"mb-1\"><strong>Compatibilidad:<\/strong> HP LASERJET P3011\/P3015.<\/li>\n<li class=\"mb-1\"><strong>Rendimiento:<\/strong> 12500 p\u00e1ginas.<\/li>\n<\/ul>\n<\/div>\n","protected":false},"featured_media":1101,"comment_status":"open","ping_status":"closed","template":"","meta":{"advanced_seo_description":"","jetpack_seo_html_title":"","jetpack_seo_noindex":false,"_joinchat":[]},"pwb-brand":[69],"product_cat":[15,131],"product_tag":[],"jetpack_sharing_enabled":true,"brands":[{"id":69,"name":"HP","slug":"hp"}],"_links":{"self":[{"href":"https:\/\/corporaciongonza.com\/index.php\/wp-json\/wp\/v2\/product\/255"}],"collection":[{"href":"https:\/\/corporaciongonza.com\/index.php\/wp-json\/wp\/v2\/product"}],"about":[{"href":"https:\/\/corporaciongonza.com\/index.php\/wp-json\/wp\/v2\/types\/product"}],"replies":[{"embeddable":true,"href":"https:\/\/corporaciongonza.com\/index.php\/wp-json\/wp\/v2\/comments?post=255"}],"wp:featuredmedia":[{"embeddable":true,"href":"https:\/\/corporaciongonza.com\/index.php\/wp-json\/wp\/v2\/media\/1101"}],"wp:attachment":[{"href":"https:\/\/corporaciongonza.com\/index.php\/wp-json\/wp\/v2\/media?parent=255"}],"wp:term":[{"taxonomy":"pwb-brand","embeddable":true,"href":"https:\/\/corporaciongonza.com\/index.php\/wp-json\/wp\/v2\/pwb-brand?post=255"},{"taxonomy":"product_cat","embeddable":true,"href":"https:\/\/corporaciongonza.com\/index.php\/wp-json\/wp\/v2\/product_cat?post=255"},{"taxonomy":"product_tag","embeddable":true,"href":"https:\/\/corporaciongonza.com\/index.php\/wp-json\/wp\/v2\/product_tag?post=255"}],"curies":[{"name":"wp","href":"https:\/\/api.w.org\/{rel}","templated":true}]}}