{"id":2770,"date":"2025-11-17T23:32:15","date_gmt":"2025-11-18T04:32:15","guid":{"rendered":"https:\/\/corporaciongonza.com\/?post_type=product&#038;p=2770"},"modified":"2025-12-01T00:00:10","modified_gmt":"2025-12-01T05:00:10","slug":"asus-tuf-gaming-f16-fx607-laptop-para-videojuegos-con-intel-core-i5-nvidia-geforce-rtx-4050-16gb-ram-512gb-ssd-pantalla-16-wuxga-144hz","status":"publish","type":"product","link":"https:\/\/corporaciongonza.com\/index.php\/product\/asus-tuf-gaming-f16-fx607-laptop-para-videojuegos-con-intel-core-i5-nvidia-geforce-rtx-4050-16gb-ram-512gb-ssd-pantalla-16-wuxga-144hz\/","title":{"rendered":"ASUS TUF Gaming F16 FX607 &#8211; Laptop para Videojuegos con Intel Core i5, NVIDIA GeForce RTX 4050, 16GB RAM, 512GB SSD, Pantalla 16\u201d WUXGA 144Hz"},"content":{"rendered":"<h5><strong>TUF Gaming F16 FX607 FX607VU-RL048 40.6cm (16&#8243;) &#8211; WUXGA &#8211; 144Hz &#8211; Intel Core 5 210H &#8211; 16GB &#8211; 512GB SSD &#8211; Intel Chip &#8211; 1920 x 1200 &#8211; Windows 11 Home &#8211; NVIDIA GeForce RTX 4050 con 6GB &#8211; Tecnolog\u00eda conmutaci\u00f3n en el mismo plano (In-plane Switching, IPS) &#8211; C\u00e1mara Frontal\/C\u00e1mara Web &#8211; IEEE 802.11ax Wireless LAN Standard<\/strong><br \/>\nInformaci\u00f3n General:<\/h5>\n<ul>\n<li>Tipo de Producto: Laptop para videojuegos<\/li>\n<li>C\u00f3digo de Fabricante: 90NR0N06-M00430<\/li>\n<li>Fabricante: ASUS Computer International<\/li>\n<li>Modelo de Producto: FX607VU-RL048<\/li>\n<li>Nombre de Producto: Laptop para videojuegos Gaming F16 FX607VU-RL048<\/li>\n<li>L\u00ednea de Producto: Gaming F16<\/li>\n<li>Gama de Producto: FX607<\/li>\n<li>Nombre de Marca: TUF<\/li>\n<li>Aplicaci\u00f3n\/Uso: Juegos<\/li>\n<\/ul>\n<p>Procesador:<\/p>\n<ul>\n<li>Velocidad de Procesador: 2.20GHz<\/li>\n<li>Tipo de Procesador: Core 5<\/li>\n<li>Modelo de Procesador: 210H<\/li>\n<li>N\u00facleo del Procesador: Octa-Core (8 n\u00facleos)<\/li>\n<li>Fabricante de Procesador: Intel<\/li>\n<li>Velocidad Turbo M\u00e1xima: 4.80GHz<\/li>\n<li>Subprocesos del Procesador: 12<\/li>\n<\/ul>\n<p>Memoria:<\/p>\n<ul>\n<li>Memoria Total del Sistema Instalada: 16GB<\/li>\n<li>Memoria M\u00e1xima Admitida del Sistema: 64GB<\/li>\n<li>Tecnolog\u00eda de Memoria del Sistema: DDR5 SDRAM<\/li>\n<li>Velocidad de la Memoria del Sistema: 5200MHz<\/li>\n<li>N\u00famero Total de Ranuras de Memoria: 2<\/li>\n<li>Memoria de Ranura Instalada: 16GB<\/li>\n<\/ul>\n<p>Pantalla y Gr\u00e1ficos:<\/p>\n<ul>\n<li>Resoluci\u00f3n de la Pantalla: 1920 x 1200<\/li>\n<li>Tama\u00f1o de Pantalla: 40.6cm (16&#8243;)<\/li>\n<li>Modo de Pantalla: WUXGA<\/li>\n<li>\u00cdndice de Refresco Est\u00e1ndar: 144Hz<\/li>\n<li>Fabricante de Controlador Gr\u00e1fico: NVIDIA<\/li>\n<li>Modelo de Controlador de Gr\u00e1ficos: GeForce RTX 4050<\/li>\n<li>Capacidad de Memoria de Gr\u00e1ficos: 6GB<\/li>\n<li>Tecnolog\u00eda de Memoria de Gr\u00e1ficos: GDDR6<\/li>\n<li>Accesibilidad de Memoria Gr\u00e1fica: Dedicado<\/li>\n<li>Tecnolog\u00eda de Pantalla: Tecnolog\u00eda conmutaci\u00f3n en el mismo plano (In-plane Switching, IPS)<\/li>\n<\/ul>\n<p>Almacenamiento:<\/p>\n<ul>\n<li>Tipo de Controlador: SSD<\/li>\n<li>Capacidad Total de la Unidad de Estado S\u00f3lido (SSD): 512GB<\/li>\n<li>Factor de Forma de SSD: M.2<\/li>\n<\/ul>\n<p>Redes y Comunicaciones:<\/p>\n<ul>\n<li>Bluetooth: S\u00ed<\/li>\n<li>LAN Inal\u00e1mbrica: S\u00ed<\/li>\n<li>Est\u00e1ndar LAN Sin Cable: IEEE 802.11ax<\/li>\n<li>Tecnolog\u00eda Ethernet: Ethernet<\/li>\n<\/ul>\n<p>Informaci\u00f3n de Bater\u00edas:<\/p>\n<ul>\n<li>N\u00famero de Celdas: 4-Celdas<\/li>\n<\/ul>\n<p>Dispositivos de Entrada:<\/p>\n<ul>\n<li>Teclado Retroiluminado: S\u00ed<\/li>\n<li>Tecla de Copiloto: S\u00ed<\/li>\n<\/ul>\n<p>Sistema Operativo:<\/p>\n<ul>\n<li>Sistema Operativo: Windows 11 Home<\/li>\n<li>Plataforma del Sistema Operativo: Windows<\/li>\n<\/ul>\n<p>Chipset:<\/p>\n<ul>\n<li>Fabricante de Chipset: Intel<\/li>\n<\/ul>\n<p>Caracter\u00edsticas F\u00edsicas:<\/p>\n<ul>\n<li>Peso (Aproximado): 2.20kg<\/li>\n<li>Altura: 26.70mm<\/li>\n<li>Anchura: 354mm<\/li>\n<li>Profundidad: 251mm<\/li>\n<li>Familia de Colores: Gris<\/li>\n<\/ul>\n<p>Interfaces\/Puertos:<\/p>\n<ul>\n<li>HDMI: S\u00ed<\/li>\n<li>Red (RJ-45): S\u00ed<\/li>\n<li>N\u00famero Total de Puertos USB: 3<\/li>\n<li>N\u00famero de Puertos Ethernet: 1<\/li>\n<li>N\u00famero de Puertos USB 3.2 Gen 2 Tipo-C: 1<\/li>\n<li>N\u00famero de Puertos USB 3.2 Gen 1 Tipo A: 2<\/li>\n<li>N\u00famero de Puertos Thunderbolt 4: 1<\/li>\n<\/ul>\n<p>Varios:<\/p>\n<ul>\n<li>Cargador Incluido: S\u00ed<\/li>\n<li>Energy Star: S\u00ed<\/li>\n<li>Cumplimiento Ambiental: Restriction of Hazardous Substances (RoHS)<\/li>\n<li>Caracter\u00edsticas: Cortana, Tecnolog\u00eda DLSS 3.0, Pantalla Antireflejos, NVIDIA G-SYNC<\/li>\n<\/ul>\n<p>Contenido de la Caja:<\/p>\n<ul>\n<li>Laptop para Videojuegos Gaming F16 FX607VU-RL048<\/li>\n<li>Bater\u00eda de i\u00f3n-litio<\/li>\n<li>Adaptador CA<\/li>\n<\/ul>\n","protected":false},"excerpt":{"rendered":"<ul>\n<li>C\u00f3digo de Fabricante: 90NR0N06-M00430<\/li>\n<li>Fabricante: ASUS Computer International<\/li>\n<li>Modelo de Producto: FX607VU-RL048<\/li>\n<li>Nombre de Producto: Laptop para videojuegos Gaming F16 FX607VU-RL048<\/li>\n<li>L\u00ednea de Producto: Gaming F16<\/li>\n<li>Gama de Producto: FX607<\/li>\n<li>Nombre de Marca: TUF<\/li>\n<\/ul>\n","protected":false},"featured_media":2765,"comment_status":"open","ping_status":"closed","template":"","meta":{"advanced_seo_description":"","jetpack_seo_html_title":"","jetpack_seo_noindex":false,"_joinchat":[]},"pwb-brand":[285],"product_cat":[166,129],"product_tag":[295,297,338,288,344,336,347,348,345,289,350,290,337,343,339,286,302,342,349,341,346,335,340,294],"jetpack_sharing_enabled":true,"brands":[{"id":285,"name":"ASUS","slug":"asus"}],"_links":{"self":[{"href":"https:\/\/corporaciongonza.com\/index.php\/wp-json\/wp\/v2\/product\/2770"}],"collection":[{"href":"https:\/\/corporaciongonza.com\/index.php\/wp-json\/wp\/v2\/product"}],"about":[{"href":"https:\/\/corporaciongonza.com\/index.php\/wp-json\/wp\/v2\/types\/product"}],"replies":[{"embeddable":true,"href":"https:\/\/corporaciongonza.com\/index.php\/wp-json\/wp\/v2\/comments?post=2770"}],"wp:featuredmedia":[{"embeddable":true,"href":"https:\/\/corporaciongonza.com\/index.php\/wp-json\/wp\/v2\/media\/2765"}],"wp:attachment":[{"href":"https:\/\/corporaciongonza.com\/index.php\/wp-json\/wp\/v2\/media?parent=2770"}],"wp:term":[{"taxonomy":"pwb-brand","embeddable":true,"href":"https:\/\/corporaciongonza.com\/index.php\/wp-json\/wp\/v2\/pwb-brand?post=2770"},{"taxonomy":"product_cat","embeddable":true,"href":"https:\/\/corporaciongonza.com\/index.php\/wp-json\/wp\/v2\/product_cat?post=2770"},{"taxonomy":"product_tag","embeddable":true,"href":"https:\/\/corporaciongonza.com\/index.php\/wp-json\/wp\/v2\/product_tag?post=2770"}],"curies":[{"name":"wp","href":"https:\/\/api.w.org\/{rel}","templated":true}]}}