{"id":2885,"date":"2026-01-30T13:27:05","date_gmt":"2026-01-30T18:27:05","guid":{"rendered":"https:\/\/corporaciongonza.com\/?post_type=product&#038;p=2885"},"modified":"2026-01-30T13:28:41","modified_gmt":"2026-01-30T18:28:41","slug":"toner-xerox-106r01572-amarillo-de-alta-capacidad-para-phaser-7800","status":"publish","type":"product","link":"https:\/\/corporaciongonza.com\/index.php\/product\/toner-xerox-106r01572-amarillo-de-alta-capacidad-para-phaser-7800\/","title":{"rendered":"T\u00f3ner Xerox 106R01572 Amarillo de Alta Capacidad para Phaser 7800"},"content":{"rendered":"<h3 data-path-to-node=\"4\">DESCRIPCI\u00d3N DEL PRODUCTO<\/h3>\n<p data-path-to-node=\"5\"><span class=\"citation-119 citation-end-119\">El Cartucho de T\u00f3ner Xerox 106R01572 Amarillo est\u00e1 formulado espec\u00edficamente para la impresora de artes gr\u00e1ficas Xerox Phaser 7800.<\/span> <span class=\"citation-118 citation-end-118\">Este suministro de alta capacidad garantiza una reproducci\u00f3n de color superior, con amarillos vibrantes y transiciones de tono suaves, ideales para pruebas de color, dise\u00f1o gr\u00e1fico y materiales de marketing profesional.<\/span> <span class=\"citation-117 citation-end-117\">Al ser un producto original, incluye un chip inteligente que se comunica con la impresora para monitorear el uso y asegurar una calidad de imagen constante desde la primera hasta la \u00faltima p\u00e1gina.<\/span><\/p>\n<h3 data-path-to-node=\"10\">COMPATIBILIDAD<\/h3>\n<p data-path-to-node=\"11\">Este cartucho de t\u00f3ner est\u00e1 dise\u00f1ado exclusivamente para el siguiente equipo de alto rendimiento gr\u00e1fico:<\/p>\n<ul data-path-to-node=\"12\">\n<li>\n<p data-path-to-node=\"12,0,0\"><span class=\"citation-112 citation-end-112\">Xerox Phaser 7800<\/span><\/p>\n<\/li>\n<li>\n<p data-path-to-node=\"12,1,0\"><span class=\"citation-111 citation-end-111\">Xerox Phaser 7800DN<\/span><\/p>\n<\/li>\n<li>\n<p data-path-to-node=\"12,2,0\"><span class=\"citation-110 citation-end-110\">Xerox Phaser 7800DX<\/span><\/p>\n<\/li>\n<li>\n<p data-path-to-node=\"12,3,0\"><span class=\"citation-109 citation-end-109\">Xerox Phaser 7800GX<\/span><\/p>\n<\/li>\n<\/ul>\n","protected":false},"excerpt":{"rendered":"<p>ESPECIFICACIONES T\u00c9CNICAS<\/p>\n<ul>\n<li><strong>Marca:<\/strong> Xerox<\/li>\n<li><strong>Tipo de Producto:<\/strong> Cartucho de T\u00f3ner (Toner Cartridge)<\/li>\n<li><strong>N\u00famero de Parte (SKU):<\/strong> 106R01572<\/li>\n<li><strong>Color de Impresi\u00f3n:<\/strong> Amarillo (Yellow)<\/li>\n<li><strong>Tecnolog\u00eda de Impresi\u00f3n:<\/strong> L\u00e1ser Color<\/li>\n<li><strong>Rendimiento Estimado:<\/strong> 17,200 p\u00e1ginas (Basado en una cobertura promedio del 5% en papel A4\/Carta)<\/li>\n<li><strong>Condici\u00f3n:<\/strong> Nuevo \/ Original<\/li>\n<\/ul>\n","protected":false},"featured_media":2886,"comment_status":"open","ping_status":"closed","template":"","meta":{"advanced_seo_description":"","jetpack_seo_html_title":"","jetpack_seo_noindex":false,"_joinchat":[]},"pwb-brand":[70],"product_cat":[15,130],"product_tag":[651,648,650,560,649,646,645,647],"jetpack_sharing_enabled":true,"brands":[{"id":70,"name":"XEROX","slug":"xerox"}],"_links":{"self":[{"href":"https:\/\/corporaciongonza.com\/index.php\/wp-json\/wp\/v2\/product\/2885"}],"collection":[{"href":"https:\/\/corporaciongonza.com\/index.php\/wp-json\/wp\/v2\/product"}],"about":[{"href":"https:\/\/corporaciongonza.com\/index.php\/wp-json\/wp\/v2\/types\/product"}],"replies":[{"embeddable":true,"href":"https:\/\/corporaciongonza.com\/index.php\/wp-json\/wp\/v2\/comments?post=2885"}],"wp:featuredmedia":[{"embeddable":true,"href":"https:\/\/corporaciongonza.com\/index.php\/wp-json\/wp\/v2\/media\/2886"}],"wp:attachment":[{"href":"https:\/\/corporaciongonza.com\/index.php\/wp-json\/wp\/v2\/media?parent=2885"}],"wp:term":[{"taxonomy":"pwb-brand","embeddable":true,"href":"https:\/\/corporaciongonza.com\/index.php\/wp-json\/wp\/v2\/pwb-brand?post=2885"},{"taxonomy":"product_cat","embeddable":true,"href":"https:\/\/corporaciongonza.com\/index.php\/wp-json\/wp\/v2\/product_cat?post=2885"},{"taxonomy":"product_tag","embeddable":true,"href":"https:\/\/corporaciongonza.com\/index.php\/wp-json\/wp\/v2\/product_tag?post=2885"}],"curies":[{"name":"wp","href":"https:\/\/api.w.org\/{rel}","templated":true}]}}