{"id":671,"date":"2022-05-06T17:40:33","date_gmt":"2022-05-06T17:40:33","guid":{"rendered":"https:\/\/startersites.io\/blocksy\/gadgets\/?post_type=product&#038;p=671"},"modified":"2024-09-13T10:29:14","modified_gmt":"2024-09-13T15:29:14","slug":"valve-index-knuckles","status":"publish","type":"product","link":"https:\/\/corporaciongonza.com\/index.php\/product\/valve-index-knuckles\/","title":{"rendered":"TONER HP CF287A (87A) L.J.E. M506 NEGRO 9K PAG"},"content":{"rendered":"<h1>TONER HP CF287A (87A) L.J.E. M506 NEGRO 9K PAG<\/h1>\n<p>Garant\u00eda de un gran valor por sus cartuchos. Cuente con el seguimiento inteligente de los niveles de t\u00f3ner y las opciones rentables de alto rendimiento al usar los cartuchos de t\u00f3ner original HP con JetIntelligence<\/p>\n<p>Saque el m\u00e1ximo partido a su inversi\u00f3n con la tecnolog\u00eda de maximizaci\u00f3n de p\u00e1ginas que permite imprimir m\u00e1s p\u00e1ginas por cartucho que las versiones anteriores de cartuchos de t\u00f3ner HP.<\/p>\n<p>Haga un seguimiento inteligente de los niveles de t\u00f3ner con la tecnolog\u00eda de medici\u00f3n de impresi\u00f3n para ayudarlo a asegurarse de obtener las p\u00e1ginas por las que pag\u00f3.<\/p>\n<p>Imprima m\u00e1s p\u00e1ginas y reemplace los cartuchos con menos frecuencia con los cartuchos de t\u00f3ner originales HP de alta capacidad opcionales.[2]<br \/>\nImprima documentos de calidad uniforme a las velocidades para las que se dise\u00f1\u00f3 su impresora com\u00fan o multifunci\u00f3n HP. Los cartuchos de t\u00f3ner original HP especialmente dise\u00f1ados con JetIntelligence igualan el rendimiento a alta velocidad de su impresora y ofrecen resultados de impresi\u00f3n profesionales.<\/p>\n<p>Siga contando con una calidad uniforme a altas velocidades con los cartuchos de t\u00f3ner original HP con JetIntelligence.<\/p>\n<p>Produzca texto n\u00edtido, negros contundentes y gr\u00e1ficos definidos con el t\u00f3ner negro de precisi\u00f3n.<\/p>\n<p>Mantenga un bajo consumo de energ\u00eda: los cartuchos de t\u00f3ner original HP con JetIntelligence ayudan a que su impresora HP consuma menos.<br \/>\nAyude a proteger a su empresa de los cartuchos falsificados con la tecnolog\u00eda antifraude exclusiva de HP. Administre los costos comerciales y mantenga los est\u00e1ndares de calidad con la protecci\u00f3n de cartuchos y las pol\u00edticas de uso exclusivo de cartuchos originales HP.<\/p>\n<h2>FICHA TECNICA<\/h2>\n<p><strong>-C\u00f3digo:<\/strong> 13004682<br \/>\n<strong>-Marca:<\/strong> HP<br \/>\n<strong>-Familia:<\/strong> Suministros de Impresora<br \/>\n<strong>-Grupo:<\/strong> Toner<\/p>\n<h3><strong>Dimensiones<\/strong><\/h3>\n<p><strong>-Longitud:<\/strong> 10.2 cm<br \/>\n<strong>-Ancho:<\/strong> 35.5 cm<br \/>\n<strong>-Alto:<\/strong> 22.3 cm<br \/>\n<strong>-Peso:<\/strong> 1210 gr<\/p>\n<p>&#8211; <strong>Marca:<\/strong> HP<br \/>\n&#8211; <strong>Producto:<\/strong> T\u00f3ner<br \/>\n&#8211; <strong>Modelo:<\/strong> 87A \/ CF287A<br \/>\n&#8211; <strong>Rendimiento:<\/strong> 9.000 p\u00e1ginas<br \/>\n&#8211; <strong>N\u00famero de apilado para caja de cart\u00f3n:<\/strong> 20<br \/>\n&#8211; <strong>Tecnolog\u00eda<\/strong> de impresi\u00f3n: L\u00e1ser<br \/>\n&#8211; <strong>Color:<\/strong> Negro<br \/>\n&#8211; <strong>Fabricaci\u00f3n:<\/strong> EE.UU<\/p>\n<h2>Caracter\u00edsticas<\/h2>\n<p>&#8211; T\u00f3ner original HP.<br \/>\n&#8211; Saque el m\u00e1ximo partido a su inversi\u00f3n con la tecnolog\u00eda de maximizaci\u00f3n de p\u00e1ginas que permite<br \/>\nimprimir m\u00e1s p\u00e1ginas por cartucho que las versiones anteriores de cartuchos de t\u00f3ner HP.<br \/>\n&#8211; Haga un seguimiento inteligente de los niveles de t\u00f3ner con la tecnolog\u00eda de medici\u00f3n de impresi\u00f3n<br \/>\npara ayudarlo a asegurarse de obtener las p\u00e1ginas por las que pag\u00f3.<br \/>\n&#8211; Siga contando con una calidad uniforme a altas velocidades con los cartuchos de t\u00f3ner original HP<br \/>\n&#8211; Produzca texto n\u00edtido, negros contundentes y gr\u00e1ficos definidos con el t\u00f3ner negro de precisi\u00f3n.<br \/>\n&#8211; Mantenga un bajo consumo de energ\u00eda: los cartuchos de t\u00f3ner original HP con JetIntelligence<br \/>\nayudan a que su impresora HP consuma menos.<br \/>\n&#8211; Ayude a garantizarse que est\u00e1 obteniendo la aut\u00e9ntica calidad HP por la que pag\u00f3, con la innovadora<br \/>\ntecnolog\u00eda anti-fraude.<br \/>\n&#8211; Dise\u00f1ado para trabajar por primera vez, todo el tiempo.<br \/>\n&#8211; Impresiones de calidad de las que puede enorgullecerse.<br \/>\n&#8211; Cartuchos dise\u00f1ados con el planeta en mente para un f\u00e1cil reciclaje y menos desperdicio.<br \/>\n&#8211; Producto con certificaci\u00f3n de Conformidad Europea (CE).<br \/>\n&#8211; Producto con rendimiento conforme seg\u00fan a la norma ISO\/IEC 19752.<br \/>\n&#8211; Envoltorio reciclable.<br \/>\n&#8211; Producto reciclable.<\/p>\n<h3>Compatibilidad:<\/h3>\n<p>&#8211; HP Laserjet Enterprise M506dn \/ MFP M527<\/p>\n<h3>Recomendaciones<\/h3>\n<p>&#8211; El embalaje de transporte debe mantenerse protegido de la lluvia y de la humedad.<br \/>\n&#8211; Rango de temperatura de almacenamiento: de -20\u00b0C a 40\u00b0C.<br \/>\n&#8211; El embalaje de expedici\u00f3n debe mantenerse en posici\u00f3n vertical.<br \/>\n&#8211; El embalaje de expedici\u00f3n no debe exponerse a la luz del sol.<br \/>\n&#8211; Mantener fuera del alcance de ni\u00f1os peque\u00f1os.<\/p>\n<p>&nbsp;<\/p>\n<p>&nbsp;<\/p>\n<p>&nbsp;<\/p>\n<h2 style=\"text-align: center;\">GARANTIA<\/h2>\n<p style=\"text-align: center;\">Garant\u00eda de protecci\u00f3n HP Premium. Este producto HP est\u00e1 garantizado de estar libre de defectos de fabricaci\u00f3n y mano de obra. Esta garant\u00eda no se aplica a cartuchos de impresi\u00f3n que (a) hayan sido renovados, reacondicionados o modificados de alguna forma, (b) presenten problemas que resulten del uso incorrecto, almacenamiento inadecuado o que se hayan utilizado fuera de las especificaciones medioambientales publicadas para el producto de impresora, o (c) presenten un desgaste distinto al normal. Para obtener el servicio de garant\u00eda, devuelva el producto al lugar donde lo adquiri\u00f3 (con una descripci\u00f3n por escrito del problema y muestras de impresi\u00f3n) o p\u00f3ngase en contacto con el servicio de atenci\u00f3n al cliente de HP. Seg\u00fan su criterio exclusivo, HP devolver\u00e1 el importe de la compra o reemplazar\u00e1 los productos que resulten ser defectuosos. EN LA MEDIDA EN QUE LO PERMITA LA LEGISLACI\u00d3N LOCAL, LA GARANT\u00cdA QUE ANTECEDE ES EXCLUSIVA Y PREVALECE SOBRE CUALQUIER OTRA GARANT\u00cdA O CONDICI\u00d3N, ESCRITA U ORAL, EXPRESA O IMPL\u00cdCITA, Y HP RECHAZA DE FORMA ESPEC\u00cdFICA CUALQUIER GARANT\u00cdA IMPL\u00cdCITA O CONDICI\u00d3N DE COMERCIALIZACI\u00d3N, CALIDAD SATISFACTORIA Y ADECUACI\u00d3N PARA UN FIN EN PARTICULAR. EN LA MEDIDA EN QUE LO PERMITAN LAS LEYES LOCALES, NI HP NI SUS PROVEEDORES SER\u00c1N RESPONSABLES DE DA\u00d1OS Y PERJUICIOS DIRECTOS, INDIRECTOS, FORTUITOS, CONSECUENTES (INCLUYENDO P\u00c9RDIDAS ECON\u00d3MICAS O DE DATOS) O DE OTRO TIPO, INDEPENDIENTEMENTE DE QUE SE BASEN EN UN CONTRATO, EN RESPONSABILIDADES EXTRACONTRACTUALES O EN OTROS MOTIVOS. LOS T\u00c9RMINOS DE GARANT\u00cdA CONTENIDOS EN ESTA DECLARACI\u00d3N, EXCEPTO EN LA MEDIDA EN QUE LO PERMITA LA LEGISLACI\u00d3N, NO EXCLUYEN, RESTRINGEN O MODIFICAN LOS DERECHOS ESTATUTARIOS OBLIGATORIOS APLICABLES A LA VENTA DE ESTE PRODUCTO A USTED.<\/p>\n","protected":false},"excerpt":{"rendered":"<h2 class=\"mb-3\">Detalles del producto:<\/h2>\n<div class=\"product-single-w3l\">\n<ul>\n<li class=\"mb-1\"><strong>C\u00f3digo:<\/strong> 0506-013044<\/li>\n<li class=\"mb-1\"><strong>C\u00f3digo Interno:<\/strong> TOHPCF287A<\/li>\n<li class=\"mb-1\"><strong>PartNumber:<\/strong> CF287A<\/li>\n<li class=\"mb-1\"><strong>Marca:<\/strong> HEWLETT PACKARD<\/li>\n<li class=\"mb-1\"><b>L\u00ednea:<\/b> SUMINISTROS<\/li>\n<li class=\"mb-1\"><b>Sublinea:<\/b> SUMINISTROS DE IMP. LASER<\/li>\n<li class=\"mb-1\"><b>Grupo:<\/b> TONERS PARA IMPRESORA<\/li>\n<li class=\"mb-1\"><strong>Color:<\/strong> Negro<\/li>\n<li class=\"mb-1\"><strong>Compatibilidad:<\/strong> HP LaserJet Enterprise M506 series, HP LaserJet Enterprise MFP M527\/Flow MFP M527 series<\/li>\n<li class=\"mb-1\"><strong>Rendimiento:<\/strong> 9000 p\u00e1ginas.<\/li>\n<\/ul>\n<\/div>\n","protected":false},"featured_media":1087,"comment_status":"open","ping_status":"closed","template":"","meta":{"advanced_seo_description":"","jetpack_seo_html_title":"","jetpack_seo_noindex":false,"_joinchat":[]},"pwb-brand":[],"product_cat":[15,131],"product_tag":[],"jetpack_sharing_enabled":true,"brands":[],"_links":{"self":[{"href":"https:\/\/corporaciongonza.com\/index.php\/wp-json\/wp\/v2\/product\/671"}],"collection":[{"href":"https:\/\/corporaciongonza.com\/index.php\/wp-json\/wp\/v2\/product"}],"about":[{"href":"https:\/\/corporaciongonza.com\/index.php\/wp-json\/wp\/v2\/types\/product"}],"replies":[{"embeddable":true,"href":"https:\/\/corporaciongonza.com\/index.php\/wp-json\/wp\/v2\/comments?post=671"}],"wp:featuredmedia":[{"embeddable":true,"href":"https:\/\/corporaciongonza.com\/index.php\/wp-json\/wp\/v2\/media\/1087"}],"wp:attachment":[{"href":"https:\/\/corporaciongonza.com\/index.php\/wp-json\/wp\/v2\/media?parent=671"}],"wp:term":[{"taxonomy":"pwb-brand","embeddable":true,"href":"https:\/\/corporaciongonza.com\/index.php\/wp-json\/wp\/v2\/pwb-brand?post=671"},{"taxonomy":"product_cat","embeddable":true,"href":"https:\/\/corporaciongonza.com\/index.php\/wp-json\/wp\/v2\/product_cat?post=671"},{"taxonomy":"product_tag","embeddable":true,"href":"https:\/\/corporaciongonza.com\/index.php\/wp-json\/wp\/v2\/product_tag?post=671"}],"curies":[{"name":"wp","href":"https:\/\/api.w.org\/{rel}","templated":true}]}}