{"id":673,"date":"2022-05-06T17:41:29","date_gmt":"2022-05-06T17:41:29","guid":{"rendered":"https:\/\/startersites.io\/blocksy\/gadgets\/?post_type=product&#038;p=673"},"modified":"2025-10-19T02:57:23","modified_gmt":"2025-10-19T07:57:23","slug":"airtag","status":"publish","type":"product","link":"https:\/\/corporaciongonza.com\/index.php\/product\/airtag\/","title":{"rendered":"TONER HP CE285A (85A) L.J. P1102 NEGRO 1600PG &#8211; ORIGINAL"},"content":{"rendered":"<h2>TONER HP 85A LASERJET CE285A BLACK ORIGINAL<\/h2>\n<p><strong>-Grandes resultados en la impresi\u00f3n de sus documentos diarios<\/strong><br \/>\nAhorre tiempo y minimice los tiempos de parada con cartuchos de impresi\u00f3n HP LaserJet originales, dise\u00f1ados junto con<br \/>\nla impresora para conseguir unos resultados perfectos. Obtenga resultados fiables y de gran calidad en todas sus<br \/>\nnecesidades de impresi\u00f3n diarias.<\/p>\n<p><strong>-Texto s\u00f3lido y n\u00edtido, e im\u00e1genes claras<\/strong><br \/>\nDisfrute de una calidad de impresi\u00f3n profesional, con texto s\u00f3lido y n\u00edtido, as\u00ed como im\u00e1genes en blanco y negro<br \/>\nperfectamente definidas. El t\u00f3ner negro esf\u00e9rico y la tecnolog\u00eda de cartucho de impresi\u00f3n HP aseguran una colocaci\u00f3n<br \/>\nexacta del t\u00f3ner en todas sus impresiones. Use las impresoras HP LaserJet con cartuchos HP originales para obtener unos<br \/>\nresultados homog\u00e9neos y profesionales.<\/p>\n<p><strong>-F\u00e1ciles de utilizar, f\u00e1ciles de reciclar<\/strong><br \/>\nInstale los cartuchos de impresi\u00f3n HP originales r\u00e1pida y f\u00e1cilmente. Este cartucho de impresi\u00f3n todo en uno HP LaserJet<br \/>\nincorpora t\u00f3ner HP y el cartucho de creaci\u00f3n de im\u00e1genes en un solo consumible f\u00e1cil de instalar. Simplifique su<br \/>\nexperiencia de impresi\u00f3n con una gesti\u00f3n fiable y sencilla de la impresi\u00f3n y los suministros, adem\u00e1s de un reciclado<br \/>\nc\u00f3modo y gratuito.<\/p>\n<h2>Ficha T\u00e9cnica<\/h2>\n<p><strong>C\u00f3digo:<\/strong> 13004406<br \/>\n<strong>Marca:<\/strong> HP<br \/>\n<strong>Familia:<\/strong> Suministros de Impresora<br \/>\n<strong>Grupo:<\/strong> Toner<\/p>\n<p><strong>Dimensiones<\/strong><br \/>\n-Longitud: 11.4 cm<br \/>\nAncho: 37 cm<br \/>\n-Alto: 12.3 cm<br \/>\n-Peso: 802 gr<\/p>\n<p>&#8211; <strong>Marca:<\/strong> HP<br \/>\n&#8211; <strong>Producto:<\/strong> T\u00f3ner<br \/>\n&#8211; <strong>Modelo:<\/strong> 85A \/ CE285A<br \/>\n&#8211; <strong>Rendimiento:<\/strong> 1.600 p\u00e1ginas<br \/>\n&#8211; <strong>Tecnolog\u00eda de impresi\u00f3n.<\/strong> L\u00e1ser<br \/>\n&#8211; <strong>Material reciclado:<\/strong> 29%<br \/>\n&#8211; <strong>N\u00famero de apilado para caja de cart\u00f3n:<\/strong> 36<br \/>\n&#8211; <strong>Color:<\/strong> Negro<br \/>\n&#8211; <strong>Fabricaci\u00f3n:<\/strong> EE.UU<\/p>\n<p>&nbsp;<\/p>\n<h2>Caracter\u00edsticas<\/h2>\n<p>&#8211; Calidad superior, resultados profesionales en todo momento.<br \/>\n&#8211; El fabricante garantiza que el producto no tiene defectos materiales.<br \/>\n&#8211; Dise\u00f1ado especialmente para conseguir impresiones uniformes y sin problemas con la impresora HP.<br \/>\n&#8211; Resultados de precisi\u00f3n, p\u00e1gina tras p\u00e1gina, para mantener su empresa funcionando perfectamente.<br \/>\n&#8211; Maximiza el impacto de los documentos cuando se imprima en colores vibrantes.<br \/>\n&#8211; Imprime gr\u00e1ficos e im\u00e1genes con calidad fotogr\u00e1fica gracias al t\u00f3ner que brinda un aspecto brillante<\/p>\n<p>&#8211; Cumple con el est\u00e1ndar de Conformidad Europea (CE).<br \/>\n&#8211; Producto con rendimiento conforme seg\u00fan norma ISO\/IEC 19752.<br \/>\n&#8211; Producto reciclable.<br \/>\n&#8211; Envoltorio reciclable.<\/p>\n<p>&nbsp;<\/p>\n<h3>Compatibilidad:<\/h3>\n<p>&#8211; HP LaserJet Pro P1102 \/ P1102w<br \/>\n&#8211; HP LaserJet Pro M1132 \/ M1212 \/ M1214 \/ M1217<\/p>\n<h3>Recomendaciones<\/h3>\n<p>&#8211; El embalaje de transporte debe mantenerse protegido de la lluvia y de la humedad.<br \/>\n&#8211; L\u00edmite de temperatura entre lo que debe almacenarse: l\u00edmites -20 a 40\u00b0C.<br \/>\n&#8211; Margen de temperaturas operativas 10 a 32,5\u00b0C.<br \/>\n&#8211; Intervalo de humedad en funcionamiento: de 20 a 80% HR.<br \/>\n&#8211; Humedad durante almacenamiento: 10 a 90% RH.<br \/>\n&#8211; El embalaje de expedici\u00f3n debe mantenerse en posici\u00f3n vertical.<br \/>\n&#8211; El embalaje de expedici\u00f3n no debe exponerse a la luz del sol.<br \/>\n&#8211; Mantener fuera del alcance de ni\u00f1os peque\u00f1os.<\/p>\n","protected":false},"excerpt":{"rendered":"<h2 class=\"mb-3\">Detalles del producto<\/h2>\n<div class=\"product-single-w3l\">\n<ul>\n<li class=\"mb-1\"><strong>C\u00f3digo:<\/strong> 0506-015075<\/li>\n<li class=\"mb-1\"><strong>C\u00f3digo Interno:<\/strong> TOHPW1470A<\/li>\n<li class=\"mb-1\"><strong>PartNumber:<\/strong> W1470A<\/li>\n<li class=\"mb-1\"><strong>Marca:<\/strong> HEWLETT PACKARD<\/li>\n<li class=\"mb-1\"><b>L\u00ednea:<\/b> SUMINISTROS<\/li>\n<li class=\"mb-1\"><b>Sublinea:<\/b> SUMINISTROS DE IMP. LASER<\/li>\n<li class=\"mb-1\"><b>Grupo:<\/b> TONERS PARA IMPRESORA<\/li>\n<li class=\"mb-1\"><strong>Color:<\/strong> Negro,<\/li>\n<li class=\"mb-1\"><strong>Compatibilidad:<\/strong> HP LaserJet Enterprise M610\/M611\/M612 series, HP LaserJet Enterprise MFP M634\/M635\/M636 series<\/li>\n<li class=\"mb-1\"><strong>Rendimiento:<\/strong> 10,500 p\u00e1ginas.<\/li>\n<\/ul>\n<\/div>\n","protected":false},"featured_media":1082,"comment_status":"open","ping_status":"closed","template":"","meta":{"advanced_seo_description":"","jetpack_seo_html_title":"","jetpack_seo_noindex":false,"_joinchat":[]},"pwb-brand":[69],"product_cat":[15,131],"product_tag":[],"jetpack_sharing_enabled":true,"brands":[{"id":69,"name":"HP","slug":"hp"}],"_links":{"self":[{"href":"https:\/\/corporaciongonza.com\/index.php\/wp-json\/wp\/v2\/product\/673"}],"collection":[{"href":"https:\/\/corporaciongonza.com\/index.php\/wp-json\/wp\/v2\/product"}],"about":[{"href":"https:\/\/corporaciongonza.com\/index.php\/wp-json\/wp\/v2\/types\/product"}],"replies":[{"embeddable":true,"href":"https:\/\/corporaciongonza.com\/index.php\/wp-json\/wp\/v2\/comments?post=673"}],"wp:featuredmedia":[{"embeddable":true,"href":"https:\/\/corporaciongonza.com\/index.php\/wp-json\/wp\/v2\/media\/1082"}],"wp:attachment":[{"href":"https:\/\/corporaciongonza.com\/index.php\/wp-json\/wp\/v2\/media?parent=673"}],"wp:term":[{"taxonomy":"pwb-brand","embeddable":true,"href":"https:\/\/corporaciongonza.com\/index.php\/wp-json\/wp\/v2\/pwb-brand?post=673"},{"taxonomy":"product_cat","embeddable":true,"href":"https:\/\/corporaciongonza.com\/index.php\/wp-json\/wp\/v2\/product_cat?post=673"},{"taxonomy":"product_tag","embeddable":true,"href":"https:\/\/corporaciongonza.com\/index.php\/wp-json\/wp\/v2\/product_tag?post=673"}],"curies":[{"name":"wp","href":"https:\/\/api.w.org\/{rel}","templated":true}]}}